{"id":865,"date":"2023-08-22T14:57:10","date_gmt":"2023-08-22T12:57:10","guid":{"rendered":"https:\/\/studio3d.se\/?page_id=865"},"modified":"2025-08-21T16:58:08","modified_gmt":"2025-08-21T14:58:08","slug":"katalog","status":"publish","type":"page","link":"https:\/\/studio3d.se\/no\/tjanster\/arkitektur\/grafiskt-material\/katalog\/","title":{"rendered":"Prospekt"},"content":{"rendered":"<div class=\"wp-block-cover alignfull is-light\"><span aria-hidden=\"true\" class=\"wp-block-cover__background has-background-dim-30 has-background-dim\" style=\"background-color:#aaa7a7\"><\/span><img decoding=\"async\" width=\"2000\" height=\"2000\" src=\"https:\/\/studio3d.se\/wp-content\/uploads\/2023\/08\/studio3d-arkitektur-tjanst-katalog-crop.jpg\" class=\"wp-block-cover__image-background wp-post-image\" alt=\"Prospekt\" data-object-fit=\"cover\" data-object-position=\"50% 66%\" style=\"object-position:50% 66%;\" srcset=\"https:\/\/studio3d.se\/wp-content\/uploads\/2023\/08\/studio3d-arkitektur-tjanst-katalog-crop.jpg 2000w, https:\/\/studio3d.se\/wp-content\/uploads\/2023\/08\/studio3d-arkitektur-tjanst-katalog-crop-768x768.jpg 768w, https:\/\/studio3d.se\/wp-content\/uploads\/2023\/08\/studio3d-arkitektur-tjanst-katalog-crop-1024x1024.jpg 1024w, https:\/\/studio3d.se\/wp-content\/uploads\/2023\/08\/studio3d-arkitektur-tjanst-katalog-crop-336x336.jpg 336w, https:\/\/studio3d.se\/wp-content\/uploads\/2023\/08\/studio3d-arkitektur-tjanst-katalog-crop-1536x1536.jpg 1536w, https:\/\/studio3d.se\/wp-content\/uploads\/2023\/08\/studio3d-arkitektur-tjanst-katalog-crop-1312x1312.jpg 1312w, https:\/\/studio3d.se\/wp-content\/uploads\/2023\/08\/studio3d-arkitektur-tjanst-katalog-crop-1610x1610.jpg 1610w, https:\/\/studio3d.se\/wp-content\/uploads\/2023\/08\/studio3d-arkitektur-tjanst-katalog-crop-832x832.jpg 832w\" sizes=\"(max-width: 2000px) 100vw, 2000px\" \/><div class=\"wp-block-cover__inner-container is-layout-flow wp-block-cover-is-layout-flow\">\n<h1 class=\"wp-block-heading has-text-align-center has-white-color has-text-color has-large-font-size\" id=\"katalog\">Prospekt<\/h1>\n<\/div><\/div>\n\n\n\n<div class=\"wp-block-group ghostkit-custom-1KFLA7\"><div class=\"wp-block-group__inner-container is-layout-constrained wp-block-group-is-layout-constrained\"><ol class=\"breadcrumbs\">\n            <li class=\"\"><a href=\"https:\/\/studio3d.se\/no\/\">Prospekt<\/a><\/li>\n    <\/ol>\n\n\n\n<div class=\"wp-block-group center ghostkit-custom-Z24HgRY\"><div class=\"wp-block-group__inner-container is-layout-constrained wp-block-group-is-layout-constrained\">\n<div style=\"height:50px\" aria-hidden=\"true\" class=\"wp-block-spacer\"><\/div>\n\n\n\n<h2 class=\"wp-block-heading has-text-align-center\">Gj\u00f8r prosjektet ditt minneverdig med en katalog<\/h2>\n\n\n\n<p class=\"has-text-align-center\">Akkurat som en <a href=\"https:\/\/studio3d.se\/no\/eiendom\/tjenester\/prosjektets-nettside\/\" data-type=\"page\" data-id=\"233\">prosjektets nettside<\/a> er salgsprosessens digitale hjem, kan en katalog v\u00e6re et luksuri\u00f8st supplement som fyller samme funksjon i fysisk form. Sammen med v\u00e5re andre tjenester som <a href=\"https:\/\/studio3d.se\/no\/eiendom\/tjenester\/visualisering\/\" data-type=\"page\" data-id=\"168\">3D-visualiseringer<\/a>, <a href=\"https:\/\/studio3d.se\/no\/eiendom\/tjenester\/grafisk-materiale\/grafisk-profil\/\" data-type=\"page\" data-id=\"861\">grafisk profil<\/a> og <a href=\"https:\/\/studio3d.se\/no\/eiendom\/tjenester\/faktaark-om-boliger\/\" data-type=\"page\" data-id=\"237\">plantegninger<\/a>har vi alle ingrediensene til \u00e5 sette sammen prosjektunike kataloger for deg.<\/p>\n\n\n\n<p class=\"has-text-align-center\">Katalog er et vidt produktbegrep som kan bety litt mer moderate dokumenter for hele nybyggprosjekter, eller mindre brosjyrer for enkeltboliger. Uansett hva du har behov for, kan vi skape unike l\u00f8sninger for deg som er i tr\u00e5d med ditt \u00f8vrige salgsmateriell.<\/p>\n<\/div><\/div>\n<\/div><\/div>\n\n\n<section class=\"portfolio-snippet\">\n                        <h2>Portef\u00f8ljeprosjekt med produktet<\/h2>\n                        <div class=\"portfolio-snippet-gallery\">\n                            <article class=\"gallery-item\" aria-label=\"Brokvarns All\u00e9 - Nykvarn\" data-id=\"5276\">\n                    <a href=\"https:\/\/studio3d.se\/no\/portfolio\/brokvarns-alle-nykvarn\/\">\n                        <img decoding=\"async\" width=\"2500\" height=\"1767\" src=\"https:\/\/studio3d.se\/wp-content\/uploads\/2026\/03\/visualisering_brokvarns_alle_ext1.jpg\" class=\"attachment-5276 size-5276 wp-post-image\" alt=\"Utvendig visualisering i Nykvarn\" srcset=\"https:\/\/studio3d.se\/wp-content\/uploads\/2026\/03\/visualisering_brokvarns_alle_ext1.jpg 2500w, https:\/\/studio3d.se\/wp-content\/uploads\/2026\/03\/visualisering_brokvarns_alle_ext1-768x543.jpg 768w, https:\/\/studio3d.se\/wp-content\/uploads\/2026\/03\/visualisering_brokvarns_alle_ext1-1024x724.jpg 1024w, https:\/\/studio3d.se\/wp-content\/uploads\/2026\/03\/visualisering_brokvarns_alle_ext1-336x237.jpg 336w, https:\/\/studio3d.se\/wp-content\/uploads\/2026\/03\/visualisering_brokvarns_alle_ext1-1536x1086.jpg 1536w, https:\/\/studio3d.se\/wp-content\/uploads\/2026\/03\/visualisering_brokvarns_alle_ext1-2048x1448.jpg 2048w, https:\/\/studio3d.se\/wp-content\/uploads\/2026\/03\/visualisering_brokvarns_alle_ext1-18x12.jpg 18w, https:\/\/studio3d.se\/wp-content\/uploads\/2026\/03\/visualisering_brokvarns_alle_ext1-1312x927.jpg 1312w, https:\/\/studio3d.se\/wp-content\/uploads\/2026\/03\/visualisering_brokvarns_alle_ext1-1610x1138.jpg 1610w, https:\/\/studio3d.se\/wp-content\/uploads\/2026\/03\/visualisering_brokvarns_alle_ext1-1177x832.jpg 1177w\" sizes=\"(max-width: 2500px) 100vw, 2500px\" \/>                        <h3>Brokvarns All\u00e9 - Nykvarn<\/h3>\n                    <\/a>\n                <\/article>\n                            <article class=\"gallery-item\" aria-label=\"L\u00e4mmeln - Hemavan\" data-id=\"5258\">\n                    <a href=\"https:\/\/studio3d.se\/no\/portfolio\/lammeln-hemavan\/\">\n                        <img decoding=\"async\" width=\"2500\" height=\"1767\" src=\"https:\/\/studio3d.se\/wp-content\/uploads\/2026\/03\/visualisering_lammeln-hemavan_gatuvy_2_m.jpg\" class=\"attachment-5258 size-5258 wp-post-image\" alt=\"Visualisering av eksteri\u00f8ret til et leilighetsbygg i Hemavan\" srcset=\"https:\/\/studio3d.se\/wp-content\/uploads\/2026\/03\/visualisering_lammeln-hemavan_gatuvy_2_m.jpg 2500w, https:\/\/studio3d.se\/wp-content\/uploads\/2026\/03\/visualisering_lammeln-hemavan_gatuvy_2_m-768x543.jpg 768w, https:\/\/studio3d.se\/wp-content\/uploads\/2026\/03\/visualisering_lammeln-hemavan_gatuvy_2_m-1024x724.jpg 1024w, https:\/\/studio3d.se\/wp-content\/uploads\/2026\/03\/visualisering_lammeln-hemavan_gatuvy_2_m-336x237.jpg 336w, https:\/\/studio3d.se\/wp-content\/uploads\/2026\/03\/visualisering_lammeln-hemavan_gatuvy_2_m-1536x1086.jpg 1536w, https:\/\/studio3d.se\/wp-content\/uploads\/2026\/03\/visualisering_lammeln-hemavan_gatuvy_2_m-2048x1448.jpg 2048w, https:\/\/studio3d.se\/wp-content\/uploads\/2026\/03\/visualisering_lammeln-hemavan_gatuvy_2_m-18x12.jpg 18w, https:\/\/studio3d.se\/wp-content\/uploads\/2026\/03\/visualisering_lammeln-hemavan_gatuvy_2_m-1312x927.jpg 1312w, https:\/\/studio3d.se\/wp-content\/uploads\/2026\/03\/visualisering_lammeln-hemavan_gatuvy_2_m-1610x1138.jpg 1610w, https:\/\/studio3d.se\/wp-content\/uploads\/2026\/03\/visualisering_lammeln-hemavan_gatuvy_2_m-1177x832.jpg 1177w\" sizes=\"(max-width: 2500px) 100vw, 2500px\" \/>                        <h3>L\u00e4mmeln - Hemavan<\/h3>\n                    <\/a>\n                <\/article>\n                            <article class=\"gallery-item\" aria-label=\"Sj\u00f6glimten - Alfta\" data-id=\"5119\">\n                    <a href=\"https:\/\/studio3d.se\/no\/portfolio\/sjoglimten-alfta\/\">\n                        <img decoding=\"async\" width=\"2500\" height=\"1766\" src=\"https:\/\/studio3d.se\/wp-content\/uploads\/2025\/09\/visualisering_sjoglimten_ext_2.jpg\" class=\"attachment-5119 size-5119 wp-post-image\" alt=\"Utvendig visualisering av villaer i skogsmilj\u00f8\" srcset=\"https:\/\/studio3d.se\/wp-content\/uploads\/2025\/09\/visualisering_sjoglimten_ext_2.jpg 2500w, https:\/\/studio3d.se\/wp-content\/uploads\/2025\/09\/visualisering_sjoglimten_ext_2-768x543.jpg 768w, https:\/\/studio3d.se\/wp-content\/uploads\/2025\/09\/visualisering_sjoglimten_ext_2-1024x723.jpg 1024w, https:\/\/studio3d.se\/wp-content\/uploads\/2025\/09\/visualisering_sjoglimten_ext_2-336x237.jpg 336w, https:\/\/studio3d.se\/wp-content\/uploads\/2025\/09\/visualisering_sjoglimten_ext_2-1536x1085.jpg 1536w, https:\/\/studio3d.se\/wp-content\/uploads\/2025\/09\/visualisering_sjoglimten_ext_2-2048x1447.jpg 2048w, https:\/\/studio3d.se\/wp-content\/uploads\/2025\/09\/visualisering_sjoglimten_ext_2-18x12.jpg 18w, https:\/\/studio3d.se\/wp-content\/uploads\/2025\/09\/visualisering_sjoglimten_ext_2-1312x927.jpg 1312w, https:\/\/studio3d.se\/wp-content\/uploads\/2025\/09\/visualisering_sjoglimten_ext_2-1610x1137.jpg 1610w, https:\/\/studio3d.se\/wp-content\/uploads\/2025\/09\/visualisering_sjoglimten_ext_2-1178x832.jpg 1178w\" sizes=\"(max-width: 2500px) 100vw, 2500px\" \/>                        <h3>Sj\u00f6glimten - Alfta<\/h3>\n                    <\/a>\n                <\/article>\n                            <article class=\"gallery-item\" aria-label=\"Brf Lyck\u00f8 - Rydeb\u00e4ck\" data-id=\"5216\">\n                    <a href=\"https:\/\/studio3d.se\/no\/portfolio\/brf-lycko-rydeback\/\">\n                        <img decoding=\"async\" width=\"2560\" height=\"1809\" src=\"https:\/\/studio3d.se\/wp-content\/uploads\/2026\/03\/visualisering_bonum_brf-lycko_rydeback_ext1_final-scaled.jpg\" class=\"attachment-5216 size-5216 wp-post-image\" alt=\"Visualisering av eksteri\u00f8r p\u00e5 boligblokk i Rydeb\u00e4ck\" srcset=\"https:\/\/studio3d.se\/wp-content\/uploads\/2026\/03\/visualisering_bonum_brf-lycko_rydeback_ext1_final-scaled.jpg 2560w, https:\/\/studio3d.se\/wp-content\/uploads\/2026\/03\/visualisering_bonum_brf-lycko_rydeback_ext1_final-768x543.jpg 768w, https:\/\/studio3d.se\/wp-content\/uploads\/2026\/03\/visualisering_bonum_brf-lycko_rydeback_ext1_final-1024x724.jpg 1024w, https:\/\/studio3d.se\/wp-content\/uploads\/2026\/03\/visualisering_bonum_brf-lycko_rydeback_ext1_final-336x237.jpg 336w, https:\/\/studio3d.se\/wp-content\/uploads\/2026\/03\/visualisering_bonum_brf-lycko_rydeback_ext1_final-1536x1086.jpg 1536w, https:\/\/studio3d.se\/wp-content\/uploads\/2026\/03\/visualisering_bonum_brf-lycko_rydeback_ext1_final-2048x1447.jpg 2048w, https:\/\/studio3d.se\/wp-content\/uploads\/2026\/03\/visualisering_bonum_brf-lycko_rydeback_ext1_final-18x12.jpg 18w, https:\/\/studio3d.se\/wp-content\/uploads\/2026\/03\/visualisering_bonum_brf-lycko_rydeback_ext1_final-1312x927.jpg 1312w, https:\/\/studio3d.se\/wp-content\/uploads\/2026\/03\/visualisering_bonum_brf-lycko_rydeback_ext1_final-1610x1138.jpg 1610w, https:\/\/studio3d.se\/wp-content\/uploads\/2026\/03\/visualisering_bonum_brf-lycko_rydeback_ext1_final-1177x832.jpg 1177w\" sizes=\"(max-width: 2560px) 100vw, 2560px\" \/>                        <h3>Brf Lyck\u00f8 - Rydeb\u00e4ck<\/h3>\n                    <\/a>\n                <\/article>\n                    \n        <\/div>\n        <div style=\"display:flex;gap:16px;align-items:center;\">\n        <a href=\"https:\/\/studio3d.se\/no\/portfolio\/?primary=arkitektur\" class=\"button-link\">Portef\u00f8lje<\/a>\n             <\/div>\n<\/section>","protected":false},"excerpt":{"rendered":"<p>I dagens digitale verden er det f\u00e5 ting som f\u00f8les s\u00e5 luksuri\u00f8st som en virkelig velprodusert katalog. Hvis prosjektet ditt inneb\u00e6rer mange personlige m\u00f8ter, kan en fin og informativ katalog v\u00e6re det perfekte salgsverkt\u00f8yet som interessentene kan ta med seg hjem.<\/p>","protected":false},"author":4,"featured_media":1207,"parent":235,"menu_order":2,"comment_status":"closed","ping_status":"closed","template":"","meta":{"_acf_changed":false,"inline_featured_image":false,"ghostkit_customizer_options":"","ghostkit_custom_css":"","ghostkit_custom_js_head":"","ghostkit_custom_js_foot":"","ghostkit_typography":"","footnotes":""},"class_list":["post-865","page","type-page","status-publish","has-post-thumbnail","hentry"],"acf":[],"_links":{"self":[{"href":"https:\/\/studio3d.se\/no\/wp-json\/wp\/v2\/pages\/865","targetHints":{"allow":["GET"]}}],"collection":[{"href":"https:\/\/studio3d.se\/no\/wp-json\/wp\/v2\/pages"}],"about":[{"href":"https:\/\/studio3d.se\/no\/wp-json\/wp\/v2\/types\/page"}],"author":[{"embeddable":true,"href":"https:\/\/studio3d.se\/no\/wp-json\/wp\/v2\/users\/4"}],"replies":[{"embeddable":true,"href":"https:\/\/studio3d.se\/no\/wp-json\/wp\/v2\/comments?post=865"}],"version-history":[{"count":2,"href":"https:\/\/studio3d.se\/no\/wp-json\/wp\/v2\/pages\/865\/revisions"}],"predecessor-version":[{"id":5032,"href":"https:\/\/studio3d.se\/no\/wp-json\/wp\/v2\/pages\/865\/revisions\/5032"}],"up":[{"embeddable":true,"href":"https:\/\/studio3d.se\/no\/wp-json\/wp\/v2\/pages\/235"}],"wp:featuredmedia":[{"embeddable":true,"href":"https:\/\/studio3d.se\/no\/wp-json\/wp\/v2\/media\/1207"}],"wp:attachment":[{"href":"https:\/\/studio3d.se\/no\/wp-json\/wp\/v2\/media?parent=865"}],"curies":[{"name":"wp","href":"https:\/\/api.w.org\/{rel}","templated":true}]}}