{"id":861,"date":"2023-08-22T14:56:13","date_gmt":"2023-08-22T12:56:13","guid":{"rendered":"https:\/\/studio3d.se\/?page_id=861"},"modified":"2025-08-21T16:18:20","modified_gmt":"2025-08-21T14:18:20","slug":"grafisk-profil","status":"publish","type":"page","link":"https:\/\/studio3d.se\/no\/tjanster\/arkitektur\/grafiskt-material\/grafisk-profil\/","title":{"rendered":"Grafisk profil"},"content":{"rendered":"<div class=\"wp-block-cover alignfull is-light\"><span aria-hidden=\"true\" class=\"wp-block-cover__background has-background-dim-30 has-background-dim\" style=\"background-color:#dcd8d5\"><\/span><img decoding=\"async\" width=\"2560\" height=\"1917\" src=\"https:\/\/studio3d.se\/wp-content\/uploads\/2023\/08\/studio3d-arkitektur-tjanst-grafiskprofil-scaled.jpg\" class=\"wp-block-cover__image-background wp-post-image\" alt=\"Grafisk profil\" data-object-fit=\"cover\" srcset=\"https:\/\/studio3d.se\/wp-content\/uploads\/2023\/08\/studio3d-arkitektur-tjanst-grafiskprofil-scaled.jpg 2560w, https:\/\/studio3d.se\/wp-content\/uploads\/2023\/08\/studio3d-arkitektur-tjanst-grafiskprofil-768x575.jpg 768w, https:\/\/studio3d.se\/wp-content\/uploads\/2023\/08\/studio3d-arkitektur-tjanst-grafiskprofil-1024x767.jpg 1024w, https:\/\/studio3d.se\/wp-content\/uploads\/2023\/08\/studio3d-arkitektur-tjanst-grafiskprofil-336x252.jpg 336w, https:\/\/studio3d.se\/wp-content\/uploads\/2023\/08\/studio3d-arkitektur-tjanst-grafiskprofil-1536x1150.jpg 1536w, https:\/\/studio3d.se\/wp-content\/uploads\/2023\/08\/studio3d-arkitektur-tjanst-grafiskprofil-2048x1533.jpg 2048w, https:\/\/studio3d.se\/wp-content\/uploads\/2023\/08\/studio3d-arkitektur-tjanst-grafiskprofil-1312x982.jpg 1312w, https:\/\/studio3d.se\/wp-content\/uploads\/2023\/08\/studio3d-arkitektur-tjanst-grafiskprofil-1610x1205.jpg 1610w, https:\/\/studio3d.se\/wp-content\/uploads\/2023\/08\/studio3d-arkitektur-tjanst-grafiskprofil-1111x832.jpg 1111w\" sizes=\"(max-width: 2560px) 100vw, 2560px\" \/><div class=\"wp-block-cover__inner-container is-layout-flow wp-block-cover-is-layout-flow\">\n<h1 class=\"wp-block-heading has-text-align-center has-white-color has-text-color has-large-font-size\" id=\"grafisk-profil\">Grafisk profil<\/h1>\n<\/div><\/div>\n\n\n\n<div class=\"wp-block-group ghostkit-custom-1KFLA7\"><div class=\"wp-block-group__inner-container is-layout-constrained wp-block-group-is-layout-constrained\"><ol class=\"breadcrumbs\">\n            <li class=\"\"><a href=\"https:\/\/studio3d.se\/no\/\">Grafisk profil<\/a><\/li>\n    <\/ol>\n\n\n\n<div class=\"wp-block-group center ghostkit-custom-Z24HgRY\"><div class=\"wp-block-group__inner-container is-layout-constrained wp-block-group-is-layout-constrained\">\n<div style=\"height:50px\" aria-hidden=\"true\" class=\"wp-block-spacer\"><\/div>\n\n\n\n<h2 class=\"wp-block-heading has-text-align-center\">R\u00f8d tr\u00e5d med grafisk profil<\/h2>\n\n\n\n<p class=\"has-text-align-center\">Med en grafisk profil skaper vi sjelen og essensen i ditt nybyggprosjekt. V\u00e5re interne grafiske designere tar utgangspunkt i dine \u00f8nsker og visjoner for prosjektet, sammen med en analyse av materialvalg og arkitektur, for \u00e5 skape en unik profil for ditt prosjekt. Denne danner s\u00e5 grunnlaget for alle ledd i v\u00e5r produksjon og gjennomsyrer <a href=\"https:\/\/studio3d.se\/no\/eiendom\/tjenester\/visualisering\/\" data-type=\"page\" data-id=\"168\">3D-visualiseringer<\/a>, <a href=\"https:\/\/studio3d.se\/no\/eiendom\/tjenester\/faktaark-om-boliger\/\" data-type=\"page\" data-id=\"237\">plantegninger<\/a>, <a href=\"https:\/\/studio3d.se\/no\/eiendom\/tjenester\/grafisk-materiale\/katalog\/\" data-type=\"page\" data-id=\"865\">kataloger<\/a> og <a href=\"https:\/\/studio3d.se\/no\/eiendom\/tjenester\/prosjektets-nettside\/\" data-type=\"page\" data-id=\"233\">prosjektnettsteder<\/a>.<\/p>\n\n\n\n<p class=\"has-text-align-center\">Med effektiv produksjon og en slank organisasjon kan vi produsere en virkelig priseffektiv profil som bare inneholder det viktigste for prosjektet ditt.<\/p>\n<\/div><\/div>\n<\/div><\/div>\n\n\n\n<figure class=\"wp-block-image size-full\"><img decoding=\"async\" width=\"2500\" height=\"1591\" src=\"https:\/\/studio3d.se\/wp-content\/uploads\/2023\/10\/studio3d-molnstigen-grafisk-profil.png\" alt=\"Grafisk profil for Brf Molnstigen\" class=\"wp-image-1834\" srcset=\"https:\/\/studio3d.se\/wp-content\/uploads\/2023\/10\/studio3d-molnstigen-grafisk-profil.png 2500w, https:\/\/studio3d.se\/wp-content\/uploads\/2023\/10\/studio3d-molnstigen-grafisk-profil-768x489.png 768w, https:\/\/studio3d.se\/wp-content\/uploads\/2023\/10\/studio3d-molnstigen-grafisk-profil-1024x652.png 1024w, https:\/\/studio3d.se\/wp-content\/uploads\/2023\/10\/studio3d-molnstigen-grafisk-profil-336x214.png 336w, https:\/\/studio3d.se\/wp-content\/uploads\/2023\/10\/studio3d-molnstigen-grafisk-profil-1536x978.png 1536w, https:\/\/studio3d.se\/wp-content\/uploads\/2023\/10\/studio3d-molnstigen-grafisk-profil-2048x1303.png 2048w, https:\/\/studio3d.se\/wp-content\/uploads\/2023\/10\/studio3d-molnstigen-grafisk-profil-1312x835.png 1312w, https:\/\/studio3d.se\/wp-content\/uploads\/2023\/10\/studio3d-molnstigen-grafisk-profil-1610x1025.png 1610w, https:\/\/studio3d.se\/wp-content\/uploads\/2023\/10\/studio3d-molnstigen-grafisk-profil-1307x832.png 1307w\" sizes=\"(max-width: 2500px) 100vw, 2500px\" \/><\/figure>\n\n\n\n<div class=\"wp-block-group ghostkit-custom-ZBo2fx\"><div class=\"wp-block-group__inner-container is-layout-constrained wp-block-group-is-layout-constrained\">\n<div style=\"height:75px\" aria-hidden=\"true\" class=\"wp-block-spacer\"><\/div>\n\n\n\n<h2 class=\"wp-block-heading has-text-align-center\">Hvorfor Studio3D?<\/h2>\n\n\n\n<div style=\"height:50px\" aria-hidden=\"true\" class=\"wp-block-spacer\"><\/div>\n\n\n\n<h3 class=\"wp-block-heading has-text-align-center\">Harmonisert<\/h3>\n\n\n\n<div class=\"wp-block-group center ghostkit-custom-Z1HkJLi\"><div class=\"wp-block-group__inner-container is-layout-constrained wp-block-group-is-layout-constrained\">\n<p class=\"has-text-align-center ghostkit-custom-23BuXG\">N\u00e5r vi jobber med boligprosjekter, har vi en helhetlig tiln\u00e6rming til produksjonen, og den profilen vi utvikler, vil gjennomsyre hele produksjonen. Dette resulterer i at alle deler av leveransen din, det v\u00e6re seg <a href=\"https:\/\/studio3d.se\/no\/tjenester\/eiendom\/3d-visualisering\/\" data-type=\"page\" data-id=\"168\">visualiseringer<\/a>, <a href=\"https:\/\/studio3d.se\/no\/tjenester\/eiendom\/prosjektets-nettside\/\" data-type=\"page\" data-id=\"233\">prosjektets nettside<\/a>, <a href=\"https:\/\/studio3d.se\/no\/tjenester\/eiendom\/boligvelger\/\" data-type=\"page\" data-id=\"223\">boligvelgere<\/a>, <a href=\"https:\/\/studio3d.se\/no\/tjenester\/eiendom\/grafisk-materiale\/katalog\/\" data-type=\"page\" data-id=\"865\">Katalog<\/a> eller noen av v\u00e5re andre <a href=\"https:\/\/studio3d.se\/no\/tjenester\/eiendom\/\" data-type=\"page\" data-id=\"4431\">tjenester<\/a>, holder en r\u00f8d tr\u00e5d.<\/p>\n<\/div><\/div>\n\n\n\n<h3 class=\"wp-block-heading has-text-align-center\">Effektivt<\/h3>\n\n\n\n<p class=\"has-text-align-center ghostkit-custom-2st8g9\">Vi er upretensi\u00f8se og resultatorienterte. Vi har erfarne grafiske designere som produserer prosjektprofiler effektivt og raskt, noe som gj\u00f8r at vi kan tilby et mye bedre resultat per prosent sammenlignet med st\u00f8rre og mer tungrodde byr\u00e5er.<\/p>\n<\/div><\/div>\n\n\n\n<div style=\"height:50px\" aria-hidden=\"true\" class=\"wp-block-spacer\"><\/div>\n\n\n<section class=\"portfolio-snippet\">\n                        <h2>Portef\u00f8ljeprosjekt med grafisk profil<\/h2>\n                        <div class=\"portfolio-snippet-gallery\">\n                            <article class=\"gallery-item\" aria-label=\"Havsfrun - Nyn\u00e4shamn\" data-id=\"3238\">\n                    <a href=\"https:\/\/studio3d.se\/no\/portfolio\/havsfrun-nynashamn\/\">\n                        <img decoding=\"async\" width=\"2500\" height=\"1569\" src=\"https:\/\/studio3d.se\/wp-content\/uploads\/2024\/08\/visualisering-drabanten19-exterior-3.jpg\" class=\"attachment-3238 size-3238 wp-post-image\" alt=\"Visualisering av Nyn\u00e4shamns eksteri\u00f8r\" srcset=\"https:\/\/studio3d.se\/wp-content\/uploads\/2024\/08\/visualisering-drabanten19-exterior-3.jpg 2500w, https:\/\/studio3d.se\/wp-content\/uploads\/2024\/08\/visualisering-drabanten19-exterior-3-768x482.jpg 768w, https:\/\/studio3d.se\/wp-content\/uploads\/2024\/08\/visualisering-drabanten19-exterior-3-1024x643.jpg 1024w, https:\/\/studio3d.se\/wp-content\/uploads\/2024\/08\/visualisering-drabanten19-exterior-3-336x211.jpg 336w, https:\/\/studio3d.se\/wp-content\/uploads\/2024\/08\/visualisering-drabanten19-exterior-3-1536x964.jpg 1536w, https:\/\/studio3d.se\/wp-content\/uploads\/2024\/08\/visualisering-drabanten19-exterior-3-2048x1285.jpg 2048w, https:\/\/studio3d.se\/wp-content\/uploads\/2024\/08\/visualisering-drabanten19-exterior-3-18x12.jpg 18w, https:\/\/studio3d.se\/wp-content\/uploads\/2024\/08\/visualisering-drabanten19-exterior-3-1312x823.jpg 1312w, https:\/\/studio3d.se\/wp-content\/uploads\/2024\/08\/visualisering-drabanten19-exterior-3-1610x1010.jpg 1610w, https:\/\/studio3d.se\/wp-content\/uploads\/2024\/08\/visualisering-drabanten19-exterior-3-1326x832.jpg 1326w\" sizes=\"(max-width: 2500px) 100vw, 2500px\" \/>                        <h3>Havsfrun - Nyn\u00e4shamn<\/h3>\n                    <\/a>\n                <\/article>\n                            <article class=\"gallery-item\" aria-label=\"Shizukana - Salt Lake Boo\" data-id=\"3112\">\n                    <a href=\"https:\/\/studio3d.se\/no\/portfolio\/shizukana-saltsjo-boo\/\">\n                        <img decoding=\"async\" width=\"2500\" height=\"1406\" src=\"https:\/\/studio3d.se\/wp-content\/uploads\/2024\/08\/visualisering-shizukana-exterior-balkong.jpg\" class=\"attachment-3112 size-3112 wp-post-image\" alt=\"Visualisering av utsikten fra balkongen\" srcset=\"https:\/\/studio3d.se\/wp-content\/uploads\/2024\/08\/visualisering-shizukana-exterior-balkong.jpg 2500w, https:\/\/studio3d.se\/wp-content\/uploads\/2024\/08\/visualisering-shizukana-exterior-balkong-768x432.jpg 768w, https:\/\/studio3d.se\/wp-content\/uploads\/2024\/08\/visualisering-shizukana-exterior-balkong-1024x576.jpg 1024w, https:\/\/studio3d.se\/wp-content\/uploads\/2024\/08\/visualisering-shizukana-exterior-balkong-336x189.jpg 336w, https:\/\/studio3d.se\/wp-content\/uploads\/2024\/08\/visualisering-shizukana-exterior-balkong-1536x864.jpg 1536w, https:\/\/studio3d.se\/wp-content\/uploads\/2024\/08\/visualisering-shizukana-exterior-balkong-2048x1152.jpg 2048w, https:\/\/studio3d.se\/wp-content\/uploads\/2024\/08\/visualisering-shizukana-exterior-balkong-18x10.jpg 18w, https:\/\/studio3d.se\/wp-content\/uploads\/2024\/08\/visualisering-shizukana-exterior-balkong-1312x738.jpg 1312w, https:\/\/studio3d.se\/wp-content\/uploads\/2024\/08\/visualisering-shizukana-exterior-balkong-1610x905.jpg 1610w, https:\/\/studio3d.se\/wp-content\/uploads\/2024\/08\/visualisering-shizukana-exterior-balkong-1479x832.jpg 1479w\" sizes=\"(max-width: 2500px) 100vw, 2500px\" \/>                        <h3>Shizukana - Salt Lake Boo<\/h3>\n                    <\/a>\n                <\/article>\n                            <article class=\"gallery-item\" aria-label=\"Studio Kultur - Malm\u00f6\" data-id=\"2762\">\n                    <a href=\"https:\/\/studio3d.se\/no\/portfolio\/studio-kultur-malmo\/\">\n                        <img decoding=\"async\" width=\"2500\" height=\"1769\" src=\"https:\/\/studio3d.se\/wp-content\/uploads\/2024\/07\/studio3d_studio-kultur_gatuvy.jpg\" class=\"attachment-2762 size-2762 wp-post-image\" alt=\"Utvendig 3D-visualisering av en sentralt beliggende byg\u00e5rd i Malm\u00f6\" srcset=\"https:\/\/studio3d.se\/wp-content\/uploads\/2024\/07\/studio3d_studio-kultur_gatuvy.jpg 2500w, https:\/\/studio3d.se\/wp-content\/uploads\/2024\/07\/studio3d_studio-kultur_gatuvy-768x543.jpg 768w, https:\/\/studio3d.se\/wp-content\/uploads\/2024\/07\/studio3d_studio-kultur_gatuvy-1024x725.jpg 1024w, https:\/\/studio3d.se\/wp-content\/uploads\/2024\/07\/studio3d_studio-kultur_gatuvy-336x238.jpg 336w, https:\/\/studio3d.se\/wp-content\/uploads\/2024\/07\/studio3d_studio-kultur_gatuvy-1536x1087.jpg 1536w, https:\/\/studio3d.se\/wp-content\/uploads\/2024\/07\/studio3d_studio-kultur_gatuvy-2048x1449.jpg 2048w, https:\/\/studio3d.se\/wp-content\/uploads\/2024\/07\/studio3d_studio-kultur_gatuvy-18x12.jpg 18w, https:\/\/studio3d.se\/wp-content\/uploads\/2024\/07\/studio3d_studio-kultur_gatuvy-1312x928.jpg 1312w, https:\/\/studio3d.se\/wp-content\/uploads\/2024\/07\/studio3d_studio-kultur_gatuvy-1610x1139.jpg 1610w, https:\/\/studio3d.se\/wp-content\/uploads\/2024\/07\/studio3d_studio-kultur_gatuvy-1176x832.jpg 1176w\" sizes=\"(max-width: 2500px) 100vw, 2500px\" \/>                        <h3>Studio Kultur - Malm\u00f6<\/h3>\n                    <\/a>\n                <\/article>\n                            <article class=\"gallery-item\" aria-label=\"Molnstigen - Sollentuna\" data-id=\"1830\">\n                    <a href=\"https:\/\/studio3d.se\/no\/portfolio\/molnstigen-sollentuna\/\">\n                        <img decoding=\"async\" width=\"2500\" height=\"1875\" src=\"https:\/\/studio3d.se\/wp-content\/uploads\/2023\/10\/visualisering-molnstigen-detaljvisualisering_2-min.jpg\" class=\"attachment-1830 size-1830 wp-post-image\" alt=\"Detaljert visualisering av et soverom fra en tomannsbolig i Sollentuna.\" srcset=\"https:\/\/studio3d.se\/wp-content\/uploads\/2023\/10\/visualisering-molnstigen-detaljvisualisering_2-min.jpg 2500w, https:\/\/studio3d.se\/wp-content\/uploads\/2023\/10\/visualisering-molnstigen-detaljvisualisering_2-min-768x576.jpg 768w, https:\/\/studio3d.se\/wp-content\/uploads\/2023\/10\/visualisering-molnstigen-detaljvisualisering_2-min-1024x768.jpg 1024w, https:\/\/studio3d.se\/wp-content\/uploads\/2023\/10\/visualisering-molnstigen-detaljvisualisering_2-min-336x252.jpg 336w, https:\/\/studio3d.se\/wp-content\/uploads\/2023\/10\/visualisering-molnstigen-detaljvisualisering_2-min-1536x1152.jpg 1536w, https:\/\/studio3d.se\/wp-content\/uploads\/2023\/10\/visualisering-molnstigen-detaljvisualisering_2-min-2048x1536.jpg 2048w, https:\/\/studio3d.se\/wp-content\/uploads\/2023\/10\/visualisering-molnstigen-detaljvisualisering_2-min-1312x984.jpg 1312w, https:\/\/studio3d.se\/wp-content\/uploads\/2023\/10\/visualisering-molnstigen-detaljvisualisering_2-min-1610x1208.jpg 1610w, https:\/\/studio3d.se\/wp-content\/uploads\/2023\/10\/visualisering-molnstigen-detaljvisualisering_2-min-1109x832.jpg 1109w\" sizes=\"(max-width: 2500px) 100vw, 2500px\" \/>                        <h3>Molnstigen - Sollentuna<\/h3>\n                    <\/a>\n                <\/article>\n                    \n        <\/div>\n        <div style=\"display:flex;gap:16px;align-items:center;\">\n        <a href=\"https:\/\/studio3d.se\/no\/portfolio\/?primary=arkitektur\" class=\"button-link\">Portef\u00f8lje<\/a>\n             <\/div>\n<\/section>","protected":false},"excerpt":{"rendered":"<p>Vi har egne grafisk designere som effektivt utvikler grafiske profiler for prosjektet ditt. Dette gjenspeiler alt fra interi\u00f8rdesign og belysning i visualiseringer til logoer, farger og skrifttyper p\u00e5 prosjektnettsiden, plantegninger og kataloger.<\/p>","protected":false},"author":4,"featured_media":1131,"parent":235,"menu_order":1,"comment_status":"closed","ping_status":"closed","template":"","meta":{"_acf_changed":false,"inline_featured_image":false,"ghostkit_customizer_options":"","ghostkit_custom_css":"","ghostkit_custom_js_head":"","ghostkit_custom_js_foot":"","ghostkit_typography":"","footnotes":""},"class_list":["post-861","page","type-page","status-publish","has-post-thumbnail","hentry"],"acf":[],"_links":{"self":[{"href":"https:\/\/studio3d.se\/no\/wp-json\/wp\/v2\/pages\/861","targetHints":{"allow":["GET"]}}],"collection":[{"href":"https:\/\/studio3d.se\/no\/wp-json\/wp\/v2\/pages"}],"about":[{"href":"https:\/\/studio3d.se\/no\/wp-json\/wp\/v2\/types\/page"}],"author":[{"embeddable":true,"href":"https:\/\/studio3d.se\/no\/wp-json\/wp\/v2\/users\/4"}],"replies":[{"embeddable":true,"href":"https:\/\/studio3d.se\/no\/wp-json\/wp\/v2\/comments?post=861"}],"version-history":[{"count":6,"href":"https:\/\/studio3d.se\/no\/wp-json\/wp\/v2\/pages\/861\/revisions"}],"predecessor-version":[{"id":5029,"href":"https:\/\/studio3d.se\/no\/wp-json\/wp\/v2\/pages\/861\/revisions\/5029"}],"up":[{"embeddable":true,"href":"https:\/\/studio3d.se\/no\/wp-json\/wp\/v2\/pages\/235"}],"wp:featuredmedia":[{"embeddable":true,"href":"https:\/\/studio3d.se\/no\/wp-json\/wp\/v2\/media\/1131"}],"wp:attachment":[{"href":"https:\/\/studio3d.se\/no\/wp-json\/wp\/v2\/media?parent=861"}],"curies":[{"name":"wp","href":"https:\/\/api.w.org\/{rel}","templated":true}]}}