{"id":829,"date":"2023-08-22T13:40:03","date_gmt":"2023-08-22T11:40:03","guid":{"rendered":"https:\/\/studio3d.se\/?page_id=829"},"modified":"2025-08-21T15:40:48","modified_gmt":"2025-08-21T13:40:48","slug":"2d-sirkulaer-spasertur","status":"publish","type":"page","link":"https:\/\/studio3d.se\/no\/tjanster\/arkitektur\/3d-visualisering\/2d-rundvandring\/","title":{"rendered":"2D Visning"},"content":{"rendered":"<div class=\"wp-block-cover alignfull\"><span aria-hidden=\"true\" class=\"wp-block-cover__background has-background-dim-30 has-background-dim\" style=\"background-color:#6f6d5d\"><\/span><img decoding=\"async\" width=\"2000\" height=\"2000\" src=\"https:\/\/studio3d.se\/wp-content\/uploads\/2023\/08\/studio3d-arkitektur-tjanst-2drundvandring-crop.jpg\" class=\"wp-block-cover__image-background wp-post-image\" alt=\"2D Visning\" data-object-fit=\"cover\" srcset=\"https:\/\/studio3d.se\/wp-content\/uploads\/2023\/08\/studio3d-arkitektur-tjanst-2drundvandring-crop.jpg 2000w, https:\/\/studio3d.se\/wp-content\/uploads\/2023\/08\/studio3d-arkitektur-tjanst-2drundvandring-crop-768x768.jpg 768w, https:\/\/studio3d.se\/wp-content\/uploads\/2023\/08\/studio3d-arkitektur-tjanst-2drundvandring-crop-1024x1024.jpg 1024w, https:\/\/studio3d.se\/wp-content\/uploads\/2023\/08\/studio3d-arkitektur-tjanst-2drundvandring-crop-336x336.jpg 336w, https:\/\/studio3d.se\/wp-content\/uploads\/2023\/08\/studio3d-arkitektur-tjanst-2drundvandring-crop-1536x1536.jpg 1536w, https:\/\/studio3d.se\/wp-content\/uploads\/2023\/08\/studio3d-arkitektur-tjanst-2drundvandring-crop-1312x1312.jpg 1312w, https:\/\/studio3d.se\/wp-content\/uploads\/2023\/08\/studio3d-arkitektur-tjanst-2drundvandring-crop-1610x1610.jpg 1610w, https:\/\/studio3d.se\/wp-content\/uploads\/2023\/08\/studio3d-arkitektur-tjanst-2drundvandring-crop-832x832.jpg 832w\" sizes=\"(max-width: 2000px) 100vw, 2000px\" \/><div class=\"wp-block-cover__inner-container is-layout-flow wp-block-cover-is-layout-flow\">\n<h1 class=\"wp-block-heading has-text-align-center has-white-color has-text-color has-large-font-size\" id=\"2d-rundvandring\">2D Visning<\/h1>\n<\/div><\/div>\n\n\n\n<div class=\"wp-block-group ghostkit-custom-1KFLA7\"><div class=\"wp-block-group__inner-container is-layout-constrained wp-block-group-is-layout-constrained\"><ol class=\"breadcrumbs\">\n            <li class=\"\"><a href=\"https:\/\/studio3d.se\/no\/\">2D Visning<\/a><\/li>\n    <\/ol>\n\n\n\n<div style=\"height:50px\" aria-hidden=\"true\" class=\"wp-block-spacer\"><\/div>\n\n\n\n<h2 class=\"wp-block-heading has-text-align-center\" id=\"hur-gar-det-till\">Forenkle med en 2D-omvisning<\/h2>\n\n\n\n<div class=\"wp-block-group center ghostkit-custom-Z24HgRY\"><div class=\"wp-block-group__inner-container is-layout-constrained wp-block-group-is-layout-constrained\">\n<p class=\"has-text-align-center\">En 2D-tur kan opprettes fra fotografier, <a href=\"https:\/\/studio3d.se\/no\/eiendom\/tjenester\/visualisering\/interiorvisualisering\/\" data-type=\"page\" data-id=\"219\">visualiseringer<\/a>, eller <a href=\"https:\/\/studio3d.se\/no\/eiendom\/tjenester\/visualisering\/digital-styling\/\" data-type=\"page\" data-id=\"831\">digital styling<\/a>. Den forenkler kundens utforskning av rommet ved \u00e5 kombinere plantegningen og smart navigering med bildene som er tilgjengelige i prosjektet. Som i v\u00e5r <a href=\"https:\/\/studio3d.se\/no\/eiendom\/tjenester\/visualisering\/360-virtuell-tour\/\" data-type=\"page\" data-id=\"245\">360-virtuell tour<\/a> produktet kan leveres med st\u00f8tter for \u00e5 vise\/skjule m\u00f8bler og dimensjoner p\u00e5 gulv og vegger.<\/p>\n\n\n\n<p class=\"has-text-align-center\">2D-turer er alltid inkludert gratis n\u00e5r du bestiller mer enn to bilder i samme omr\u00e5de med v\u00e5r <a href=\"https:\/\/studio3d.se\/no\/eiendom\/tjenester\/visualisering\/digital-styling\/\" data-type=\"page\" data-id=\"831\">digital styling<\/a>, men er ogs\u00e5 tilgjengelig som et alternativ for de mest brukte <a href=\"https:\/\/studio3d.se\/no\/eiendom\/tjenester\/visualisering\/interiorvisualisering\/\" data-type=\"page\" data-id=\"219\">3D-visualiseringer<\/a>eller som et frittst\u00e5ende produkt hvis du allerede har m\u00f8blerte bilder fra et eksisterende rom!<\/p>\n\n\n\n<p class=\"has-text-align-center\">N\u00e5 ogs\u00e5 med direkte integrasjon i <a href=\"https:\/\/objektvision.se\/\" target=\"_blank\" data-type=\"link\" data-id=\"https:\/\/objektvision.se\/\" rel=\"noreferrer noopener nofollow\">objektrevisjoner<\/a> bildegalleri!<\/p>\n<\/div><\/div>\n<\/div><\/div>\n\n\n\n<div class=\"wp-block-group ghostkit-custom-ZmVNC8\"><div class=\"wp-block-group__inner-container is-layout-constrained wp-block-group-is-layout-constrained\">\n<div style=\"position: relative; width: 100%; height: 0; padding-bottom: 66.65%;\"><iframe style=\"border: none; width: 100%; height:100%; position: absolute;\" src=\"https:\/\/resources.studio3d.se\/rundvandring\/demo\/dnskrapan\/1\" allowfullscreen><\/iframe><\/div>\n<\/div><\/div>\n\n\n\n<div class=\"wp-block-group ghostkit-custom-Z1VvSCh\"><div class=\"wp-block-group__inner-container is-layout-constrained wp-block-group-is-layout-constrained\">\n<div style=\"height:75px\" aria-hidden=\"true\" class=\"wp-block-spacer\"><\/div>\n\n\n\n<div class=\"wp-block-group center ghostkit-custom-Z2FUPi\"><div class=\"wp-block-group__inner-container is-layout-constrained wp-block-group-is-layout-constrained\">\n<h2 class=\"wp-block-heading has-text-align-center\" id=\"hur-gar-det-till\">Hvorfor visualisere med Studio3D?<\/h2>\n\n\n\n<div style=\"height:25px\" aria-hidden=\"true\" class=\"wp-block-spacer\"><\/div>\n\n\n\n<h3 class=\"wp-block-heading has-text-align-center\">Bevist arbeidsprosess<\/h3>\n\n\n\n<p class=\"has-text-align-center ghostkit-custom-27lh97 has-black-color has-text-color\">Hvert prosjekt starter med et oppstartsm\u00f8te der vi samler inn dine \u00f8nsker om prosjektet og den tiltenkte m\u00e5lgruppen. P\u00e5 bakgrunn av dette skapes en persona som representerer kunden din, og som danner grunnlaget for alt fra valg av interi\u00f8rdesign til kameravinkler og lyssetting.<\/p>\n\n\n\n<h3 class=\"wp-block-heading has-text-align-center\">Erfaring<\/h3>\n\n\n\n<p class=\"has-text-align-center ghostkit-custom-ZamlSj has-black-color has-text-color\">Studio3D har over 10 \u00e5rs erfaring, og v\u00e5re dyktige interi\u00f8rarkitekter og prosjektledere kan garantere en produksjon som g\u00e5r raskt og smidig, og som holder en sv\u00e6rt h\u00f8y visuell kvalitet hele veien.<\/p>\n\n\n\n<h3 class=\"wp-block-heading has-text-align-center\">Et grensesnitt<\/h3>\n\n\n\n<p class=\"has-text-align-center ghostkit-custom-1FAO4l has-black-color has-text-color\">Studio3D kan dekke alle roller for et vellykket visualiseringsprosjekt. Vi har strateger, prosjektledere, interi\u00f8rdesignere og 3D-artister in-house. Unng\u00e5 bryet med \u00e5 synkronisere ulike byr\u00e5er med hverandre, og overlat styringen til oss. Du har bare \u00e9n kontaktperson, og vi tar oss av alt bak kulissene uten at du trenger \u00e5 tenke p\u00e5 det.<\/p>\n\n\n\n<h3 class=\"wp-block-heading has-text-align-center\">Rimelig<\/h3>\n\n\n\n<p class=\"has-text-align-center ghostkit-custom-1b8aCq has-black-color has-text-color\">Arkitektoniske visualiseringer med Studio3D er rimelige. Erfaring og en tydelig arbeidsprosess gj\u00f8r at vi kan tilby bildeproduksjon til gode priser med garantert resultat. Ingen skjulte kostnader eller tillegg, vi er s\u00e5 komfortable i v\u00e5r produksjon at vi alltid tilbyr faste priser.<\/p>\n\n\n\n<h2 class=\"wp-block-heading has-text-align-center\" id=\"vill-du-fa-inspiration\">Vil du bli inspirert?<\/h2>\n\n\n\n<p class=\"has-text-align-center\">Vennligst bes\u00f8k v\u00e5r <a href=\"https:\/\/studio3d.se\/no\/portefolje\/?primary=arkitektur\" data-type=\"page\" data-id=\"11\">portef\u00f8lje<\/a>. Der kan du hente inspirasjon fra v\u00e5re andre kunder.<\/p>\n<\/div><\/div>\n<\/div><\/div>","protected":false},"excerpt":{"rendered":"<p>En lettere versjon av 360 Virtuell tour. Dette produktet kombinerer vanlige bilder, enten foto eller visualiseringer, med navigasjon og plantegninger. Slik at kunden lettere kan utforske og orientere seg i hjemmet eller p\u00e5 kontoret.<\/p>","protected":false},"author":4,"featured_media":1212,"parent":168,"menu_order":8,"comment_status":"closed","ping_status":"closed","template":"","meta":{"_acf_changed":false,"inline_featured_image":false,"ghostkit_customizer_options":"","ghostkit_custom_css":"","ghostkit_custom_js_head":"","ghostkit_custom_js_foot":"","ghostkit_typography":"","footnotes":""},"class_list":["post-829","page","type-page","status-publish","has-post-thumbnail","hentry"],"acf":[],"_links":{"self":[{"href":"https:\/\/studio3d.se\/no\/wp-json\/wp\/v2\/pages\/829","targetHints":{"allow":["GET"]}}],"collection":[{"href":"https:\/\/studio3d.se\/no\/wp-json\/wp\/v2\/pages"}],"about":[{"href":"https:\/\/studio3d.se\/no\/wp-json\/wp\/v2\/types\/page"}],"author":[{"embeddable":true,"href":"https:\/\/studio3d.se\/no\/wp-json\/wp\/v2\/users\/4"}],"replies":[{"embeddable":true,"href":"https:\/\/studio3d.se\/no\/wp-json\/wp\/v2\/comments?post=829"}],"version-history":[{"count":1,"href":"https:\/\/studio3d.se\/no\/wp-json\/wp\/v2\/pages\/829\/revisions"}],"predecessor-version":[{"id":5020,"href":"https:\/\/studio3d.se\/no\/wp-json\/wp\/v2\/pages\/829\/revisions\/5020"}],"up":[{"embeddable":true,"href":"https:\/\/studio3d.se\/no\/wp-json\/wp\/v2\/pages\/168"}],"wp:featuredmedia":[{"embeddable":true,"href":"https:\/\/studio3d.se\/no\/wp-json\/wp\/v2\/media\/1212"}],"wp:attachment":[{"href":"https:\/\/studio3d.se\/no\/wp-json\/wp\/v2\/media?parent=829"}],"curies":[{"name":"wp","href":"https:\/\/api.w.org\/{rel}","templated":true}]}}