{"id":62,"date":"2023-07-05T15:45:08","date_gmt":"2023-07-05T13:45:08","guid":{"rendered":"https:\/\/studio3d.se\/?page_id=62"},"modified":"2025-08-13T14:50:50","modified_gmt":"2025-08-13T12:50:50","slug":"tjenester","status":"publish","type":"page","link":"https:\/\/studio3d.se\/no\/tjanster\/","title":{"rendered":"Tjenester"},"content":{"rendered":"<div class=\"wp-block-cover alignfull\"><span aria-hidden=\"true\" class=\"wp-block-cover__background has-black-background-color has-background-dim-30 has-background-dim\"><\/span><img decoding=\"async\" width=\"2500\" height=\"1768\" src=\"https:\/\/studio3d.se\/wp-content\/uploads\/2025\/01\/visualisering_tarkett_IQ_loop_int4.jpg\" class=\"wp-block-cover__image-background wp-post-image\" alt=\"Detaljert visualisering av gulv laget av restprodukter\" data-object-fit=\"cover\" data-object-position=\"50% 50%\" style=\"object-position:50% 50%;\" srcset=\"https:\/\/studio3d.se\/wp-content\/uploads\/2025\/01\/visualisering_tarkett_IQ_loop_int4.jpg 2500w, https:\/\/studio3d.se\/wp-content\/uploads\/2025\/01\/visualisering_tarkett_IQ_loop_int4-768x543.jpg 768w, https:\/\/studio3d.se\/wp-content\/uploads\/2025\/01\/visualisering_tarkett_IQ_loop_int4-1024x724.jpg 1024w, https:\/\/studio3d.se\/wp-content\/uploads\/2025\/01\/visualisering_tarkett_IQ_loop_int4-336x238.jpg 336w, https:\/\/studio3d.se\/wp-content\/uploads\/2025\/01\/visualisering_tarkett_IQ_loop_int4-1536x1086.jpg 1536w, https:\/\/studio3d.se\/wp-content\/uploads\/2025\/01\/visualisering_tarkett_IQ_loop_int4-2048x1448.jpg 2048w, https:\/\/studio3d.se\/wp-content\/uploads\/2025\/01\/visualisering_tarkett_IQ_loop_int4-18x12.jpg 18w, https:\/\/studio3d.se\/wp-content\/uploads\/2025\/01\/visualisering_tarkett_IQ_loop_int4-1312x928.jpg 1312w, https:\/\/studio3d.se\/wp-content\/uploads\/2025\/01\/visualisering_tarkett_IQ_loop_int4-1610x1139.jpg 1610w, https:\/\/studio3d.se\/wp-content\/uploads\/2025\/01\/visualisering_tarkett_IQ_loop_int4-1176x832.jpg 1176w\" sizes=\"(max-width: 2500px) 100vw, 2500px\" \/><div class=\"wp-block-cover__inner-container is-layout-flow wp-block-cover-is-layout-flow\">\n<h1 class=\"wp-block-heading has-text-align-center has-white-color has-text-color has-title-font-size\" id=\"vara-tjanster\">V\u00e5re tjenester<\/h1>\n<\/div><\/div>\n\n\n\n<div class=\"wp-block-cover alignfull is-light center ghostkit-custom-2qIFdr has-black-color has-text-color\"><span aria-hidden=\"true\" class=\"wp-block-cover__background has-background-dim-0 has-background-dim\"><\/span><div class=\"wp-block-cover__inner-container is-layout-flow wp-block-cover-is-layout-flow\">\n<div class=\"wp-block-group ghostkit-custom-HmjYJ has-white-color has-text-color\"><div class=\"wp-block-group__inner-container is-layout-constrained wp-block-group-is-layout-constrained\">\n<h2 class=\"wp-block-heading has-text-align-center has-black-color has-text-color has-link-color wp-elements-e4d1720d56493af8fc51201915c56a5d\" id=\"mer-an-bara-visualiseringar\">Totalleverand\u00f8r av tjenester<\/h2>\n\n\n\n<div style=\"height:10px\" aria-hidden=\"true\" class=\"wp-block-spacer\"><\/div>\n\n\n\n<p class=\"has-text-align-center has-black-color has-text-color has-link-color wp-elements-8df96c8cc35ffae2e6126842f59c8cad\">Enten det dreier seg om et eiendomsprosjekt eller en produktlansering, tilbyr vi en komplett og fleksibel tiln\u00e6rming til visuelt markedsf\u00f8ringsmateriell. Du kan lese mer om de ulike tjenestene v\u00e5re for hver kundegruppe ved \u00e5 bla nedenfor.<\/p>\n<\/div><\/div>\n\n\n\n<div class=\"alignfull ghostkit-grid ghostkit-grid-gap-custom ghostkit-grid-justify-content-between gap-limit ghostkit-custom-Zkg0qr\"><div class=\"ghostkit-grid-inner\">\n<div class=\"ghostkit-col ghostkit-col-lg-12 ghostkit-col-4 ghostkit-custom-1coNiR\"><div class=\"ghostkit-col-content is-layout-flow wp-block-ghostkit-grid-column-is-layout-flow\">\n<div class=\"ghostkit-icon-box\"><div class=\"ghostkit-icon-box-icon ghostkit-icon-box-icon-align-top ghostkit-icon-box-icon-top-align-center\"><svg  id=\"Layer_2\" width=\"64\" height=\"50\" xmlns=\"http:\/\/www.w3.org\/2000\/svg\" viewbox=\"0 0 62.03 45.3\"><defs><style>.cls-1{fill: #231F20; stroke-width:0px;}<\/style><\/defs><g id=\"Lager_1\"><path class=\"cls-1\" d=\"m43.79,3.04l-5.06,8.77,2.6,1.5,2.46-4.27,12.52,21.68h-12.42L26.15,0,0,45.3h52.32l-6.68-11.58h15.88L43.79,3.04ZM5.2,42.3L26.15,6l20.96,36.3H5.2Z\"\/><path class=\"cls-1\" d=\"m56.57,9.51c3.27.87,6.18-2.04,5.31-5.31-.38-1.43-1.54-2.59-2.98-2.97-3.26-.86-6.17,2.04-5.31,5.31.38,1.43,1.54,2.59,2.97,2.98Zm1.17-6.05c1.05,0,1.9.85,1.9,1.91s-.85,1.9-1.9,1.9-1.91-.85-1.91-1.9.85-1.91,1.91-1.91Z\"\/><\/g><\/svg><\/div><div class=\"ghostkit-icon-box-content is-layout-flow wp-block-ghostkit-icon-box-is-layout-flow\">\n<p class=\"has-text-align-center has-black-color has-text-color\" style=\"font-size:14px\">Erfarne prosjektledere og interi\u00f8rarkitekter s\u00f8rger for h\u00f8y kvalitet. <a href=\"https:\/\/studio3d.se\/no\/eiendom\/tjenester\/visualisering\/\" data-type=\"page\" data-id=\"168\">3D-visualiseringer<\/a>.<\/p>\n<\/div><\/div>\n<\/div><\/div>\n\n\n\n<div class=\"ghostkit-col ghostkit-col-lg-12 ghostkit-col-4 ghostkit-custom-1Elklc\"><div class=\"ghostkit-col-content is-layout-flow wp-block-ghostkit-grid-column-is-layout-flow\">\n<div class=\"ghostkit-icon-box ghostkit-custom-Z1JY6ns\"><div class=\"ghostkit-icon-box-icon ghostkit-icon-box-icon-align-top ghostkit-icon-box-icon-top-align-center\"><svg id=\"Layer_2\" width=\"64\" height=\"50\" xmlns=\"http:\/\/www.w3.org\/2000\/svg\" viewbox=\"0 0 55.64 48\"><defs><style>.cls-1{fill: #231F20; stroke-width:0px;}<\/style><\/defs><g id=\"Lager_1\"><path class=\"cls-1\" d=\"m0,38.67h3v-9.54h44.01v-3H3V3h49.64v32.97H8.63v3h14.41v6.03h-2.95v3h15.46v-3h-2.95v-6.03h23.04V0H0v38.67Zm29.6,6.33h-3.56v-6.03h3.56v6.03Z\"\/><\/g><\/svg><\/div><div class=\"ghostkit-icon-box-content is-layout-flow wp-block-ghostkit-icon-box-is-layout-flow\">\n<p class=\"has-text-align-center has-black-color has-text-color\" style=\"font-size:14px\">Eget utviklingsteam som leverer <a href=\"https:\/\/studio3d.se\/no\/eiendom\/tjenester\/prosjektets-nettside\/\" data-type=\"page\" data-id=\"233\">prosjektsider<\/a>, <a href=\"https:\/\/studio3d.se\/no\/eiendom\/tjenester\/boligvelger\/\" data-type=\"page\" data-id=\"223\">boligvelgere<\/a> og digitale verkt\u00f8y.<\/p>\n<\/div><\/div>\n<\/div><\/div>\n\n\n\n<div class=\"ghostkit-col ghostkit-col-lg-12 ghostkit-col-4 ghostkit-custom-YsS4o\"><div class=\"ghostkit-col-content is-layout-flow wp-block-ghostkit-grid-column-is-layout-flow\">\n<div class=\"ghostkit-icon-box\"><div class=\"ghostkit-icon-box-icon ghostkit-icon-box-icon-align-top ghostkit-icon-box-icon-top-align-center\"><svg id=\"Layer_2\" width=\"64\" height=\"50\" xmlns=\"http:\/\/www.w3.org\/2000\/svg\" viewbox=\"0 0 55.77 41.4\"><defs><style>.cls-1{fill: #231F20;stroke-width:0px;}<\/style><\/defs><g id=\"Lager_1\"><polygon class=\"cls-1\" points=\"15.92 0 15.92 3 48.44 3 52.77 7.33 52.77 30.31 11.41 30.31 11.41 .49 8.41 .49 8.41 6.22 0 6.22 0 41.4 45.07 41.4 45.07 38.4 3 38.4 3 9.22 8.41 9.22 8.41 33.31 55.77 33.31 55.77 6.09 49.69 0 15.92 0\"\/><\/g><\/svg><\/div><div class=\"ghostkit-icon-box-content is-layout-flow wp-block-ghostkit-icon-box-is-layout-flow\">\n<p class=\"has-text-align-center has-black-color has-text-color\" style=\"font-size:14px\">Kreativ grafisk design avdeling som produserer <a href=\"https:\/\/studio3d.se\/no\/eiendom\/tjenester\/grafisk-materiale\/grafisk-profil\/\" data-type=\"page\" data-id=\"861\">grafiske profiler<\/a>, <a href=\"https:\/\/studio3d.se\/no\/eiendom\/tjenester\/faktaark-om-boliger\/\" data-type=\"page\" data-id=\"237\">plantegninger<\/a>, <a href=\"https:\/\/studio3d.se\/no\/eiendom\/tjenester\/grafisk-materiale\/katalog\/\" data-type=\"page\" data-id=\"865\">kataloger<\/a>, <a href=\"https:\/\/studio3d.se\/no\/eiendom\/tjenester\/grafisk-materiale\/\" data-type=\"page\" data-id=\"235\">og mer<\/a>.<\/p>\n<\/div><\/div>\n<\/div><\/div>\n<\/div><\/div>\n<\/div><\/div>\n\n\n\n<div class=\"ghostkit-grid ghostkit-grid-gap-md\"><div class=\"ghostkit-grid-inner\">\n<div class=\"ghostkit-col ghostkit-col-md-12 ghostkit-col-6\"><div class=\"ghostkit-col-content is-layout-flow wp-block-ghostkit-grid-column-is-layout-flow\"><article class=\"services-item\">\n        <a href=\"https:\/\/studio3d.se\/no\/tjanster\/arkitektur\/\">\n        <div class=\"service-thumbnail-wrapper\">\n            <img decoding=\"async\" width=\"2475\" height=\"2475\" src=\"https:\/\/studio3d.se\/wp-content\/uploads\/2023\/08\/banner-visualisering-brf-angen-4.jpg\" class=\"attachment-post-thumbnail size-post-thumbnail wp-post-image\" alt=\"Visualisering av interi\u00f8rdetaljer fra Brf \u00c4ngen.\" srcset=\"https:\/\/studio3d.se\/wp-content\/uploads\/2023\/08\/banner-visualisering-brf-angen-4.jpg 2475w, https:\/\/studio3d.se\/wp-content\/uploads\/2023\/08\/banner-visualisering-brf-angen-4-768x768.jpg 768w, https:\/\/studio3d.se\/wp-content\/uploads\/2023\/08\/banner-visualisering-brf-angen-4-1024x1024.jpg 1024w, https:\/\/studio3d.se\/wp-content\/uploads\/2023\/08\/banner-visualisering-brf-angen-4-336x336.jpg 336w, https:\/\/studio3d.se\/wp-content\/uploads\/2023\/08\/banner-visualisering-brf-angen-4-1536x1536.jpg 1536w, https:\/\/studio3d.se\/wp-content\/uploads\/2023\/08\/banner-visualisering-brf-angen-4-2048x2048.jpg 2048w, https:\/\/studio3d.se\/wp-content\/uploads\/2023\/08\/banner-visualisering-brf-angen-4-1312x1312.jpg 1312w, https:\/\/studio3d.se\/wp-content\/uploads\/2023\/08\/banner-visualisering-brf-angen-4-1610x1610.jpg 1610w, https:\/\/studio3d.se\/wp-content\/uploads\/2023\/08\/banner-visualisering-brf-angen-4-832x832.jpg 832w\" sizes=\"(max-width: 2475px) 100vw, 2475px\" \/>        <\/div>\n        <h2>Eiendom<\/h2>\n        <p>Vi tilbyr komplette markedsf\u00f8ringsl\u00f8sninger for bolig- og eiendomsprosjekter. Fra visualisering og interi\u00f8rdesign til grafisk design og web - vi s\u00f8rger for at alt materialet passer sammen. Smidig, effektivt og med bare \u00e9n kontakt.<\/p>\n        <span class=\"button-link\">Les mer om dette<\/span>\n    <\/a>\n<\/article>\n<\/div><\/div>\n\n\n\n<div class=\"ghostkit-col ghostkit-col-md-12 ghostkit-col-6\"><div class=\"ghostkit-col-content is-layout-flow wp-block-ghostkit-grid-column-is-layout-flow\"><article class=\"services-item\">\n        <a href=\"https:\/\/studio3d.se\/no\/tjanster\/produkt\/\">\n        <div class=\"service-thumbnail-wrapper\">\n            <img decoding=\"async\" width=\"2000\" height=\"2000\" src=\"https:\/\/studio3d.se\/wp-content\/uploads\/2023\/09\/visualisering-ap-bt5-miljo-3.jpg\" class=\"attachment-post-thumbnail size-post-thumbnail wp-post-image\" alt=\"Visualisering av omgivelsene til Audio Pros BT5-h\u00f8yttalere\" srcset=\"https:\/\/studio3d.se\/wp-content\/uploads\/2023\/09\/visualisering-ap-bt5-miljo-3.jpg 2000w, https:\/\/studio3d.se\/wp-content\/uploads\/2023\/09\/visualisering-ap-bt5-miljo-3-768x768.jpg 768w, https:\/\/studio3d.se\/wp-content\/uploads\/2023\/09\/visualisering-ap-bt5-miljo-3-1024x1024.jpg 1024w, https:\/\/studio3d.se\/wp-content\/uploads\/2023\/09\/visualisering-ap-bt5-miljo-3-336x336.jpg 336w, https:\/\/studio3d.se\/wp-content\/uploads\/2023\/09\/visualisering-ap-bt5-miljo-3-1536x1536.jpg 1536w, https:\/\/studio3d.se\/wp-content\/uploads\/2023\/09\/visualisering-ap-bt5-miljo-3-1312x1312.jpg 1312w, https:\/\/studio3d.se\/wp-content\/uploads\/2023\/09\/visualisering-ap-bt5-miljo-3-1610x1610.jpg 1610w, https:\/\/studio3d.se\/wp-content\/uploads\/2023\/09\/visualisering-ap-bt5-miljo-3-832x832.jpg 832w\" sizes=\"(max-width: 2000px) 100vw, 2000px\" \/>        <\/div>\n        <h2>Produkt<\/h2>\n        <p>Vi skaper 3D-produktbilder som forenkler, effektiviserer og muliggj\u00f8r det umulige. For den rette typen produkter kan visualisering spare tid og penger, eller gj\u00f8re det som ikke er mulig med tradisjonell fotografering.<\/p>\n        <span class=\"button-link\">Les mer om dette<\/span>\n    <\/a>\n<\/article>\n<\/div><\/div>\n<\/div><\/div>\n\n\n\n<div class=\"wp-block-group ghostkit-custom-1mlRrm\"><div class=\"wp-block-group__inner-container is-layout-constrained wp-block-group-is-layout-constrained\">\n<div class=\"wp-block-group center ghostkit-custom-Z10NhDh\"><div class=\"wp-block-group__inner-container is-layout-constrained wp-block-group-is-layout-constrained\">\n<p class=\"has-text-align-center has-black-color has-text-color\">Med et erfarent team av prosjektledere, 3D-artister, designere og utviklere skaper vi helhetlige l\u00f8sninger som sparer tid, holder en r\u00f8d tr\u00e5d og gir et profesjonelt inntrykk. V\u00e5r styrke ligger i v\u00e5r evne til \u00e5 tilpasse oss: Vi g\u00e5r gjerne inn som totalleverand\u00f8r, men fungerer like godt som en del av et st\u00f8rre team. Er du bare ute etter visualiseringer, eller \u00f8nsker du et kreativt byr\u00e5 til \u00e5 utvikle et helt markedsf\u00f8ringskonsept? Sjekk ut Studio3D. <\/p>\n<\/div><\/div>\n<\/div><\/div>","protected":false},"excerpt":{"rendered":"<p>Med ett erfaret team av projektledare, 3D-artister, designers och utvecklare skapar vi helhetsl\u00f6sningar som sparar tid, h\u00e5ller en r\u00f6d tr\u00e5d och ger ett professionellt intryck. V\u00e5r styrka ligger i att kunna anpassa oss: vi kliver g\u00e4rna in som helhetsleverant\u00f6r, men fungerar lika bra som en del av ett st\u00f6rre team. S\u00f6ker du bara visualiseringar, eller [&hellip;]<\/p>\n","protected":false},"author":4,"featured_media":4186,"parent":0,"menu_order":0,"comment_status":"closed","ping_status":"closed","template":"","meta":{"_acf_changed":false,"inline_featured_image":false,"ghostkit_customizer_options":"","ghostkit_custom_css":"","ghostkit_custom_js_head":"","ghostkit_custom_js_foot":"","ghostkit_typography":"","footnotes":""},"class_list":["post-62","page","type-page","status-publish","has-post-thumbnail","hentry"],"acf":[],"_links":{"self":[{"href":"https:\/\/studio3d.se\/no\/wp-json\/wp\/v2\/pages\/62","targetHints":{"allow":["GET"]}}],"collection":[{"href":"https:\/\/studio3d.se\/no\/wp-json\/wp\/v2\/pages"}],"about":[{"href":"https:\/\/studio3d.se\/no\/wp-json\/wp\/v2\/types\/page"}],"author":[{"embeddable":true,"href":"https:\/\/studio3d.se\/no\/wp-json\/wp\/v2\/users\/4"}],"replies":[{"embeddable":true,"href":"https:\/\/studio3d.se\/no\/wp-json\/wp\/v2\/comments?post=62"}],"version-history":[{"count":15,"href":"https:\/\/studio3d.se\/no\/wp-json\/wp\/v2\/pages\/62\/revisions"}],"predecessor-version":[{"id":4936,"href":"https:\/\/studio3d.se\/no\/wp-json\/wp\/v2\/pages\/62\/revisions\/4936"}],"wp:featuredmedia":[{"embeddable":true,"href":"https:\/\/studio3d.se\/no\/wp-json\/wp\/v2\/media\/4186"}],"wp:attachment":[{"href":"https:\/\/studio3d.se\/no\/wp-json\/wp\/v2\/media?parent=62"}],"curies":[{"name":"wp","href":"https:\/\/api.w.org\/{rel}","templated":true}]}}