{"id":4433,"date":"2025-06-17T11:52:27","date_gmt":"2025-06-17T09:52:27","guid":{"rendered":"https:\/\/studio3d.se\/?page_id=4433"},"modified":"2025-08-13T14:52:30","modified_gmt":"2025-08-13T12:52:30","slug":"produkt","status":"publish","type":"page","link":"https:\/\/studio3d.se\/no\/tjanster\/produkt\/","title":{"rendered":"Produkt"},"content":{"rendered":"<div class=\"wp-block-cover alignfull\"><span aria-hidden=\"true\" class=\"wp-block-cover__background has-black-background-color has-background-dim-30 has-background-dim\"><\/span><img decoding=\"async\" width=\"2000\" height=\"2000\" src=\"https:\/\/studio3d.se\/wp-content\/uploads\/2023\/09\/visualisering-ap-bt5-miljo-3.jpg\" class=\"wp-block-cover__image-background wp-post-image\" alt=\"Visualisering av omgivelsene til Audio Pros BT5-h\u00f8yttalere\" data-object-fit=\"cover\" data-object-position=\"50% 50%\" style=\"object-position:50% 50%;\" srcset=\"https:\/\/studio3d.se\/wp-content\/uploads\/2023\/09\/visualisering-ap-bt5-miljo-3.jpg 2000w, https:\/\/studio3d.se\/wp-content\/uploads\/2023\/09\/visualisering-ap-bt5-miljo-3-768x768.jpg 768w, https:\/\/studio3d.se\/wp-content\/uploads\/2023\/09\/visualisering-ap-bt5-miljo-3-1024x1024.jpg 1024w, https:\/\/studio3d.se\/wp-content\/uploads\/2023\/09\/visualisering-ap-bt5-miljo-3-336x336.jpg 336w, https:\/\/studio3d.se\/wp-content\/uploads\/2023\/09\/visualisering-ap-bt5-miljo-3-1536x1536.jpg 1536w, https:\/\/studio3d.se\/wp-content\/uploads\/2023\/09\/visualisering-ap-bt5-miljo-3-1312x1312.jpg 1312w, https:\/\/studio3d.se\/wp-content\/uploads\/2023\/09\/visualisering-ap-bt5-miljo-3-1610x1610.jpg 1610w, https:\/\/studio3d.se\/wp-content\/uploads\/2023\/09\/visualisering-ap-bt5-miljo-3-832x832.jpg 832w\" sizes=\"(max-width: 2000px) 100vw, 2000px\" \/><div class=\"wp-block-cover__inner-container is-layout-flow wp-block-cover-is-layout-flow\">\n<h1 class=\"wp-block-heading has-text-align-center has-white-color has-text-color has-title-font-size\" id=\"produktvisualisering-din-kreativa-partner\">Din kreative partner for produktvisualisering<\/h1>\n<\/div><\/div>\n\n\n\n<div class=\"wp-block-cover alignfull is-light center ghostkit-custom-2qIFdr has-black-color has-text-color\"><span aria-hidden=\"true\" class=\"wp-block-cover__background has-background-dim-0 has-background-dim\"><\/span><div class=\"wp-block-cover__inner-container is-layout-flow wp-block-cover-is-layout-flow\">\n<div class=\"wp-block-group ghostkit-custom-HmjYJ has-white-color has-text-color\"><div class=\"wp-block-group__inner-container is-layout-constrained wp-block-group-is-layout-constrained\">\n<h2 class=\"wp-block-heading has-text-align-center has-black-color has-text-color has-link-color wp-elements-26f5b04109d5838da8656b8dc6ce206b\" id=\"mer-an-bara-visualiseringar\">Alt under ett tak<\/h2>\n\n\n\n<div style=\"height:10px\" aria-hidden=\"true\" class=\"wp-block-spacer\"><\/div>\n\n\n\n<p class=\"has-text-align-center has-black-color has-text-color has-link-color wp-elements-20a1738c5cbcd4781b6c3c46c7f3c559\">Med kreative prosjektledere, interi\u00f8rarkitekter, grafiske designere og webutviklere kan vi skape alt markedsf\u00f8ringsmateriell som trengs for en vellykket kundeopplevelse.<\/p>\n<\/div><\/div>\n\n\n\n<div class=\"alignfull ghostkit-grid ghostkit-grid-gap-custom ghostkit-grid-justify-content-between gap-limit ghostkit-custom-Zkg0qr\"><div class=\"ghostkit-grid-inner\">\n<div class=\"ghostkit-col ghostkit-col-lg-12 ghostkit-col-4 ghostkit-custom-1coNiR\"><div class=\"ghostkit-col-content is-layout-flow wp-block-ghostkit-grid-column-is-layout-flow\">\n<div class=\"ghostkit-icon-box\"><div class=\"ghostkit-icon-box-icon ghostkit-icon-box-icon-align-top ghostkit-icon-box-icon-top-align-center\"><svg  id=\"Layer_2\" width=\"64\" height=\"50\" xmlns=\"http:\/\/www.w3.org\/2000\/svg\" viewbox=\"0 0 62.03 45.3\"><defs><style>.cls-1{fill: #231F20; stroke-width:0px;}<\/style><\/defs><g id=\"Lager_1\"><path class=\"cls-1\" d=\"m43.79,3.04l-5.06,8.77,2.6,1.5,2.46-4.27,12.52,21.68h-12.42L26.15,0,0,45.3h52.32l-6.68-11.58h15.88L43.79,3.04ZM5.2,42.3L26.15,6l20.96,36.3H5.2Z\"\/><path class=\"cls-1\" d=\"m56.57,9.51c3.27.87,6.18-2.04,5.31-5.31-.38-1.43-1.54-2.59-2.98-2.97-3.26-.86-6.17,2.04-5.31,5.31.38,1.43,1.54,2.59,2.97,2.98Zm1.17-6.05c1.05,0,1.9.85,1.9,1.91s-.85,1.9-1.9,1.9-1.91-.85-1.91-1.9.85-1.91,1.91-1.91Z\"\/><\/g><\/svg><\/div><div class=\"ghostkit-icon-box-content is-layout-flow wp-block-ghostkit-icon-box-is-layout-flow\">\n<p class=\"has-text-align-center has-black-color has-text-color\" style=\"font-size:14px\">Erfarne prosjektledere og interi\u00f8rarkitekter s\u00f8rger for h\u00f8y kvalitet <a href=\"https:\/\/studio3d.se\/no\/tjenester\/produkt\/3d-visualisering\/\" data-type=\"page\" data-id=\"1028\">3D-visualiseringer<\/a>.<\/p>\n<\/div><\/div>\n<\/div><\/div>\n\n\n\n<div class=\"ghostkit-col ghostkit-col-lg-12 ghostkit-col-4 ghostkit-custom-1Elklc\"><div class=\"ghostkit-col-content is-layout-flow wp-block-ghostkit-grid-column-is-layout-flow\">\n<div class=\"ghostkit-icon-box ghostkit-custom-Z1JY6ns\"><div class=\"ghostkit-icon-box-icon ghostkit-icon-box-icon-align-top ghostkit-icon-box-icon-top-align-center\"><svg id=\"Layer_2\" width=\"64\" height=\"50\" xmlns=\"http:\/\/www.w3.org\/2000\/svg\" viewbox=\"0 0 55.64 48\"><defs><style>.cls-1{fill: #231F20; stroke-width:0px;}<\/style><\/defs><g id=\"Lager_1\"><path class=\"cls-1\" d=\"m0,38.67h3v-9.54h44.01v-3H3V3h49.64v32.97H8.63v3h14.41v6.03h-2.95v3h15.46v-3h-2.95v-6.03h23.04V0H0v38.67Zm29.6,6.33h-3.56v-6.03h3.56v6.03Z\"\/><\/g><\/svg><\/div><div class=\"ghostkit-icon-box-content is-layout-flow wp-block-ghostkit-icon-box-is-layout-flow\">\n<p class=\"has-text-align-center has-black-color has-text-color\" style=\"font-size:14px\">Internt utviklingsteam som blant annet utvikler <a href=\"https:\/\/studio3d.se\/no\/tjenester\/produkt\/designstudion\/\" data-type=\"page\" data-id=\"3567\">DesignStudion<\/a>.<\/p>\n<\/div><\/div>\n<\/div><\/div>\n\n\n\n<div class=\"ghostkit-col ghostkit-col-lg-12 ghostkit-col-4 ghostkit-custom-YsS4o\"><div class=\"ghostkit-col-content is-layout-flow wp-block-ghostkit-grid-column-is-layout-flow\">\n<div class=\"ghostkit-icon-box\"><div class=\"ghostkit-icon-box-icon ghostkit-icon-box-icon-align-top ghostkit-icon-box-icon-top-align-center\"><svg id=\"Layer_2\" width=\"64\" height=\"50\" xmlns=\"http:\/\/www.w3.org\/2000\/svg\" viewbox=\"0 0 55.77 41.4\"><defs><style>.cls-1{fill: #231F20;stroke-width:0px;}<\/style><\/defs><g id=\"Lager_1\"><polygon class=\"cls-1\" points=\"15.92 0 15.92 3 48.44 3 52.77 7.33 52.77 30.31 11.41 30.31 11.41 .49 8.41 .49 8.41 6.22 0 6.22 0 41.4 45.07 41.4 45.07 38.4 3 38.4 3 9.22 8.41 9.22 8.41 33.31 55.77 33.31 55.77 6.09 49.69 0 15.92 0\"\/><\/g><\/svg><\/div><div class=\"ghostkit-icon-box-content is-layout-flow wp-block-ghostkit-icon-box-is-layout-flow\">\n<p class=\"has-text-align-center has-black-color has-text-color\" style=\"font-size:14px\">Effektiv designavdeling som produserer konsepter, bilder, kataloger, produktark osv.<\/p>\n<\/div><\/div>\n<\/div><\/div>\n<\/div><\/div>\n<\/div><\/div>\n\n\n<section class=\"services-wrapper\">\r\n                    <article class=\"services-item\">\r\n            <a href=\"https:\/\/studio3d.se\/no\/tjanster\/produkt\/3d-visualisering\/\">\r\n                <div class=\"service-thumbnail-wrapper\">\r\n                    <img decoding=\"async\" width=\"2500\" height=\"1768\" src=\"https:\/\/studio3d.se\/wp-content\/uploads\/2023\/08\/studio3d-produkt-tjanst-visualisering.jpg\" class=\"attachment-post-thumbnail size-post-thumbnail wp-post-image\" alt=\"Produktvisualisering av peis i omgivelser\" srcset=\"https:\/\/studio3d.se\/wp-content\/uploads\/2023\/08\/studio3d-produkt-tjanst-visualisering.jpg 2500w, https:\/\/studio3d.se\/wp-content\/uploads\/2023\/08\/studio3d-produkt-tjanst-visualisering-768x543.jpg 768w, https:\/\/studio3d.se\/wp-content\/uploads\/2023\/08\/studio3d-produkt-tjanst-visualisering-1024x724.jpg 1024w, https:\/\/studio3d.se\/wp-content\/uploads\/2023\/08\/studio3d-produkt-tjanst-visualisering-336x238.jpg 336w, https:\/\/studio3d.se\/wp-content\/uploads\/2023\/08\/studio3d-produkt-tjanst-visualisering-1536x1086.jpg 1536w, https:\/\/studio3d.se\/wp-content\/uploads\/2023\/08\/studio3d-produkt-tjanst-visualisering-2048x1448.jpg 2048w, https:\/\/studio3d.se\/wp-content\/uploads\/2023\/08\/studio3d-produkt-tjanst-visualisering-1312x928.jpg 1312w, https:\/\/studio3d.se\/wp-content\/uploads\/2023\/08\/studio3d-produkt-tjanst-visualisering-1610x1139.jpg 1610w, https:\/\/studio3d.se\/wp-content\/uploads\/2023\/08\/studio3d-produkt-tjanst-visualisering-1176x832.jpg 1176w\" sizes=\"(max-width: 2500px) 100vw, 2500px\" \/>                <\/div>\r\n                <h2>3D Visualisering<\/h2>\r\n                <p>Visualisering er fortsatt v\u00e5r kjernevirksomhet, og det er ikke s\u00e5 rart. Et bilde sier mer enn tusen ord. Vi leverer en rekke produkter og digitale l\u00f8sninger p\u00e5 dette omr\u00e5det.<\/p>\r\n                <span class=\"button-link\">Les mer om dette<\/span>\r\n            <\/a>\r\n        <\/article>\r\n                    <article class=\"services-item\">\r\n            <a href=\"https:\/\/studio3d.se\/no\/tjanster\/produkt\/video\/\">\r\n                <div class=\"service-thumbnail-wrapper\" style=\"--icon: url(https:\/\/studio3d.se\/wp-content\/uploads\/2023\/08\/icon-video-light.svg);\" >\r\n                    <img decoding=\"async\" width=\"1768\" height=\"2500\" src=\"https:\/\/studio3d.se\/wp-content\/uploads\/2023\/08\/studio3d-produkt-tjanst-video.jpg\" class=\"attachment-post-thumbnail size-post-thumbnail wp-post-image\" alt=\"Stillbilde fra video\" srcset=\"https:\/\/studio3d.se\/wp-content\/uploads\/2023\/08\/studio3d-produkt-tjanst-video.jpg 1768w, https:\/\/studio3d.se\/wp-content\/uploads\/2023\/08\/studio3d-produkt-tjanst-video-543x768.jpg 543w, https:\/\/studio3d.se\/wp-content\/uploads\/2023\/08\/studio3d-produkt-tjanst-video-724x1024.jpg 724w, https:\/\/studio3d.se\/wp-content\/uploads\/2023\/08\/studio3d-produkt-tjanst-video-238x336.jpg 238w, https:\/\/studio3d.se\/wp-content\/uploads\/2023\/08\/studio3d-produkt-tjanst-video-768x1086.jpg 768w, https:\/\/studio3d.se\/wp-content\/uploads\/2023\/08\/studio3d-produkt-tjanst-video-1086x1536.jpg 1086w, https:\/\/studio3d.se\/wp-content\/uploads\/2023\/08\/studio3d-produkt-tjanst-video-1448x2048.jpg 1448w, https:\/\/studio3d.se\/wp-content\/uploads\/2023\/08\/studio3d-produkt-tjanst-video-928x1312.jpg 928w, https:\/\/studio3d.se\/wp-content\/uploads\/2023\/08\/studio3d-produkt-tjanst-video-1139x1610.jpg 1139w, https:\/\/studio3d.se\/wp-content\/uploads\/2023\/08\/studio3d-produkt-tjanst-video-588x832.jpg 588w\" sizes=\"(max-width: 1768px) 100vw, 1768px\" \/>                <\/div>\r\n                <h2>Video<\/h2>\r\n                <p>Vi tilbyr og utvider stadig v\u00e5rt utvalg av bevegelige 3D-visualiseringer, og kan tilby en rekke ulike l\u00f8sninger som passer til ditt produkt. Selv korte og enkle klipp kan, sammen med riktig musikk og redigering, bli fantastiske verkt\u00f8y i din digitale markedsf\u00f8ring.<\/p>\r\n                <span class=\"button-link\">Les mer om dette<\/span>\r\n            <\/a>\r\n        <\/article>\r\n                    <article class=\"services-item\">\r\n            <a href=\"https:\/\/studio3d.se\/no\/tjanster\/produkt\/designstudion\/\">\r\n                <div class=\"service-thumbnail-wrapper\" style=\"--icon: url(https:\/\/studio3d.se\/wp-content\/uploads\/2023\/08\/icon-konfigurator-light.svg);\" >\r\n                    <img decoding=\"async\" width=\"2500\" height=\"2500\" src=\"https:\/\/studio3d.se\/wp-content\/uploads\/2025\/07\/designstudion_banner_material_palette_01-flipped.jpg\" class=\"attachment-post-thumbnail size-post-thumbnail wp-post-image\" alt=\"Visualisering av materialpall for Tarkett\" srcset=\"https:\/\/studio3d.se\/wp-content\/uploads\/2025\/07\/designstudion_banner_material_palette_01-flipped.jpg 2500w, https:\/\/studio3d.se\/wp-content\/uploads\/2025\/07\/designstudion_banner_material_palette_01-flipped-768x768.jpg 768w, https:\/\/studio3d.se\/wp-content\/uploads\/2025\/07\/designstudion_banner_material_palette_01-flipped-1024x1024.jpg 1024w, https:\/\/studio3d.se\/wp-content\/uploads\/2025\/07\/designstudion_banner_material_palette_01-flipped-336x336.jpg 336w, https:\/\/studio3d.se\/wp-content\/uploads\/2025\/07\/designstudion_banner_material_palette_01-flipped-1536x1536.jpg 1536w, https:\/\/studio3d.se\/wp-content\/uploads\/2025\/07\/designstudion_banner_material_palette_01-flipped-2048x2048.jpg 2048w, https:\/\/studio3d.se\/wp-content\/uploads\/2025\/07\/designstudion_banner_material_palette_01-flipped-12x12.jpg 12w, https:\/\/studio3d.se\/wp-content\/uploads\/2025\/07\/designstudion_banner_material_palette_01-flipped-1312x1312.jpg 1312w, https:\/\/studio3d.se\/wp-content\/uploads\/2025\/07\/designstudion_banner_material_palette_01-flipped-1610x1610.jpg 1610w, https:\/\/studio3d.se\/wp-content\/uploads\/2025\/07\/designstudion_banner_material_palette_01-flipped-832x832.jpg 832w\" sizes=\"(max-width: 2500px) 100vw, 2500px\" \/>                <\/div>\r\n                <h2>DesignStudion<\/h2>\r\n                <p>Visualisering er fortsatt v\u00e5r kjernevirksomhet, og det er ikke s\u00e5 rart. Et bilde sier mer enn tusen ord. Vi leverer en rekke produkter og digitale l\u00f8sninger p\u00e5 dette omr\u00e5det.<\/p>\r\n                <span class=\"button-link\">Les mer om dette<\/span>\r\n            <\/a>\r\n        <\/article>\r\n                    <article class=\"services-item\">\r\n            <a href=\"https:\/\/studio3d.se\/no\/tjanster\/produkt\/3d-modell\/\">\r\n                <div class=\"service-thumbnail-wrapper\">\r\n                    <img decoding=\"async\" width=\"2500\" height=\"2500\" src=\"https:\/\/studio3d.se\/wp-content\/uploads\/2023\/11\/studio3d-produkt-tjanst-modell.jpg\" class=\"attachment-post-thumbnail size-post-thumbnail wp-post-image\" alt=\"Eksponert produktbilde\" srcset=\"https:\/\/studio3d.se\/wp-content\/uploads\/2023\/11\/studio3d-produkt-tjanst-modell.jpg 2500w, https:\/\/studio3d.se\/wp-content\/uploads\/2023\/11\/studio3d-produkt-tjanst-modell-768x768.jpg 768w, https:\/\/studio3d.se\/wp-content\/uploads\/2023\/11\/studio3d-produkt-tjanst-modell-1024x1024.jpg 1024w, https:\/\/studio3d.se\/wp-content\/uploads\/2023\/11\/studio3d-produkt-tjanst-modell-336x336.jpg 336w, https:\/\/studio3d.se\/wp-content\/uploads\/2023\/11\/studio3d-produkt-tjanst-modell-1536x1536.jpg 1536w, https:\/\/studio3d.se\/wp-content\/uploads\/2023\/11\/studio3d-produkt-tjanst-modell-2048x2048.jpg 2048w, https:\/\/studio3d.se\/wp-content\/uploads\/2023\/11\/studio3d-produkt-tjanst-modell-12x12.jpg 12w, https:\/\/studio3d.se\/wp-content\/uploads\/2023\/11\/studio3d-produkt-tjanst-modell-1312x1312.jpg 1312w, https:\/\/studio3d.se\/wp-content\/uploads\/2023\/11\/studio3d-produkt-tjanst-modell-1610x1610.jpg 1610w, https:\/\/studio3d.se\/wp-content\/uploads\/2023\/11\/studio3d-produkt-tjanst-modell-832x832.jpg 832w\" sizes=\"(max-width: 2500px) 100vw, 2500px\" \/>                <\/div>\r\n                <h2>3D Modell<\/h2>\r\n                <p>For \u00e5 optimalisere kundeopplevelsen og gi interi\u00f8rarkitekter et insentiv til \u00e5 bruke produktene dine, er det viktig \u00e5 ha gode 3D-versjoner av sortimentet ditt. Vi kan hjelpe deg med \u00e5 lage digitale versjoner av produktene dine til BIM-biblioteker, 3D-visere eller enkle visualiseringer.<\/p>\r\n                <span class=\"button-link\">Les mer om dette<\/span>\r\n            <\/a>\r\n        <\/article>\r\n    <\/section>\n\n\n\n<div style=\"height:50px\" aria-hidden=\"true\" class=\"wp-block-spacer\"><\/div>\n\n\n\n<div class=\"wp-block-group ghostkit-custom-1KFLA7\"><div class=\"wp-block-group__inner-container is-layout-constrained wp-block-group-is-layout-constrained\">\n<div class=\"wp-block-group center ghostkit-custom-Z1qBxHb\"><div class=\"wp-block-group__inner-container is-layout-constrained wp-block-group-is-layout-constrained\">\n<h2 class=\"wp-block-heading has-text-align-center\">Hvorfor visualisere med Studio3D?<\/h2>\n\n\n\n<div style=\"height:25px\" aria-hidden=\"true\" class=\"wp-block-spacer\"><\/div>\n\n\n\n<p class=\"has-text-align-center has-black-color has-text-color\">Vi er stolte av \u00e5 kunne kalle oss mer enn et visualiseringsbyr\u00e5. Etter mange \u00e5rs arbeid med ulike typer produktutviklere og prosjekter har vi tilpasset studioet v\u00e5rt til \u00e5 kunne ta en helhetlig tiln\u00e6rming til markedsf\u00f8ringsmateriell for alle typer produkter og m\u00e5lgrupper. Med kompetente og kreative prosjektledere, designere og webutviklere kan vi sette sammen et helhetlig konsept og levere alt markedsf\u00f8ringsmateriell som kreves for et vellykket salg og en god kundeopplevelse.<\/p>\n\n\n\n<p class=\"has-text-align-center has-black-color has-text-color\">Med bare \u00e9n kontakt sparer kundene v\u00e5re enormt mye tid som ellers ville g\u00e5tt med til \u00e5 synkronisere ulike eksterne byr\u00e5er, samtidig som vi garanterer en smidig produksjon som holder en r\u00f8d tr\u00e5d gjennom alle elementer. Hos oss kan du lene deg tilbake og v\u00e6re trygg p\u00e5 at du f\u00e5r et komplett produkt uten problemer. Hvis du allerede har et internt eller eksternt byr\u00e5 som utvikler strategi, bilder eller tekniske l\u00f8sninger, er det ikke noe problem! V\u00e5r modul\u00e6re struktur er enkel \u00e5 tilpasse til dine behov, og vi jobber like godt i team med andre kreative.<\/p>\n<\/div><\/div>\n<\/div><\/div>","protected":false},"excerpt":{"rendered":"<p>Vi skaper 3D-produktbilder som forenkler, effektiviserer og muliggj\u00f8r det umulige. For den rette typen produkter kan visualisering spare tid og penger, eller gj\u00f8re det som ikke er mulig med tradisjonell fotografering.<\/p>","protected":false},"author":4,"featured_media":1549,"parent":62,"menu_order":0,"comment_status":"closed","ping_status":"closed","template":"","meta":{"_acf_changed":false,"inline_featured_image":false,"ghostkit_customizer_options":"","ghostkit_custom_css":"","ghostkit_custom_js_head":"","ghostkit_custom_js_foot":"","ghostkit_typography":"","footnotes":""},"class_list":["post-4433","page","type-page","status-publish","has-post-thumbnail","hentry"],"acf":[],"_links":{"self":[{"href":"https:\/\/studio3d.se\/no\/wp-json\/wp\/v2\/pages\/4433","targetHints":{"allow":["GET"]}}],"collection":[{"href":"https:\/\/studio3d.se\/no\/wp-json\/wp\/v2\/pages"}],"about":[{"href":"https:\/\/studio3d.se\/no\/wp-json\/wp\/v2\/types\/page"}],"author":[{"embeddable":true,"href":"https:\/\/studio3d.se\/no\/wp-json\/wp\/v2\/users\/4"}],"replies":[{"embeddable":true,"href":"https:\/\/studio3d.se\/no\/wp-json\/wp\/v2\/comments?post=4433"}],"version-history":[{"count":5,"href":"https:\/\/studio3d.se\/no\/wp-json\/wp\/v2\/pages\/4433\/revisions"}],"predecessor-version":[{"id":4719,"href":"https:\/\/studio3d.se\/no\/wp-json\/wp\/v2\/pages\/4433\/revisions\/4719"}],"up":[{"embeddable":true,"href":"https:\/\/studio3d.se\/no\/wp-json\/wp\/v2\/pages\/62"}],"wp:featuredmedia":[{"embeddable":true,"href":"https:\/\/studio3d.se\/no\/wp-json\/wp\/v2\/media\/1549"}],"wp:attachment":[{"href":"https:\/\/studio3d.se\/no\/wp-json\/wp\/v2\/media?parent=4433"}],"curies":[{"name":"wp","href":"https:\/\/api.w.org\/{rel}","templated":true}]}}