{"id":252,"date":"2023-07-17T12:14:29","date_gmt":"2023-07-17T10:14:29","guid":{"rendered":"https:\/\/studio3d.se\/?page_id=252"},"modified":"2025-08-21T14:47:15","modified_gmt":"2025-08-21T12:47:15","slug":"vimage","status":"publish","type":"page","link":"https:\/\/studio3d.se\/no\/tjanster\/arkitektur\/3d-visualisering\/vimage\/","title":{"rendered":"Vimage"},"content":{"rendered":"<div class=\"wp-block-cover alignfull is-light\"><span aria-hidden=\"true\" class=\"wp-block-cover__background has-background-dim-30 has-background-dim\" style=\"background-color:#8e8b86\"><\/span><img decoding=\"async\" width=\"2000\" height=\"2000\" src=\"https:\/\/studio3d.se\/wp-content\/uploads\/2023\/08\/studio3d-arkitektur-tjanst-vimage-crop.jpg\" class=\"wp-block-cover__image-background wp-post-image\" alt=\"Vimage\" data-object-fit=\"cover\" srcset=\"https:\/\/studio3d.se\/wp-content\/uploads\/2023\/08\/studio3d-arkitektur-tjanst-vimage-crop.jpg 2000w, https:\/\/studio3d.se\/wp-content\/uploads\/2023\/08\/studio3d-arkitektur-tjanst-vimage-crop-768x768.jpg 768w, https:\/\/studio3d.se\/wp-content\/uploads\/2023\/08\/studio3d-arkitektur-tjanst-vimage-crop-1024x1024.jpg 1024w, https:\/\/studio3d.se\/wp-content\/uploads\/2023\/08\/studio3d-arkitektur-tjanst-vimage-crop-336x336.jpg 336w, https:\/\/studio3d.se\/wp-content\/uploads\/2023\/08\/studio3d-arkitektur-tjanst-vimage-crop-1536x1536.jpg 1536w, https:\/\/studio3d.se\/wp-content\/uploads\/2023\/08\/studio3d-arkitektur-tjanst-vimage-crop-1312x1312.jpg 1312w, https:\/\/studio3d.se\/wp-content\/uploads\/2023\/08\/studio3d-arkitektur-tjanst-vimage-crop-1610x1610.jpg 1610w, https:\/\/studio3d.se\/wp-content\/uploads\/2023\/08\/studio3d-arkitektur-tjanst-vimage-crop-832x832.jpg 832w\" sizes=\"(max-width: 2000px) 100vw, 2000px\" \/><div class=\"wp-block-cover__inner-container is-layout-flow wp-block-cover-is-layout-flow\">\n<h1 class=\"wp-block-heading has-text-align-center has-white-color has-text-color has-large-font-size\" id=\"vimage\">Vimage<\/h1>\n<\/div><\/div>\n\n\n\n<div class=\"wp-block-group ghostkit-custom-1KFLA7\"><div class=\"wp-block-group__inner-container is-layout-constrained wp-block-group-is-layout-constrained\"><ol class=\"breadcrumbs\">\n            <li class=\"\"><a href=\"https:\/\/studio3d.se\/no\/\">Vimage<\/a><\/li>\n    <\/ol>\n\n\n\n<div class=\"wp-block-group center ghostkit-custom-Z24HgRY\"><div class=\"wp-block-group__inner-container is-layout-constrained wp-block-group-is-layout-constrained\">\n<h2 class=\"wp-block-heading has-text-align-center\" id=\"hur-gar-det-till\">Visualisering av bevegelse med Vimage<\/h2>\n\n\n\n<div style=\"height:50px\" aria-hidden=\"true\" class=\"wp-block-spacer\"><\/div>\n\n\n\n<p class=\"has-text-align-center\">\u00c5 skape digitale <a href=\"https:\/\/studio3d.se\/no\/tjenester\/eiendom\/3d-visualisering\/video\/\" data-type=\"page\" data-id=\"250\">Video<\/a> er en kostbar prosess, ettersom vi forenklet sagt m\u00e5 produsere 30 3D-visualiseringer per sekund ferdig video. Det er lett \u00e5 regne ut at selv et klipp p\u00e5 fem sekunder inneholder et stort antall bilder, noe som krever datakapasitet \u00e5 produsere og derfor fort kan bli kostbart.<\/p>\n\n\n\n<p class=\"has-text-align-center\">Et alternativ til dette er vimages. Her tar vi utgangspunkt i standard 3D-visualiseringer, men foredler produktet ved \u00e5 velge ut egnede flater og elementer der vi kan erstatte innhold med bevegelige effekter. Innholdet blir mer levende og er et popul\u00e6rt produkt for \u00e5 skille seg ut i digitale medier eller p\u00e5 <a href=\"https:\/\/studio3d.se\/no\/eiendom\/tjenester\/prosjektets-nettside\/\" data-type=\"page\" data-id=\"233\">prosjektnettsteder<\/a>.<\/p>\n<\/div><\/div>\n<\/div><\/div>\n\n\n\n<div class=\"wp-block-group ghostkit-custom-1RvGmz\"><div class=\"wp-block-group__inner-container is-layout-constrained wp-block-group-is-layout-constrained\">\n<figure class=\"wp-block-video\"><video height=\"1766\" style=\"aspect-ratio: 2500 \/ 1766;\" width=\"2500\" autoplay loop muted poster=\"https:\/\/studio3d.se\/wp-content\/uploads\/2023\/08\/studio3d-arkitekt-tjanst-vimage-exempel-thumb.jpg\" preload=\"auto\" src=\"https:\/\/studio3d.se\/wp-content\/uploads\/2023\/08\/studio3d-arkitekt-tjanst-vimage-exempel.mp4\"><\/video><\/figure>\n<\/div><\/div>\n\n\n\n<div class=\"wp-block-group ghostkit-custom-Z1VvSCh\"><div class=\"wp-block-group__inner-container is-layout-constrained wp-block-group-is-layout-constrained\">\n<div style=\"height:75px\" aria-hidden=\"true\" class=\"wp-block-spacer\"><\/div>\n\n\n\n<div class=\"wp-block-group center ghostkit-custom-Z2FUPi\"><div class=\"wp-block-group__inner-container is-layout-constrained wp-block-group-is-layout-constrained\">\n<h2 class=\"wp-block-heading has-text-align-center\" id=\"hur-gar-det-till\">Hvorfor visualisere med Studio3D?<\/h2>\n\n\n\n<div style=\"height:25px\" aria-hidden=\"true\" class=\"wp-block-spacer\"><\/div>\n\n\n\n<h3 class=\"wp-block-heading has-text-align-center\">Bevist arbeidsprosess<\/h3>\n\n\n\n<p class=\"has-text-align-center ghostkit-custom-27lh97 has-black-color has-text-color\">Hvert prosjekt starter med et oppstartsm\u00f8te der vi samler inn dine \u00f8nsker om prosjektet og den tiltenkte m\u00e5lgruppen. P\u00e5 bakgrunn av dette skapes en persona som representerer kunden din, og som danner grunnlaget for alt fra valg av interi\u00f8rdesign til kameravinkler og lyssetting.<\/p>\n\n\n\n<h3 class=\"wp-block-heading has-text-align-center\">Erfaring<\/h3>\n\n\n\n<p class=\"has-text-align-center ghostkit-custom-ZamlSj has-black-color has-text-color\">Studio3D har over 10 \u00e5rs erfaring, og v\u00e5re dyktige interi\u00f8rarkitekter og prosjektledere kan garantere en produksjon som g\u00e5r raskt og smidig, og som holder en sv\u00e6rt h\u00f8y visuell kvalitet hele veien.<\/p>\n\n\n\n<h3 class=\"wp-block-heading has-text-align-center\">Et grensesnitt<\/h3>\n\n\n\n<p class=\"has-text-align-center ghostkit-custom-1FAO4l has-black-color has-text-color\">Studio3D kan dekke alle roller for et vellykket visualiseringsprosjekt. Vi har strateger, prosjektledere, interi\u00f8rdesignere og 3D-artister in-house. Unng\u00e5 bryet med \u00e5 synkronisere ulike byr\u00e5er med hverandre, og overlat styringen til oss. Du har bare \u00e9n kontaktperson, og vi tar oss av alt bak kulissene uten at du trenger \u00e5 tenke p\u00e5 det.<\/p>\n\n\n\n<h3 class=\"wp-block-heading has-text-align-center\">Rimelig<\/h3>\n\n\n\n<p class=\"has-text-align-center ghostkit-custom-1b8aCq has-black-color has-text-color\">Arkitektoniske visualiseringer med Studio3D er rimelige. Erfaring og en tydelig arbeidsprosess gj\u00f8r at vi kan tilby bildeproduksjon til gode priser med garantert resultat. Ingen skjulte kostnader eller tillegg, vi er s\u00e5 komfortable i v\u00e5r produksjon at vi alltid tilbyr faste priser.<\/p>\n\n\n\n<h2 class=\"wp-block-heading has-text-align-center\" id=\"vill-du-fa-inspiration\">Vil du bli inspirert?<\/h2>\n\n\n\n<p class=\"has-text-align-center\">Vennligst bes\u00f8k v\u00e5r <a href=\"https:\/\/studio3d.se\/no\/portefolje\/?primary=arkitektur\" data-type=\"page\" data-id=\"11\">portef\u00f8lje<\/a>. Der kan du hente inspirasjon fra v\u00e5re andre kunder.<\/p>\n<\/div><\/div>\n<\/div><\/div>","protected":false},"excerpt":{"rendered":"<p>Hvis du \u00f8nsker \u00e5 fange kundens interesse med bevegelig materiale, men til et lavere budsjett enn video, kan vi tilby vimages. Vi velger ut elementer i de ferdige visualiseringene dine som vi gj\u00f8r om til bevegelige effekter som kan loopes, og som er perfekte for bannere p\u00e5 nettsider eller innlegg p\u00e5 Instagram.<\/p>","protected":false},"author":4,"featured_media":1213,"parent":168,"menu_order":6,"comment_status":"closed","ping_status":"closed","template":"","meta":{"_acf_changed":false,"inline_featured_image":false,"ghostkit_customizer_options":"","ghostkit_custom_css":"","ghostkit_custom_js_head":"","ghostkit_custom_js_foot":"","ghostkit_typography":"","footnotes":""},"class_list":["post-252","page","type-page","status-publish","has-post-thumbnail","hentry"],"acf":[],"_links":{"self":[{"href":"https:\/\/studio3d.se\/no\/wp-json\/wp\/v2\/pages\/252","targetHints":{"allow":["GET"]}}],"collection":[{"href":"https:\/\/studio3d.se\/no\/wp-json\/wp\/v2\/pages"}],"about":[{"href":"https:\/\/studio3d.se\/no\/wp-json\/wp\/v2\/types\/page"}],"author":[{"embeddable":true,"href":"https:\/\/studio3d.se\/no\/wp-json\/wp\/v2\/users\/4"}],"replies":[{"embeddable":true,"href":"https:\/\/studio3d.se\/no\/wp-json\/wp\/v2\/comments?post=252"}],"version-history":[{"count":2,"href":"https:\/\/studio3d.se\/no\/wp-json\/wp\/v2\/pages\/252\/revisions"}],"predecessor-version":[{"id":5012,"href":"https:\/\/studio3d.se\/no\/wp-json\/wp\/v2\/pages\/252\/revisions\/5012"}],"up":[{"embeddable":true,"href":"https:\/\/studio3d.se\/no\/wp-json\/wp\/v2\/pages\/168"}],"wp:featuredmedia":[{"embeddable":true,"href":"https:\/\/studio3d.se\/no\/wp-json\/wp\/v2\/media\/1213"}],"wp:attachment":[{"href":"https:\/\/studio3d.se\/no\/wp-json\/wp\/v2\/media?parent=252"}],"curies":[{"name":"wp","href":"https:\/\/api.w.org\/{rel}","templated":true}]}}