{"id":245,"date":"2023-07-17T12:12:11","date_gmt":"2023-07-17T10:12:11","guid":{"rendered":"https:\/\/studio3d.se\/?page_id=245"},"modified":"2025-08-21T13:02:37","modified_gmt":"2025-08-21T11:02:37","slug":"360-virtuell-tour","status":"publish","type":"page","link":"https:\/\/studio3d.se\/no\/tjanster\/arkitektur\/3d-visualisering\/360-rundvandring\/","title":{"rendered":"3D Visning"},"content":{"rendered":"<div class=\"wp-block-cover alignfull\"><span aria-hidden=\"true\" class=\"wp-block-cover__background has-black-background-color has-background-dim-30 has-background-dim\"><\/span><img decoding=\"async\" width=\"2500\" height=\"1768\" src=\"https:\/\/studio3d.se\/wp-content\/uploads\/2023\/08\/banner-visualisering-brf-angen-4-1.jpg\" class=\"wp-block-cover__image-background wp-post-image\" alt=\"\" data-object-fit=\"cover\" srcset=\"https:\/\/studio3d.se\/wp-content\/uploads\/2023\/08\/banner-visualisering-brf-angen-4-1.jpg 2500w, https:\/\/studio3d.se\/wp-content\/uploads\/2023\/08\/banner-visualisering-brf-angen-4-1-768x543.jpg 768w, https:\/\/studio3d.se\/wp-content\/uploads\/2023\/08\/banner-visualisering-brf-angen-4-1-1024x724.jpg 1024w, https:\/\/studio3d.se\/wp-content\/uploads\/2023\/08\/banner-visualisering-brf-angen-4-1-336x238.jpg 336w, https:\/\/studio3d.se\/wp-content\/uploads\/2023\/08\/banner-visualisering-brf-angen-4-1-1536x1086.jpg 1536w, https:\/\/studio3d.se\/wp-content\/uploads\/2023\/08\/banner-visualisering-brf-angen-4-1-2048x1448.jpg 2048w, https:\/\/studio3d.se\/wp-content\/uploads\/2023\/08\/banner-visualisering-brf-angen-4-1-1312x928.jpg 1312w, https:\/\/studio3d.se\/wp-content\/uploads\/2023\/08\/banner-visualisering-brf-angen-4-1-1610x1139.jpg 1610w, https:\/\/studio3d.se\/wp-content\/uploads\/2023\/08\/banner-visualisering-brf-angen-4-1-1176x832.jpg 1176w\" sizes=\"(max-width: 2500px) 100vw, 2500px\" \/><div class=\"wp-block-cover__inner-container is-layout-flow wp-block-cover-is-layout-flow\">\n<h1 class=\"wp-block-heading has-text-align-center has-white-color has-text-color has-large-font-size\" id=\"360-rundvandring\">360-virtuell tour<\/h1>\n<\/div><\/div>\n\n\n\n<div class=\"wp-block-group ghostkit-custom-1KFLA7\"><div class=\"wp-block-group__inner-container is-layout-constrained wp-block-group-is-layout-constrained\"><ol class=\"breadcrumbs\">\n            <li class=\"\"><a href=\"https:\/\/studio3d.se\/no\/\">3D Visning<\/a><\/li>\n    <\/ol>\n\n\n\n<div class=\"wp-block-group center ghostkit-custom-Z24HgRY\"><div class=\"wp-block-group__inner-container is-layout-constrained wp-block-group-is-layout-constrained\">\n<h2 class=\"wp-block-heading has-text-align-center\" id=\"hur-gar-det-till\">Oppdag rom hjemmefra<\/h2>\n\n\n\n<div style=\"height:25px\" aria-hidden=\"true\" class=\"wp-block-spacer\"><\/div>\n\n\n\n<p class=\"has-text-align-center\">360-turer ble veldig popul\u00e6re hos oss da det ble vanskeligere \u00e5 bes\u00f8ke leilighetsvisninger fysisk, men har siden fortsatt \u00e5 v\u00e6re et ettertraktet produkt som et alternativ eller supplement til vanlige <a href=\"https:\/\/studio3d.se\/no\/tjenester\/eiendom\/3d-visualisering\/\" data-type=\"page\" data-id=\"168\">3D-visualiseringer<\/a>. En 360-tur best\u00e5r av faste punkter som en bruker kan st\u00e5 p\u00e5 og navigere mellom, samt rotere i. Slik kan man enkelt og i sitt eget tempo utforske boligen og f\u00e5 et godt inntrykk av spesielt planl\u00f8sning og overflate.<\/p>\n<\/div><\/div>\n<\/div><\/div>\n\n\n\n<h2 class=\"wp-block-heading has-text-align-center\" id=\"hur-gar-det-till\">Demo av 360-tur<\/h2>\n\n\n\n<div style=\"height:50px\" aria-hidden=\"true\" class=\"wp-block-spacer\"><\/div>\n\n\n\n<div><iframe title=\"Demo for 360-tur\" style=\"border: none; width: 100%; height:750px;max-height:100svh;\" src=\"https:\/\/resources.studio3d.se\/rundvandring\/drabanten19\/\" allowfullscreen><\/iframe><\/div>\n\n\n\n<div class=\"wp-block-group ghostkit-custom-Z1VvSCh\"><div class=\"wp-block-group__inner-container is-layout-constrained wp-block-group-is-layout-constrained\">\n<div style=\"height:75px\" aria-hidden=\"true\" class=\"wp-block-spacer\"><\/div>\n\n\n\n<div class=\"wp-block-group center ghostkit-custom-Z2FUPi\"><div class=\"wp-block-group__inner-container is-layout-constrained wp-block-group-is-layout-constrained\">\n<h2 class=\"wp-block-heading has-text-align-center\" id=\"hur-gar-det-till\">Hvorfor visualisere med Studio3D?<\/h2>\n\n\n\n<div style=\"height:25px\" aria-hidden=\"true\" class=\"wp-block-spacer\"><\/div>\n\n\n\n<h3 class=\"wp-block-heading has-text-align-center\">Bevist arbeidsprosess<\/h3>\n\n\n\n<p class=\"has-text-align-center ghostkit-custom-27lh97 has-black-color has-text-color\">Hvert prosjekt starter med et oppstartsm\u00f8te der vi samler inn dine \u00f8nsker om prosjektet og den tiltenkte m\u00e5lgruppen. P\u00e5 bakgrunn av dette skapes en persona som representerer kunden din, og som danner grunnlaget for alt fra valg av interi\u00f8rdesign til kameravinkler og lyssetting.<\/p>\n\n\n\n<h3 class=\"wp-block-heading has-text-align-center\">Erfaring<\/h3>\n\n\n\n<p class=\"has-text-align-center ghostkit-custom-ZamlSj has-black-color has-text-color\">Studio3D har over 10 \u00e5rs erfaring, og v\u00e5re dyktige interi\u00f8rarkitekter og prosjektledere kan garantere en produksjon som g\u00e5r raskt og smidig, og som holder en sv\u00e6rt h\u00f8y visuell kvalitet hele veien.<\/p>\n\n\n\n<h3 class=\"wp-block-heading has-text-align-center\">Et grensesnitt<\/h3>\n\n\n\n<p class=\"has-text-align-center ghostkit-custom-1FAO4l has-black-color has-text-color\">Studio3D kan dekke alle roller for et vellykket visualiseringsprosjekt. Vi har strateger, prosjektledere, interi\u00f8rdesignere og 3D-artister in-house. Unng\u00e5 bryet med \u00e5 synkronisere ulike byr\u00e5er med hverandre, og overlat styringen til oss. Du har bare \u00e9n kontaktperson, og vi tar oss av alt bak kulissene uten at du trenger \u00e5 tenke p\u00e5 det.<\/p>\n\n\n\n<h3 class=\"wp-block-heading has-text-align-center\">Rimelig<\/h3>\n\n\n\n<p class=\"has-text-align-center ghostkit-custom-1b8aCq has-black-color has-text-color\">Arkitektoniske visualiseringer med Studio3D er rimelige. Erfaring og en tydelig arbeidsprosess gj\u00f8r at vi kan tilby bildeproduksjon til gode priser med garantert resultat. Ingen skjulte kostnader eller tillegg, vi er s\u00e5 komfortable i v\u00e5r produksjon at vi alltid tilbyr faste priser.<\/p>\n\n\n\n<h2 class=\"wp-block-heading has-text-align-center\" id=\"vill-du-fa-inspiration\">Vil du bli inspirert?<\/h2>\n\n\n\n<p class=\"has-text-align-center\">Vennligst bes\u00f8k v\u00e5r <a href=\"https:\/\/studio3d.se\/no\/portefolje\/?primary=arkitektur\" data-type=\"page\" data-id=\"11\">portef\u00f8lje<\/a>. Der kan du hente inspirasjon fra v\u00e5re andre kunder.<\/p>\n<\/div><\/div>\n<\/div><\/div>","protected":false},"excerpt":{"rendered":"<p>Dette produktet er en bro mellom digitale visualiseringer og et reelt bes\u00f8k i hjemmet eller nabolaget, og lar brukeren utforske hjemmet i sitt eget tempo ved \u00e5 navigere og se seg rundt i utvalgte rom i hjemmet.<\/p>","protected":false},"author":4,"featured_media":995,"parent":168,"menu_order":4,"comment_status":"closed","ping_status":"closed","template":"","meta":{"_acf_changed":false,"inline_featured_image":false,"ghostkit_customizer_options":"","ghostkit_custom_css":"","ghostkit_custom_js_head":"","ghostkit_custom_js_foot":"","ghostkit_typography":"","footnotes":""},"class_list":["post-245","page","type-page","status-publish","has-post-thumbnail","hentry"],"acf":[],"_links":{"self":[{"href":"https:\/\/studio3d.se\/no\/wp-json\/wp\/v2\/pages\/245","targetHints":{"allow":["GET"]}}],"collection":[{"href":"https:\/\/studio3d.se\/no\/wp-json\/wp\/v2\/pages"}],"about":[{"href":"https:\/\/studio3d.se\/no\/wp-json\/wp\/v2\/types\/page"}],"author":[{"embeddable":true,"href":"https:\/\/studio3d.se\/no\/wp-json\/wp\/v2\/users\/4"}],"replies":[{"embeddable":true,"href":"https:\/\/studio3d.se\/no\/wp-json\/wp\/v2\/comments?post=245"}],"version-history":[{"count":5,"href":"https:\/\/studio3d.se\/no\/wp-json\/wp\/v2\/pages\/245\/revisions"}],"predecessor-version":[{"id":5010,"href":"https:\/\/studio3d.se\/no\/wp-json\/wp\/v2\/pages\/245\/revisions\/5010"}],"up":[{"embeddable":true,"href":"https:\/\/studio3d.se\/no\/wp-json\/wp\/v2\/pages\/168"}],"wp:featuredmedia":[{"embeddable":true,"href":"https:\/\/studio3d.se\/no\/wp-json\/wp\/v2\/media\/995"}],"wp:attachment":[{"href":"https:\/\/studio3d.se\/no\/wp-json\/wp\/v2\/media?parent=245"}],"curies":[{"name":"wp","href":"https:\/\/api.w.org\/{rel}","templated":true}]}}