{"id":237,"date":"2023-07-17T11:52:33","date_gmt":"2023-07-17T09:52:33","guid":{"rendered":"https:\/\/studio3d.se\/?page_id=237"},"modified":"2025-08-19T10:50:57","modified_gmt":"2025-08-19T08:50:57","slug":"faktaark-om-boliger","status":"publish","type":"page","link":"https:\/\/studio3d.se\/no\/tjanster\/arkitektur\/bofaktablad\/","title":{"rendered":"Plantegninger"},"content":{"rendered":"<div class=\"wp-block-cover alignfull is-light\"><span aria-hidden=\"true\" class=\"wp-block-cover__background has-black-background-color has-background-dim-30 has-background-dim\"><\/span><img decoding=\"async\" width=\"2228\" height=\"2228\" src=\"https:\/\/studio3d.se\/wp-content\/uploads\/2023\/08\/bofaktablad-mockup-borsoknalunden.jpg\" class=\"wp-block-cover__image-background wp-post-image\" alt=\"Faktaark om boliger bors\u00f6knalunden i milj\u00f8et\" data-object-fit=\"cover\" srcset=\"https:\/\/studio3d.se\/wp-content\/uploads\/2023\/08\/bofaktablad-mockup-borsoknalunden.jpg 2228w, https:\/\/studio3d.se\/wp-content\/uploads\/2023\/08\/bofaktablad-mockup-borsoknalunden-768x768.jpg 768w, https:\/\/studio3d.se\/wp-content\/uploads\/2023\/08\/bofaktablad-mockup-borsoknalunden-1024x1024.jpg 1024w, https:\/\/studio3d.se\/wp-content\/uploads\/2023\/08\/bofaktablad-mockup-borsoknalunden-336x336.jpg 336w, https:\/\/studio3d.se\/wp-content\/uploads\/2023\/08\/bofaktablad-mockup-borsoknalunden-1536x1536.jpg 1536w, https:\/\/studio3d.se\/wp-content\/uploads\/2023\/08\/bofaktablad-mockup-borsoknalunden-2048x2048.jpg 2048w, https:\/\/studio3d.se\/wp-content\/uploads\/2023\/08\/bofaktablad-mockup-borsoknalunden-1312x1312.jpg 1312w, https:\/\/studio3d.se\/wp-content\/uploads\/2023\/08\/bofaktablad-mockup-borsoknalunden-1610x1610.jpg 1610w, https:\/\/studio3d.se\/wp-content\/uploads\/2023\/08\/bofaktablad-mockup-borsoknalunden-832x832.jpg 832w\" sizes=\"(max-width: 2228px) 100vw, 2228px\" \/><div class=\"wp-block-cover__inner-container is-layout-flow wp-block-cover-is-layout-flow\">\n<h1 class=\"wp-block-heading has-text-align-center has-white-color has-text-color has-large-font-size\" id=\"bofaktablad\">Plantegninger<\/h1>\n<\/div><\/div>\n\n\n\n<div class=\"wp-block-group ghostkit-custom-1KFLA7\"><div class=\"wp-block-group__inner-container is-layout-constrained wp-block-group-is-layout-constrained\"><ol class=\"breadcrumbs\">\n            <li class=\"\"><a href=\"https:\/\/studio3d.se\/no\/\">Plantegninger<\/a><\/li>\n    <\/ol>\n\n\n\n<div class=\"wp-block-group center ghostkit-custom-Z24HgRY\"><div class=\"wp-block-group__inner-container is-layout-constrained wp-block-group-is-layout-constrained\">\n<h2 class=\"wp-block-heading has-text-align-center\">Unike faktaark<\/h2>\n\n\n\n<p class=\"has-text-align-center\">For \u00e5 selge nybygg er det viktigste selvf\u00f8lgelig tegninger. <a href=\"https:\/\/studio3d.se\/no\/eiendom\/tjenester\/visualisering\/\" data-type=\"page\" data-id=\"168\">3D-visualiseringer<\/a> formidler f\u00f8lelsen og mulighetene ved eiendommen, men alle interesserte \u00f8nsker \u00e5 se tegninger for \u00e5 se n\u00f8yaktig hvordan eiendommen ser ut. I dagens f\u00f8lelsesstyrte verden er imidlertid svart-hvite arkitekttegninger en perfekt stemningsdriver. Skill deg ut fra mengden ved \u00e5 bruke unike prosjektfaktaark som formidler mer enn bare dimensjoner.<\/p>\n<\/div><\/div>\n<\/div><\/div>\n\n\n\n<figure class=\"wp-block-image size-full ghostkit-custom-Z2tPRyx\"><a href=\"https:\/\/studio3d.se\/wp-content\/uploads\/2023\/08\/studio3d-arkitektur-tjanster-bofaktablad-exempel.pdf\" target=\"_blank\" rel=\"noreferrer noopener\"><img decoding=\"async\" width=\"2500\" height=\"1768\" src=\"https:\/\/studio3d.se\/wp-content\/uploads\/2023\/08\/studio3d-arkitektur-tjanster-bofaktablad-exempel-min.png\" alt=\"\" class=\"wp-image-1309\" srcset=\"https:\/\/studio3d.se\/wp-content\/uploads\/2023\/08\/studio3d-arkitektur-tjanster-bofaktablad-exempel-min.png 2500w, https:\/\/studio3d.se\/wp-content\/uploads\/2023\/08\/studio3d-arkitektur-tjanster-bofaktablad-exempel-min-768x543.png 768w, https:\/\/studio3d.se\/wp-content\/uploads\/2023\/08\/studio3d-arkitektur-tjanster-bofaktablad-exempel-min-1024x724.png 1024w, https:\/\/studio3d.se\/wp-content\/uploads\/2023\/08\/studio3d-arkitektur-tjanster-bofaktablad-exempel-min-336x238.png 336w, https:\/\/studio3d.se\/wp-content\/uploads\/2023\/08\/studio3d-arkitektur-tjanster-bofaktablad-exempel-min-1536x1086.png 1536w, https:\/\/studio3d.se\/wp-content\/uploads\/2023\/08\/studio3d-arkitektur-tjanster-bofaktablad-exempel-min-2048x1448.png 2048w, https:\/\/studio3d.se\/wp-content\/uploads\/2023\/08\/studio3d-arkitektur-tjanster-bofaktablad-exempel-min-1312x928.png 1312w, https:\/\/studio3d.se\/wp-content\/uploads\/2023\/08\/studio3d-arkitektur-tjanster-bofaktablad-exempel-min-1610x1139.png 1610w, https:\/\/studio3d.se\/wp-content\/uploads\/2023\/08\/studio3d-arkitektur-tjanster-bofaktablad-exempel-min-1176x832.png 1176w\" sizes=\"(max-width: 2500px) 100vw, 2500px\" \/><\/a><\/figure>\n\n\n\n<div class=\"wp-block-group ghostkit-custom-ZBo2fx\"><div class=\"wp-block-group__inner-container is-layout-constrained wp-block-group-is-layout-constrained\">\n<div style=\"height:75px\" aria-hidden=\"true\" class=\"wp-block-spacer\"><\/div>\n\n\n\n<h2 class=\"wp-block-heading has-text-align-center\">Hvorfor Studio3D?<\/h2>\n\n\n\n<div style=\"height:50px\" aria-hidden=\"true\" class=\"wp-block-spacer\"><\/div>\n\n\n\n<h3 class=\"wp-block-heading has-text-align-center\">Harmonisert<\/h3>\n\n\n\n<div class=\"wp-block-group center ghostkit-custom-Z1HkJLi\"><div class=\"wp-block-group__inner-container is-layout-constrained wp-block-group-is-layout-constrained\">\n<p class=\"has-text-align-center ghostkit-custom-23BuXG\">N\u00e5r vi jobber med boligprosjekter, tar vi en helhetlig tiln\u00e6rming til produksjonen og hjelper til med en <a href=\"https:\/\/studio3d.se\/no\/eiendom\/tjenester\/grafisk-materiale\/grafisk-profil\/\" data-type=\"page\" data-id=\"861\">grafisk profil<\/a> som fanger opp prosjektets kjerne, og som deretter gjennomsyrer hele produksjonen. Dette resulterer i at alle deler av leveransen, enten det er <a href=\"https:\/\/studio3d.se\/no\/tjenester\/eiendom\/3d-visualisering\/\" data-type=\"page\" data-id=\"168\">visualiseringer<\/a>, <a href=\"https:\/\/studio3d.se\/no\/tjenester\/eiendom\/prosjektets-nettside\/\" data-type=\"page\" data-id=\"233\">prosjektets nettside<\/a>, <a href=\"https:\/\/studio3d.se\/no\/tjenester\/eiendom\/boligvelger\/\" data-type=\"page\" data-id=\"223\">boligvelgere<\/a>, <a href=\"https:\/\/studio3d.se\/no\/tjenester\/eiendom\/grafisk-materiale\/katalog\/\" data-type=\"page\" data-id=\"865\">Katalog<\/a> eller noen av v\u00e5re andre <a href=\"https:\/\/studio3d.se\/no\/tjenester\/eiendom\/\" data-type=\"page\" data-id=\"4431\">tjenester<\/a>, holder en r\u00f8d tr\u00e5d.<\/p>\n<\/div><\/div>\n<\/div><\/div>","protected":false},"excerpt":{"rendered":"<p>Til tross for vellykkede visualiseringer avhenger mye p\u00e5 plantegningene n\u00e5r man skal kj\u00f8pe en ny bolig. Vi har blitt eksperter p\u00e5 \u00e5 forvandle ellers kjedelige tegninger til stemningsfulle og innbydende plantegninger.<\/p>","protected":false},"author":4,"featured_media":1186,"parent":4431,"menu_order":5,"comment_status":"closed","ping_status":"closed","template":"","meta":{"_acf_changed":false,"inline_featured_image":false,"ghostkit_customizer_options":"","ghostkit_custom_css":"","ghostkit_custom_js_head":"","ghostkit_custom_js_foot":"","ghostkit_typography":"","footnotes":""},"class_list":["post-237","page","type-page","status-publish","has-post-thumbnail","hentry"],"acf":[],"_links":{"self":[{"href":"https:\/\/studio3d.se\/no\/wp-json\/wp\/v2\/pages\/237","targetHints":{"allow":["GET"]}}],"collection":[{"href":"https:\/\/studio3d.se\/no\/wp-json\/wp\/v2\/pages"}],"about":[{"href":"https:\/\/studio3d.se\/no\/wp-json\/wp\/v2\/types\/page"}],"author":[{"embeddable":true,"href":"https:\/\/studio3d.se\/no\/wp-json\/wp\/v2\/users\/4"}],"replies":[{"embeddable":true,"href":"https:\/\/studio3d.se\/no\/wp-json\/wp\/v2\/comments?post=237"}],"version-history":[{"count":6,"href":"https:\/\/studio3d.se\/no\/wp-json\/wp\/v2\/pages\/237\/revisions"}],"predecessor-version":[{"id":4965,"href":"https:\/\/studio3d.se\/no\/wp-json\/wp\/v2\/pages\/237\/revisions\/4965"}],"up":[{"embeddable":true,"href":"https:\/\/studio3d.se\/no\/wp-json\/wp\/v2\/pages\/4431"}],"wp:featuredmedia":[{"embeddable":true,"href":"https:\/\/studio3d.se\/no\/wp-json\/wp\/v2\/media\/1186"}],"wp:attachment":[{"href":"https:\/\/studio3d.se\/no\/wp-json\/wp\/v2\/media?parent=237"}],"curies":[{"name":"wp","href":"https:\/\/api.w.org\/{rel}","templated":true}]}}