{"id":235,"date":"2023-07-18T11:51:32","date_gmt":"2023-07-18T09:51:32","guid":{"rendered":"https:\/\/studio3d.se\/?page_id=235"},"modified":"2025-08-19T10:52:33","modified_gmt":"2025-08-19T08:52:33","slug":"grafisk-materiale","status":"publish","type":"page","link":"https:\/\/studio3d.se\/no\/tjanster\/arkitektur\/grafiskt-material\/","title":{"rendered":"Grafisk materiell"},"content":{"rendered":"<div class=\"wp-block-cover alignfull is-light\"><span aria-hidden=\"true\" class=\"wp-block-cover__background has-black-background-color has-background-dim-30 has-background-dim\"><\/span><img decoding=\"async\" width=\"2560\" height=\"1917\" src=\"https:\/\/studio3d.se\/wp-content\/uploads\/2023\/08\/studio3d-arkitektur-tjanst-grafisktmaterial-scaled.jpg\" class=\"wp-block-cover__image-background wp-post-image\" alt=\"Grafisk materiale\" data-object-fit=\"cover\" srcset=\"https:\/\/studio3d.se\/wp-content\/uploads\/2023\/08\/studio3d-arkitektur-tjanst-grafisktmaterial-scaled.jpg 2560w, https:\/\/studio3d.se\/wp-content\/uploads\/2023\/08\/studio3d-arkitektur-tjanst-grafisktmaterial-768x575.jpg 768w, https:\/\/studio3d.se\/wp-content\/uploads\/2023\/08\/studio3d-arkitektur-tjanst-grafisktmaterial-1024x767.jpg 1024w, https:\/\/studio3d.se\/wp-content\/uploads\/2023\/08\/studio3d-arkitektur-tjanst-grafisktmaterial-336x252.jpg 336w, https:\/\/studio3d.se\/wp-content\/uploads\/2023\/08\/studio3d-arkitektur-tjanst-grafisktmaterial-1536x1150.jpg 1536w, https:\/\/studio3d.se\/wp-content\/uploads\/2023\/08\/studio3d-arkitektur-tjanst-grafisktmaterial-2048x1533.jpg 2048w, https:\/\/studio3d.se\/wp-content\/uploads\/2023\/08\/studio3d-arkitektur-tjanst-grafisktmaterial-1312x982.jpg 1312w, https:\/\/studio3d.se\/wp-content\/uploads\/2023\/08\/studio3d-arkitektur-tjanst-grafisktmaterial-1610x1205.jpg 1610w, https:\/\/studio3d.se\/wp-content\/uploads\/2023\/08\/studio3d-arkitektur-tjanst-grafisktmaterial-1111x832.jpg 1111w\" sizes=\"(max-width: 2560px) 100vw, 2560px\" \/><div class=\"wp-block-cover__inner-container is-layout-flow wp-block-cover-is-layout-flow\">\n<h1 class=\"wp-block-heading has-text-align-center has-white-color has-text-color has-large-font-size\" id=\"grafiskt-material\">Grafisk materiell<\/h1>\n<\/div><\/div>\n\n\n\n<div class=\"wp-block-group ghostkit-custom-1KFLA7\"><div class=\"wp-block-group__inner-container is-layout-constrained wp-block-group-is-layout-constrained\"><ol class=\"breadcrumbs\">\n            <li class=\"\"><a href=\"https:\/\/studio3d.se\/no\/\">Grafisk materiell<\/a><\/li>\n    <\/ol>\n\n\n\n<div class=\"wp-block-group center ghostkit-custom-Z24HgRY\"><div class=\"wp-block-group__inner-container is-layout-constrained wp-block-group-is-layout-constrained\">\n<h2 class=\"wp-block-heading has-text-align-center\">Skreddersydd for deg<\/h2>\n\n\n\n<p class=\"has-text-align-center\">De siste \u00e5rene har vi utvidet det grafiske segmentet v\u00e5rt kraftig. Vi tilbyr i tillegg til <a href=\"https:\/\/studio3d.se\/no\/eiendom\/tjenester\/faktaark-om-boliger\/\" data-type=\"page\" data-id=\"237\">plantegninger<\/a> ogs\u00e5 produksjon av <a href=\"https:\/\/studio3d.se\/no\/eiendom\/tjenester\/grafisk-materiale\/katalog\/\" data-type=\"page\" data-id=\"865\">kataloger<\/a>, <a href=\"https:\/\/studio3d.se\/no\/eiendom\/tjenester\/grafisk-materiale\/kart\/\" data-type=\"page\" data-id=\"870\">informative kart<\/a>, logoer og hele <a href=\"https:\/\/studio3d.se\/no\/eiendom\/tjenester\/grafisk-materiale\/grafisk-profil\/\" data-type=\"page\" data-id=\"861\">grafiske profiler<\/a>. Derfor kan vi n\u00e5 ogs\u00e5 levere originaler til alt trykt salgsmateriell, alt tilpasset ditt unike boligprosjekt.<\/p>\n\n\n\n<p class=\"has-text-align-center\">Vi tar ogs\u00e5 gjerne p\u00e5 oss andre grafiske prosjekter og layoutoppdrag som ikke er oppf\u00f8rt i produktene nedenfor, bare kontakt oss for \u00e5 diskutere dine spesifikke behov.<\/p>\n<\/div><\/div>\n<\/div><\/div>\n\n\n<section class=\"services-wrapper\">\r\n                    <article class=\"services-item\">\r\n            <a href=\"https:\/\/studio3d.se\/no\/tjanster\/arkitektur\/3d-visualisering\/\">\r\n                <div class=\"service-thumbnail-wrapper\">\r\n                    <img decoding=\"async\" width=\"1973\" height=\"2560\" src=\"https:\/\/studio3d.se\/wp-content\/uploads\/2023\/08\/studio3d-arkitektur-tjanst-visualisering-scaled.jpg\" class=\"attachment-post-thumbnail size-post-thumbnail wp-post-image\" alt=\"Visualisering av fellesrommet\" srcset=\"https:\/\/studio3d.se\/wp-content\/uploads\/2023\/08\/studio3d-arkitektur-tjanst-visualisering-scaled.jpg 1973w, https:\/\/studio3d.se\/wp-content\/uploads\/2023\/08\/studio3d-arkitektur-tjanst-visualisering-592x768.jpg 592w, https:\/\/studio3d.se\/wp-content\/uploads\/2023\/08\/studio3d-arkitektur-tjanst-visualisering-789x1024.jpg 789w, https:\/\/studio3d.se\/wp-content\/uploads\/2023\/08\/studio3d-arkitektur-tjanst-visualisering-259x336.jpg 259w, https:\/\/studio3d.se\/wp-content\/uploads\/2023\/08\/studio3d-arkitektur-tjanst-visualisering-768x997.jpg 768w, https:\/\/studio3d.se\/wp-content\/uploads\/2023\/08\/studio3d-arkitektur-tjanst-visualisering-1184x1536.jpg 1184w, https:\/\/studio3d.se\/wp-content\/uploads\/2023\/08\/studio3d-arkitektur-tjanst-visualisering-1578x2048.jpg 1578w, https:\/\/studio3d.se\/wp-content\/uploads\/2023\/08\/studio3d-arkitektur-tjanst-visualisering-1011x1312.jpg 1011w, https:\/\/studio3d.se\/wp-content\/uploads\/2023\/08\/studio3d-arkitektur-tjanst-visualisering-1241x1610.jpg 1241w, https:\/\/studio3d.se\/wp-content\/uploads\/2023\/08\/studio3d-arkitektur-tjanst-visualisering-641x832.jpg 641w\" sizes=\"(max-width: 1973px) 100vw, 1973px\" \/>                <\/div>\r\n                <h2>3D Visualisering<\/h2>\r\n                <p>Visualisering er fortsatt v\u00e5r kjernevirksomhet, og det er ikke s\u00e5 rart. Et bilde sier mer enn tusen ord. Vi leverer en rekke produkter og digitale l\u00f8sninger p\u00e5 dette omr\u00e5det.<\/p>\r\n                <span class=\"button-link\">Les mer om dette<\/span>\r\n            <\/a>\r\n        <\/article>\r\n                    <article class=\"services-item\">\r\n            <a href=\"https:\/\/studio3d.se\/no\/tjanster\/arkitektur\/bostadsvaljare\/\">\r\n                <div class=\"service-thumbnail-wrapper\">\r\n                    <img decoding=\"async\" width=\"2000\" height=\"2000\" src=\"https:\/\/studio3d.se\/wp-content\/uploads\/2023\/08\/studio3d-arkitektur-tjanst-bostadsvaljare-crop.jpg\" class=\"attachment-post-thumbnail size-post-thumbnail wp-post-image\" alt=\"Bilde av produkthusvelgeren\" srcset=\"https:\/\/studio3d.se\/wp-content\/uploads\/2023\/08\/studio3d-arkitektur-tjanst-bostadsvaljare-crop.jpg 2000w, https:\/\/studio3d.se\/wp-content\/uploads\/2023\/08\/studio3d-arkitektur-tjanst-bostadsvaljare-crop-768x768.jpg 768w, https:\/\/studio3d.se\/wp-content\/uploads\/2023\/08\/studio3d-arkitektur-tjanst-bostadsvaljare-crop-1024x1024.jpg 1024w, https:\/\/studio3d.se\/wp-content\/uploads\/2023\/08\/studio3d-arkitektur-tjanst-bostadsvaljare-crop-336x336.jpg 336w, https:\/\/studio3d.se\/wp-content\/uploads\/2023\/08\/studio3d-arkitektur-tjanst-bostadsvaljare-crop-1536x1536.jpg 1536w, https:\/\/studio3d.se\/wp-content\/uploads\/2023\/08\/studio3d-arkitektur-tjanst-bostadsvaljare-crop-1312x1312.jpg 1312w, https:\/\/studio3d.se\/wp-content\/uploads\/2023\/08\/studio3d-arkitektur-tjanst-bostadsvaljare-crop-1610x1610.jpg 1610w, https:\/\/studio3d.se\/wp-content\/uploads\/2023\/08\/studio3d-arkitektur-tjanst-bostadsvaljare-crop-832x832.jpg 832w\" sizes=\"(max-width: 2000px) 100vw, 2000px\" \/>                <\/div>\r\n                <h2>Boligvelger<\/h2>\r\n                <p>V\u00e5r boligvelger er utviklet for \u00e5 passe naturlig inn p\u00e5 alle sider. Utseendet til hver enkelt boligvelger er skreddersydd til ditt spesifikke prosjekt og nettsted. Vi har ogs\u00e5 en rekke meglersamarbeid, noe som gj\u00f8r administrasjonen enklere enn noensinne!<\/p>\r\n                <span class=\"button-link\">Les mer om dette<\/span>\r\n            <\/a>\r\n        <\/article>\r\n                    <article class=\"services-item\">\r\n            <a href=\"https:\/\/studio3d.se\/no\/tjanster\/arkitektur\/solstudie\/\">\r\n                <div class=\"service-thumbnail-wrapper\">\r\n                    <img decoding=\"async\" width=\"1920\" height=\"1920\" src=\"https:\/\/studio3d.se\/wp-content\/uploads\/2023\/08\/studio3d-arkitektur-tjanst-solstudie-still.jpg\" class=\"attachment-post-thumbnail size-post-thumbnail wp-post-image\" alt=\"Stillbilde fra eksempel p\u00e5 solstudie\" srcset=\"https:\/\/studio3d.se\/wp-content\/uploads\/2023\/08\/studio3d-arkitektur-tjanst-solstudie-still.jpg 1920w, https:\/\/studio3d.se\/wp-content\/uploads\/2023\/08\/studio3d-arkitektur-tjanst-solstudie-still-768x768.jpg 768w, https:\/\/studio3d.se\/wp-content\/uploads\/2023\/08\/studio3d-arkitektur-tjanst-solstudie-still-1024x1024.jpg 1024w, https:\/\/studio3d.se\/wp-content\/uploads\/2023\/08\/studio3d-arkitektur-tjanst-solstudie-still-336x336.jpg 336w, https:\/\/studio3d.se\/wp-content\/uploads\/2023\/08\/studio3d-arkitektur-tjanst-solstudie-still-1536x1536.jpg 1536w, https:\/\/studio3d.se\/wp-content\/uploads\/2023\/08\/studio3d-arkitektur-tjanst-solstudie-still-1312x1312.jpg 1312w, https:\/\/studio3d.se\/wp-content\/uploads\/2023\/08\/studio3d-arkitektur-tjanst-solstudie-still-1610x1610.jpg 1610w, https:\/\/studio3d.se\/wp-content\/uploads\/2023\/08\/studio3d-arkitektur-tjanst-solstudie-still-832x832.jpg 832w\" sizes=\"(max-width: 1920px) 100vw, 1920px\" \/>                <\/div>\r\n                <h2>Solstudio<\/h2>\r\n                <p>N\u00e5r man skal velge bolig, er solens plassering en stor betydning for mange, om ikke alle. V\u00e5r solstudio finnes i mange brukervennlige varianter og kan brukes for seg selv eller med boligvelgeren. Alt for \u00e5 gj\u00f8re kundene tryggere n\u00e5r de skal velge bolig.<\/p>\r\n                <span class=\"button-link\">Les mer om dette<\/span>\r\n            <\/a>\r\n        <\/article>\r\n                    <article class=\"services-item\">\r\n            <a href=\"https:\/\/studio3d.se\/no\/tjanster\/arkitektur\/projekthemsida\/\">\r\n                <div class=\"service-thumbnail-wrapper\">\r\n                    <img decoding=\"async\" width=\"2000\" height=\"2000\" src=\"https:\/\/studio3d.se\/wp-content\/uploads\/2023\/08\/studio3d-arkitektur-tjanst-projektsida-crop.jpg\" class=\"attachment-post-thumbnail size-post-thumbnail wp-post-image\" alt=\"Prosjektnettside\" srcset=\"https:\/\/studio3d.se\/wp-content\/uploads\/2023\/08\/studio3d-arkitektur-tjanst-projektsida-crop.jpg 2000w, https:\/\/studio3d.se\/wp-content\/uploads\/2023\/08\/studio3d-arkitektur-tjanst-projektsida-crop-768x768.jpg 768w, https:\/\/studio3d.se\/wp-content\/uploads\/2023\/08\/studio3d-arkitektur-tjanst-projektsida-crop-1024x1024.jpg 1024w, https:\/\/studio3d.se\/wp-content\/uploads\/2023\/08\/studio3d-arkitektur-tjanst-projektsida-crop-336x336.jpg 336w, https:\/\/studio3d.se\/wp-content\/uploads\/2023\/08\/studio3d-arkitektur-tjanst-projektsida-crop-1536x1536.jpg 1536w, https:\/\/studio3d.se\/wp-content\/uploads\/2023\/08\/studio3d-arkitektur-tjanst-projektsida-crop-1312x1312.jpg 1312w, https:\/\/studio3d.se\/wp-content\/uploads\/2023\/08\/studio3d-arkitektur-tjanst-projektsida-crop-1610x1610.jpg 1610w, https:\/\/studio3d.se\/wp-content\/uploads\/2023\/08\/studio3d-arkitektur-tjanst-projektsida-crop-832x832.jpg 832w\" sizes=\"(max-width: 2000px) 100vw, 2000px\" \/>                <\/div>\r\n                <h2>Prosjektnettside<\/h2>\r\n                <p>Vi utvikler nettsteder av varierende kompleksitet, fra prisgunstige prosjektnettsider til skreddersydde bedriftsnettsider. Vi hoster alle tekniske l\u00f8sninger selv, slik at vi kan tilby f\u00f8rsteklasses support, oppetid og hastighet.<\/p>\r\n                <span class=\"button-link\">Les mer om dette<\/span>\r\n            <\/a>\r\n        <\/article>\r\n                    <article class=\"services-item\">\r\n            <a href=\"https:\/\/studio3d.se\/no\/tjanster\/arkitektur\/bofaktablad\/\">\r\n                <div class=\"service-thumbnail-wrapper\">\r\n                    <img decoding=\"async\" width=\"2228\" height=\"2228\" src=\"https:\/\/studio3d.se\/wp-content\/uploads\/2023\/08\/bofaktablad-mockup-borsoknalunden.jpg\" class=\"attachment-post-thumbnail size-post-thumbnail wp-post-image\" alt=\"Faktaark om boliger bors\u00f6knalunden i milj\u00f8et\" srcset=\"https:\/\/studio3d.se\/wp-content\/uploads\/2023\/08\/bofaktablad-mockup-borsoknalunden.jpg 2228w, https:\/\/studio3d.se\/wp-content\/uploads\/2023\/08\/bofaktablad-mockup-borsoknalunden-768x768.jpg 768w, https:\/\/studio3d.se\/wp-content\/uploads\/2023\/08\/bofaktablad-mockup-borsoknalunden-1024x1024.jpg 1024w, https:\/\/studio3d.se\/wp-content\/uploads\/2023\/08\/bofaktablad-mockup-borsoknalunden-336x336.jpg 336w, https:\/\/studio3d.se\/wp-content\/uploads\/2023\/08\/bofaktablad-mockup-borsoknalunden-1536x1536.jpg 1536w, https:\/\/studio3d.se\/wp-content\/uploads\/2023\/08\/bofaktablad-mockup-borsoknalunden-2048x2048.jpg 2048w, https:\/\/studio3d.se\/wp-content\/uploads\/2023\/08\/bofaktablad-mockup-borsoknalunden-1312x1312.jpg 1312w, https:\/\/studio3d.se\/wp-content\/uploads\/2023\/08\/bofaktablad-mockup-borsoknalunden-1610x1610.jpg 1610w, https:\/\/studio3d.se\/wp-content\/uploads\/2023\/08\/bofaktablad-mockup-borsoknalunden-832x832.jpg 832w\" sizes=\"(max-width: 2228px) 100vw, 2228px\" \/>                <\/div>\r\n                <h2>Plantegninger<\/h2>\r\n                <p>Til tross for vellykkede visualiseringer avhenger mye p\u00e5 plantegningene n\u00e5r man skal kj\u00f8pe en ny bolig. Vi har blitt eksperter p\u00e5 \u00e5 forvandle ellers kjedelige tegninger til stemningsfulle og innbydende plantegninger.<\/p>\r\n                <span class=\"button-link\">Les mer om dette<\/span>\r\n            <\/a>\r\n        <\/article>\r\n                    <article class=\"services-item\">\r\n            <a href=\"https:\/\/studio3d.se\/no\/tjanster\/arkitektur\/grafiskt-material\/\">\r\n                <div class=\"service-thumbnail-wrapper\">\r\n                    <img decoding=\"async\" width=\"2560\" height=\"1917\" src=\"https:\/\/studio3d.se\/wp-content\/uploads\/2023\/08\/studio3d-arkitektur-tjanst-grafisktmaterial-scaled.jpg\" class=\"attachment-post-thumbnail size-post-thumbnail wp-post-image\" alt=\"Grafisk materiale\" srcset=\"https:\/\/studio3d.se\/wp-content\/uploads\/2023\/08\/studio3d-arkitektur-tjanst-grafisktmaterial-scaled.jpg 2560w, https:\/\/studio3d.se\/wp-content\/uploads\/2023\/08\/studio3d-arkitektur-tjanst-grafisktmaterial-768x575.jpg 768w, https:\/\/studio3d.se\/wp-content\/uploads\/2023\/08\/studio3d-arkitektur-tjanst-grafisktmaterial-1024x767.jpg 1024w, https:\/\/studio3d.se\/wp-content\/uploads\/2023\/08\/studio3d-arkitektur-tjanst-grafisktmaterial-336x252.jpg 336w, https:\/\/studio3d.se\/wp-content\/uploads\/2023\/08\/studio3d-arkitektur-tjanst-grafisktmaterial-1536x1150.jpg 1536w, https:\/\/studio3d.se\/wp-content\/uploads\/2023\/08\/studio3d-arkitektur-tjanst-grafisktmaterial-2048x1533.jpg 2048w, https:\/\/studio3d.se\/wp-content\/uploads\/2023\/08\/studio3d-arkitektur-tjanst-grafisktmaterial-1312x982.jpg 1312w, https:\/\/studio3d.se\/wp-content\/uploads\/2023\/08\/studio3d-arkitektur-tjanst-grafisktmaterial-1610x1205.jpg 1610w, https:\/\/studio3d.se\/wp-content\/uploads\/2023\/08\/studio3d-arkitektur-tjanst-grafisktmaterial-1111x832.jpg 1111w\" sizes=\"(max-width: 2560px) 100vw, 2560px\" \/>                <\/div>\r\n                <h2>Grafisk materiell<\/h2>\r\n                <p>I en digital tidsalder er det noen ganger lett \u00e5 glemme kraften i trykt materiale. V\u00e5rt grafisk design team designer og produserer kataloger av h\u00f8y kvalitet for ditt prosjekts unike profil.<\/p>\r\n                <span class=\"button-link\">Les mer om dette<\/span>\r\n            <\/a>\r\n        <\/article>\r\n    <\/section>","protected":false},"excerpt":{"rendered":"<p>I en digital tidsalder er det noen ganger lett \u00e5 glemme kraften i trykt materiale. V\u00e5rt grafisk design team designer og produserer kataloger av h\u00f8y kvalitet for ditt prosjekts unike profil.<\/p>","protected":false},"author":4,"featured_media":1132,"parent":4431,"menu_order":6,"comment_status":"closed","ping_status":"closed","template":"","meta":{"_acf_changed":false,"inline_featured_image":false,"ghostkit_customizer_options":"","ghostkit_custom_css":"","ghostkit_custom_js_head":"","ghostkit_custom_js_foot":"","ghostkit_typography":"","footnotes":""},"class_list":["post-235","page","type-page","status-publish","has-post-thumbnail","hentry"],"acf":[],"_links":{"self":[{"href":"https:\/\/studio3d.se\/no\/wp-json\/wp\/v2\/pages\/235","targetHints":{"allow":["GET"]}}],"collection":[{"href":"https:\/\/studio3d.se\/no\/wp-json\/wp\/v2\/pages"}],"about":[{"href":"https:\/\/studio3d.se\/no\/wp-json\/wp\/v2\/types\/page"}],"author":[{"embeddable":true,"href":"https:\/\/studio3d.se\/no\/wp-json\/wp\/v2\/users\/4"}],"replies":[{"embeddable":true,"href":"https:\/\/studio3d.se\/no\/wp-json\/wp\/v2\/comments?post=235"}],"version-history":[{"count":6,"href":"https:\/\/studio3d.se\/no\/wp-json\/wp\/v2\/pages\/235\/revisions"}],"predecessor-version":[{"id":5022,"href":"https:\/\/studio3d.se\/no\/wp-json\/wp\/v2\/pages\/235\/revisions\/5022"}],"up":[{"embeddable":true,"href":"https:\/\/studio3d.se\/no\/wp-json\/wp\/v2\/pages\/4431"}],"wp:featuredmedia":[{"embeddable":true,"href":"https:\/\/studio3d.se\/no\/wp-json\/wp\/v2\/media\/1132"}],"wp:attachment":[{"href":"https:\/\/studio3d.se\/no\/wp-json\/wp\/v2\/media?parent=235"}],"curies":[{"name":"wp","href":"https:\/\/api.w.org\/{rel}","templated":true}]}}