{"id":233,"date":"2023-07-17T11:50:16","date_gmt":"2023-07-17T09:50:16","guid":{"rendered":"https:\/\/studio3d.se\/?page_id=233"},"modified":"2025-08-19T10:50:34","modified_gmt":"2025-08-19T08:50:34","slug":"prosjektets-nettside","status":"publish","type":"page","link":"https:\/\/studio3d.se\/no\/tjanster\/arkitektur\/projekthemsida\/","title":{"rendered":"Prosjektnettside"},"content":{"rendered":"<div class=\"wp-block-cover alignfull\"><img decoding=\"async\" width=\"2500\" height=\"2500\" class=\"wp-block-cover__image-background wp-image-1172\" alt=\"Prosjektnettside\" src=\"https:\/\/studio3d.se\/wp-content\/uploads\/2023\/08\/studio3d-arkitektur-tjanst-projektsida.jpg\" data-object-fit=\"cover\" srcset=\"https:\/\/studio3d.se\/wp-content\/uploads\/2023\/08\/studio3d-arkitektur-tjanst-projektsida.jpg 2500w, https:\/\/studio3d.se\/wp-content\/uploads\/2023\/08\/studio3d-arkitektur-tjanst-projektsida-768x768.jpg 768w, https:\/\/studio3d.se\/wp-content\/uploads\/2023\/08\/studio3d-arkitektur-tjanst-projektsida-1024x1024.jpg 1024w, https:\/\/studio3d.se\/wp-content\/uploads\/2023\/08\/studio3d-arkitektur-tjanst-projektsida-336x336.jpg 336w, https:\/\/studio3d.se\/wp-content\/uploads\/2023\/08\/studio3d-arkitektur-tjanst-projektsida-1536x1536.jpg 1536w, https:\/\/studio3d.se\/wp-content\/uploads\/2023\/08\/studio3d-arkitektur-tjanst-projektsida-2048x2048.jpg 2048w, https:\/\/studio3d.se\/wp-content\/uploads\/2023\/08\/studio3d-arkitektur-tjanst-projektsida-1312x1312.jpg 1312w, https:\/\/studio3d.se\/wp-content\/uploads\/2023\/08\/studio3d-arkitektur-tjanst-projektsida-1610x1610.jpg 1610w, https:\/\/studio3d.se\/wp-content\/uploads\/2023\/08\/studio3d-arkitektur-tjanst-projektsida-832x832.jpg 832w\" sizes=\"(max-width: 2500px) 100vw, 2500px\" \/><span aria-hidden=\"true\" class=\"wp-block-cover__background has-background-dim-30 has-background-dim\"><\/span><div class=\"wp-block-cover__inner-container is-layout-flow wp-block-cover-is-layout-flow\">\n<h1 class=\"wp-block-heading has-text-align-center has-white-color has-text-color has-large-font-size\" id=\"projekthemsida\">Prosjektnettside<\/h1>\n<\/div><\/div>\n\n\n\n<div class=\"wp-block-group ghostkit-custom-1KFLA7\"><div class=\"wp-block-group__inner-container is-layout-constrained wp-block-group-is-layout-constrained\"><ol class=\"breadcrumbs\">\n            <li class=\"\"><a href=\"https:\/\/studio3d.se\/no\/\">Prosjektnettside<\/a><\/li>\n    <\/ol>\n\n\n\n<h2 class=\"wp-block-heading has-text-align-center\">En digital portal<\/h2>\n\n\n\n<div class=\"wp-block-group center ghostkit-custom-Z24HgRY\"><div class=\"wp-block-group__inner-container is-layout-constrained wp-block-group-is-layout-constrained\">\n<p class=\"has-text-align-center\">N\u00e5r du skal selge et nybyggprosjekt, er det fint \u00e5 ha et digitalt hjem \u00e5 henvise kundene til. Noe som avlaster meglere, skaper interesse og effektivt gir interessentene dine tilgang til all informasjon om prosjektet p\u00e5 ett sted.<\/p>\n\n\n\n<p class=\"has-text-align-center\">Prosjeketnettsiden genererer ofte en rekke leads gjennom b\u00e5de <a href=\"https:\/\/studio3d.se\/no\/eiendom\/tjenester\/boligvelger\/\" data-type=\"page\" data-id=\"223\">boligvelgere<\/a> og generelle interessetilkendegivelser, et utmerket supplement til eiendomsmeglerens markedsf\u00f8rings- og salgsprosess.<\/p>\n<\/div><\/div>\n<\/div><\/div>\n\n\n\n<h2 class=\"wp-block-heading has-text-align-center\">Utforsk helhetlige prosjekter med prosjektets hjemmeside<\/h2>\n\n\n\n<div style=\"height:50px\" aria-hidden=\"true\" class=\"wp-block-spacer\"><\/div>\n\n\n<section class=\"portfolio-snippet\">\n                            <div class=\"portfolio-snippet-gallery\">\n                            <article class=\"gallery-item\" aria-label=\"Nabolaget Laken - Lidk\u00f6ping\" data-id=\"4739\">\n                    <a href=\"https:\/\/studio3d.se\/no\/portfolio\/kvarteret-laken-lidkoping\/\">\n                        <img decoding=\"async\" width=\"2500\" height=\"1767\" src=\"https:\/\/studio3d.se\/wp-content\/uploads\/2025\/07\/visualisering_kvarteret-laken_ext1.jpg\" class=\"attachment-4739 size-4739 wp-post-image\" alt=\"utvendig visualisering av g\u00e5rdsplass\" srcset=\"https:\/\/studio3d.se\/wp-content\/uploads\/2025\/07\/visualisering_kvarteret-laken_ext1.jpg 2500w, https:\/\/studio3d.se\/wp-content\/uploads\/2025\/07\/visualisering_kvarteret-laken_ext1-768x543.jpg 768w, https:\/\/studio3d.se\/wp-content\/uploads\/2025\/07\/visualisering_kvarteret-laken_ext1-1024x724.jpg 1024w, https:\/\/studio3d.se\/wp-content\/uploads\/2025\/07\/visualisering_kvarteret-laken_ext1-336x237.jpg 336w, https:\/\/studio3d.se\/wp-content\/uploads\/2025\/07\/visualisering_kvarteret-laken_ext1-1536x1086.jpg 1536w, https:\/\/studio3d.se\/wp-content\/uploads\/2025\/07\/visualisering_kvarteret-laken_ext1-2048x1448.jpg 2048w, https:\/\/studio3d.se\/wp-content\/uploads\/2025\/07\/visualisering_kvarteret-laken_ext1-18x12.jpg 18w, https:\/\/studio3d.se\/wp-content\/uploads\/2025\/07\/visualisering_kvarteret-laken_ext1-1312x927.jpg 1312w, https:\/\/studio3d.se\/wp-content\/uploads\/2025\/07\/visualisering_kvarteret-laken_ext1-1610x1138.jpg 1610w, https:\/\/studio3d.se\/wp-content\/uploads\/2025\/07\/visualisering_kvarteret-laken_ext1-1177x832.jpg 1177w\" sizes=\"(max-width: 2500px) 100vw, 2500px\" \/>                        <h3>Nabolaget Laken - Lidk\u00f6ping<\/h3>\n                    <\/a>\n                <\/article>\n                            <article class=\"gallery-item\" aria-label=\"Havsfrun - Nyn\u00e4shamn\" data-id=\"3238\">\n                    <a href=\"https:\/\/studio3d.se\/no\/portfolio\/havsfrun-nynashamn\/\">\n                        <img decoding=\"async\" width=\"2500\" height=\"1569\" src=\"https:\/\/studio3d.se\/wp-content\/uploads\/2024\/08\/visualisering-drabanten19-exterior-3.jpg\" class=\"attachment-3238 size-3238 wp-post-image\" alt=\"Visualisering av Nyn\u00e4shamns eksteri\u00f8r\" srcset=\"https:\/\/studio3d.se\/wp-content\/uploads\/2024\/08\/visualisering-drabanten19-exterior-3.jpg 2500w, https:\/\/studio3d.se\/wp-content\/uploads\/2024\/08\/visualisering-drabanten19-exterior-3-768x482.jpg 768w, https:\/\/studio3d.se\/wp-content\/uploads\/2024\/08\/visualisering-drabanten19-exterior-3-1024x643.jpg 1024w, https:\/\/studio3d.se\/wp-content\/uploads\/2024\/08\/visualisering-drabanten19-exterior-3-336x211.jpg 336w, https:\/\/studio3d.se\/wp-content\/uploads\/2024\/08\/visualisering-drabanten19-exterior-3-1536x964.jpg 1536w, https:\/\/studio3d.se\/wp-content\/uploads\/2024\/08\/visualisering-drabanten19-exterior-3-2048x1285.jpg 2048w, https:\/\/studio3d.se\/wp-content\/uploads\/2024\/08\/visualisering-drabanten19-exterior-3-18x12.jpg 18w, https:\/\/studio3d.se\/wp-content\/uploads\/2024\/08\/visualisering-drabanten19-exterior-3-1312x823.jpg 1312w, https:\/\/studio3d.se\/wp-content\/uploads\/2024\/08\/visualisering-drabanten19-exterior-3-1610x1010.jpg 1610w, https:\/\/studio3d.se\/wp-content\/uploads\/2024\/08\/visualisering-drabanten19-exterior-3-1326x832.jpg 1326w\" sizes=\"(max-width: 2500px) 100vw, 2500px\" \/>                        <h3>Havsfrun - Nyn\u00e4shamn<\/h3>\n                    <\/a>\n                <\/article>\n                            <article class=\"gallery-item\" aria-label=\"Smart Lodge Living - Vemdalen\" data-id=\"3091\">\n                    <a href=\"https:\/\/studio3d.se\/no\/portfolio\/smart-lodge-living-vemdalen\/\">\n                        <img decoding=\"async\" width=\"2500\" height=\"1665\" src=\"https:\/\/studio3d.se\/wp-content\/uploads\/2024\/07\/studio3d_-smartlodgeliving_ext1-min.jpg\" class=\"attachment-3091 size-3091 wp-post-image\" alt=\"Oversikt over utvendig visualisering\" srcset=\"https:\/\/studio3d.se\/wp-content\/uploads\/2024\/07\/studio3d_-smartlodgeliving_ext1-min.jpg 2500w, https:\/\/studio3d.se\/wp-content\/uploads\/2024\/07\/studio3d_-smartlodgeliving_ext1-min-768x511.jpg 768w, https:\/\/studio3d.se\/wp-content\/uploads\/2024\/07\/studio3d_-smartlodgeliving_ext1-min-1024x682.jpg 1024w, https:\/\/studio3d.se\/wp-content\/uploads\/2024\/07\/studio3d_-smartlodgeliving_ext1-min-336x224.jpg 336w, https:\/\/studio3d.se\/wp-content\/uploads\/2024\/07\/studio3d_-smartlodgeliving_ext1-min-1536x1023.jpg 1536w, https:\/\/studio3d.se\/wp-content\/uploads\/2024\/07\/studio3d_-smartlodgeliving_ext1-min-2048x1364.jpg 2048w, https:\/\/studio3d.se\/wp-content\/uploads\/2024\/07\/studio3d_-smartlodgeliving_ext1-min-18x12.jpg 18w, https:\/\/studio3d.se\/wp-content\/uploads\/2024\/07\/studio3d_-smartlodgeliving_ext1-min-1312x874.jpg 1312w, https:\/\/studio3d.se\/wp-content\/uploads\/2024\/07\/studio3d_-smartlodgeliving_ext1-min-1610x1072.jpg 1610w, https:\/\/studio3d.se\/wp-content\/uploads\/2024\/07\/studio3d_-smartlodgeliving_ext1-min-1249x832.jpg 1249w\" sizes=\"(max-width: 2500px) 100vw, 2500px\" \/>                        <h3>Smart Lodge Living - Vemdalen<\/h3>\n                    <\/a>\n                <\/article>\n                            <article class=\"gallery-item\" aria-label=\"Molnstigen - Sollentuna\" data-id=\"1830\">\n                    <a href=\"https:\/\/studio3d.se\/no\/portfolio\/molnstigen-sollentuna\/\">\n                        <img decoding=\"async\" width=\"2500\" height=\"1875\" src=\"https:\/\/studio3d.se\/wp-content\/uploads\/2023\/10\/visualisering-molnstigen-detaljvisualisering_2-min.jpg\" class=\"attachment-1830 size-1830 wp-post-image\" alt=\"Detaljert visualisering av et soverom fra en tomannsbolig i Sollentuna.\" srcset=\"https:\/\/studio3d.se\/wp-content\/uploads\/2023\/10\/visualisering-molnstigen-detaljvisualisering_2-min.jpg 2500w, https:\/\/studio3d.se\/wp-content\/uploads\/2023\/10\/visualisering-molnstigen-detaljvisualisering_2-min-768x576.jpg 768w, https:\/\/studio3d.se\/wp-content\/uploads\/2023\/10\/visualisering-molnstigen-detaljvisualisering_2-min-1024x768.jpg 1024w, https:\/\/studio3d.se\/wp-content\/uploads\/2023\/10\/visualisering-molnstigen-detaljvisualisering_2-min-336x252.jpg 336w, https:\/\/studio3d.se\/wp-content\/uploads\/2023\/10\/visualisering-molnstigen-detaljvisualisering_2-min-1536x1152.jpg 1536w, https:\/\/studio3d.se\/wp-content\/uploads\/2023\/10\/visualisering-molnstigen-detaljvisualisering_2-min-2048x1536.jpg 2048w, https:\/\/studio3d.se\/wp-content\/uploads\/2023\/10\/visualisering-molnstigen-detaljvisualisering_2-min-1312x984.jpg 1312w, https:\/\/studio3d.se\/wp-content\/uploads\/2023\/10\/visualisering-molnstigen-detaljvisualisering_2-min-1610x1208.jpg 1610w, https:\/\/studio3d.se\/wp-content\/uploads\/2023\/10\/visualisering-molnstigen-detaljvisualisering_2-min-1109x832.jpg 1109w\" sizes=\"(max-width: 2500px) 100vw, 2500px\" \/>                        <h3>Molnstigen - Sollentuna<\/h3>\n                    <\/a>\n                <\/article>\n                    \n        <\/div>\n        <div style=\"display:flex;gap:16px;align-items:center;\">\n        <a href=\"https:\/\/studio3d.se\/no\/portfolio\/?primary=arkitektur\" class=\"button-link\">Portef\u00f8lje<\/a>\n             <\/div>\n<\/section>\n\n\n\n<div class=\"wp-block-group ghostkit-custom-ZBo2fx\"><div class=\"wp-block-group__inner-container is-layout-constrained wp-block-group-is-layout-constrained\">\n<div style=\"height:75px\" aria-hidden=\"true\" class=\"wp-block-spacer\"><\/div>\n\n\n\n<h2 class=\"wp-block-heading has-text-align-center\">Hvorfor Studio3D?<\/h2>\n\n\n\n<div style=\"height:50px\" aria-hidden=\"true\" class=\"wp-block-spacer\"><\/div>\n\n\n\n<h3 class=\"wp-block-heading has-text-align-center\">En helhetlig tiln\u00e6rming<\/h3>\n\n\n\n<div class=\"wp-block-group center ghostkit-custom-Z1HkJLi\"><div class=\"wp-block-group__inner-container is-layout-constrained wp-block-group-is-layout-constrained\">\n<p class=\"has-text-align-center ghostkit-custom-23BuXG\">Prosjektnettstedene v\u00e5re omfatter ogs\u00e5 opprettelse av en effektiv og attraktiv <a href=\"https:\/\/studio3d.se\/no\/eiendom\/tjenester\/grafisk-materiale\/grafisk-profil\/\" data-type=\"page\" data-id=\"861\">grafisk profil<\/a> som fanger prosjektets kjerne, og som deretter gjennomsyrer hele produksjonen. Resultatet er en portal som effektivt kan formidle prosjektet ditt b\u00e5de visuelt, f\u00f8lelsesmessig og informativt.<\/p>\n\n\n\n<h3 class=\"wp-block-heading has-text-align-center\">Interne utviklere<\/h3>\n\n\n\n<p class=\"has-text-align-center ghostkit-custom-vlIFr\">Studio3D er mer enn et visualiseringsbyr\u00e5, og vi har et lite utviklingsteam som tar seg av v\u00e5re egne produkter i tillegg til \u00e5 utvikle nettsteder for en rekke utviklere. Det betyr at vi kan tilby konkurransedyktige priser p\u00e5 utvikling uten \u00e5 m\u00e5tte involvere et webbyr\u00e5. I tillegg tilbyr vi f\u00f8rsteklasses hosting gjennom v\u00e5r underleverand\u00f8r <a href=\"https:\/\/rocketship.se\/\" target=\"_blank\" data-type=\"link\" data-id=\"https:\/\/rocketship.se\/\" rel=\"noreferrer noopener nofollow\">RocketShip<\/a>.<\/p>\n<\/div><\/div>\n<\/div><\/div>","protected":false},"excerpt":{"rendered":"<p>Vi utvikler nettsteder av varierende kompleksitet, fra prisgunstige prosjektnettsider til skreddersydde bedriftsnettsider. Vi hoster alle tekniske l\u00f8sninger selv, slik at vi kan tilby f\u00f8rsteklasses support, oppetid og hastighet.<\/p>","protected":false},"author":4,"featured_media":1206,"parent":4431,"menu_order":4,"comment_status":"closed","ping_status":"closed","template":"","meta":{"_acf_changed":false,"inline_featured_image":false,"ghostkit_customizer_options":"","ghostkit_custom_css":"","ghostkit_custom_js_head":"","ghostkit_custom_js_foot":"","ghostkit_typography":"","footnotes":""},"class_list":["post-233","page","type-page","status-publish","has-post-thumbnail","hentry"],"acf":[],"_links":{"self":[{"href":"https:\/\/studio3d.se\/no\/wp-json\/wp\/v2\/pages\/233","targetHints":{"allow":["GET"]}}],"collection":[{"href":"https:\/\/studio3d.se\/no\/wp-json\/wp\/v2\/pages"}],"about":[{"href":"https:\/\/studio3d.se\/no\/wp-json\/wp\/v2\/types\/page"}],"author":[{"embeddable":true,"href":"https:\/\/studio3d.se\/no\/wp-json\/wp\/v2\/users\/4"}],"replies":[{"embeddable":true,"href":"https:\/\/studio3d.se\/no\/wp-json\/wp\/v2\/comments?post=233"}],"version-history":[{"count":7,"href":"https:\/\/studio3d.se\/no\/wp-json\/wp\/v2\/pages\/233\/revisions"}],"predecessor-version":[{"id":4961,"href":"https:\/\/studio3d.se\/no\/wp-json\/wp\/v2\/pages\/233\/revisions\/4961"}],"up":[{"embeddable":true,"href":"https:\/\/studio3d.se\/no\/wp-json\/wp\/v2\/pages\/4431"}],"wp:featuredmedia":[{"embeddable":true,"href":"https:\/\/studio3d.se\/no\/wp-json\/wp\/v2\/media\/1206"}],"wp:attachment":[{"href":"https:\/\/studio3d.se\/no\/wp-json\/wp\/v2\/media?parent=233"}],"curies":[{"name":"wp","href":"https:\/\/api.w.org\/{rel}","templated":true}]}}