{"id":231,"date":"2023-07-17T11:48:49","date_gmt":"2023-07-17T09:48:49","guid":{"rendered":"https:\/\/studio3d.se\/?page_id=231"},"modified":"2025-08-18T10:58:08","modified_gmt":"2025-08-18T08:58:08","slug":"solstudie","status":"publish","type":"page","link":"https:\/\/studio3d.se\/no\/tjanster\/arkitektur\/solstudie\/","title":{"rendered":"Solstudio"},"content":{"rendered":"<div class=\"wp-block-cover alignfull is-light\"><span aria-hidden=\"true\" class=\"wp-block-cover__background has-black-background-color has-background-dim-30 has-background-dim\"><\/span><img decoding=\"async\" width=\"1920\" height=\"1920\" src=\"https:\/\/studio3d.se\/wp-content\/uploads\/2023\/08\/studio3d-arkitektur-tjanst-solstudie-still.jpg\" class=\"wp-block-cover__image-background wp-post-image\" alt=\"Stillbilde fra eksempel p\u00e5 solstudie\" data-object-fit=\"cover\" data-object-position=\"50% 31%\" style=\"object-position:50% 31%;\" srcset=\"https:\/\/studio3d.se\/wp-content\/uploads\/2023\/08\/studio3d-arkitektur-tjanst-solstudie-still.jpg 1920w, https:\/\/studio3d.se\/wp-content\/uploads\/2023\/08\/studio3d-arkitektur-tjanst-solstudie-still-768x768.jpg 768w, https:\/\/studio3d.se\/wp-content\/uploads\/2023\/08\/studio3d-arkitektur-tjanst-solstudie-still-1024x1024.jpg 1024w, https:\/\/studio3d.se\/wp-content\/uploads\/2023\/08\/studio3d-arkitektur-tjanst-solstudie-still-336x336.jpg 336w, https:\/\/studio3d.se\/wp-content\/uploads\/2023\/08\/studio3d-arkitektur-tjanst-solstudie-still-1536x1536.jpg 1536w, https:\/\/studio3d.se\/wp-content\/uploads\/2023\/08\/studio3d-arkitektur-tjanst-solstudie-still-1312x1312.jpg 1312w, https:\/\/studio3d.se\/wp-content\/uploads\/2023\/08\/studio3d-arkitektur-tjanst-solstudie-still-1610x1610.jpg 1610w, https:\/\/studio3d.se\/wp-content\/uploads\/2023\/08\/studio3d-arkitektur-tjanst-solstudie-still-832x832.jpg 832w\" sizes=\"(max-width: 1920px) 100vw, 1920px\" \/><div class=\"wp-block-cover__inner-container is-layout-flow wp-block-cover-is-layout-flow\">\n<h1 class=\"wp-block-heading has-text-align-center has-white-color has-text-color has-large-font-size\" id=\"solstudie\">Solstudio<\/h1>\n<\/div><\/div>\n\n\n\n<div class=\"wp-block-group ghostkit-custom-1KFLA7\"><div class=\"wp-block-group__inner-container is-layout-constrained wp-block-group-is-layout-constrained\"><ol class=\"breadcrumbs\">\n            <li class=\"\"><a href=\"https:\/\/studio3d.se\/no\/\">Solstudio<\/a><\/li>\n    <\/ol>\n\n\n\n<h2 class=\"wp-block-heading has-text-align-center\">Solstudio<\/h2>\n\n\n\n<div class=\"wp-block-group center ghostkit-custom-Z24HgRY\"><div class=\"wp-block-group__inner-container is-layout-constrained wp-block-group-is-layout-constrained\">\n<p class=\"has-text-align-center\">I et land som er preget av m\u00f8rke og kulde store deler av \u00e5ret, er vi nok alle soltilbedere n\u00e5r sjansen byr seg. For \u00e5 gj\u00f8re det enklere for kundene \u00e5 f\u00e5 tilgang til solinformasjon, tilbyr vi produktet solstudie. Produktet kan brukes uavhengig av andre tjenester, men kan ogs\u00e5 implementeres som en del av v\u00e5r <a href=\"https:\/\/studio3d.se\/no\/eiendom\/tjenester\/boligvelger\/\" data-type=\"page\" data-id=\"223\">boligvelgere<\/a>. Det er ogs\u00e5 mulig \u00e5 melde sin interesse direkte for den mest solrike leiligheten i prosjektet.<\/p>\n<\/div><\/div>\n<\/div><\/div>\n\n\n\n<div class=\"wp-block-group ghostkit-custom-2w4WNL\"><div class=\"wp-block-group__inner-container is-layout-constrained wp-block-group-is-layout-constrained\">\n<h2 class=\"wp-block-heading has-text-align-center\">Demo<\/h2>\n\n\n\n<div style=\"height:50px\" aria-hidden=\"true\" class=\"wp-block-spacer\"><\/div>\n\n\n\n<div><iframe src=\"https:\/\/resources.studio3d.se\/solstudie\/projekt\/brfmolnstigen\/\" id=\"s3d-solstudie\" style=\"margin: 0px; padding: 0px; border: none; width: 100%; height: 883px;\"><\/iframe>\n<script src=\"https:\/\/resources.studio3d.se\/solstudie\/utils\/iframe.js\"><\/script><\/div>\n<\/div><\/div>\n\n\n\n<div class=\"wp-block-group ghostkit-custom-ZBo2fx\"><div class=\"wp-block-group__inner-container is-layout-constrained wp-block-group-is-layout-constrained\">\n<div style=\"height:75px\" aria-hidden=\"true\" class=\"wp-block-spacer\"><\/div>\n\n\n\n<h2 class=\"wp-block-heading has-text-align-center\">Hvorfor Studio3D?<\/h2>\n\n\n\n<div style=\"height:50px\" aria-hidden=\"true\" class=\"wp-block-spacer\"><\/div>\n\n\n\n<h3 class=\"wp-block-heading has-text-align-center\">Integrering av boligvelger<\/h3>\n\n\n\n<div class=\"wp-block-group center ghostkit-custom-Z1HkJLi\"><div class=\"wp-block-group__inner-container is-layout-constrained wp-block-group-is-layout-constrained\">\n<p class=\"has-text-align-center ghostkit-custom-23BuXG\">Brukes som en del av v\u00e5r <a href=\"https:\/\/studio3d.se\/no\/tjenester\/eiendom\/boligvelger\/\" data-type=\"page\" data-id=\"223\">boligvelgere<\/a> La kundene dine enkelt registrere sin interesse for bestemte eiendommer, slik at du raskt kan komme i kontakt med potensielle kunder og allerede vet n\u00f8yaktig hva de er ute etter.<\/p>\n\n\n\n<h3 class=\"wp-block-heading has-text-align-center\">Basert p\u00e5 virkeligheten<\/h3>\n\n\n\n<p class=\"has-text-align-center ghostkit-custom-vlIFr\">Vi bruker reelle soldata fra <a href=\"https:\/\/www.suncalc.org\/\" data-type=\"link\" data-id=\"https:\/\/www.suncalc.org\/\" target=\"_blank\" rel=\"noreferrer noopener nofollow\">SunCalc<\/a> for \u00e5 f\u00e5 prosjektet ditt i riktig solposisjon basert p\u00e5 GPS-koordinater og datoer.<\/p>\n\n\n\n<h3 class=\"wp-block-heading has-text-align-center\">Fleksibelt produkt<\/h3>\n\n\n\n<p class=\"has-text-align-center ghostkit-custom-JGawL\">Solstudioet v\u00e5rt utvikles og drives internt, noe som betyr at vi kjenner produktet utenat og p\u00e5 forh\u00e5nd, og kan tilby skreddersydde l\u00f8sninger og kontinuerlig implementere nye funksjoner ved behov.<\/p>\n<\/div><\/div>\n<\/div><\/div>","protected":false},"excerpt":{"rendered":"<p>N\u00e5r man skal velge bolig, er solens plassering en stor betydning for mange, om ikke alle. V\u00e5r solstudio finnes i mange brukervennlige varianter og kan brukes for seg selv eller med boligvelgeren. Alt for \u00e5 gj\u00f8re kundene tryggere n\u00e5r de skal velge bolig.<\/p>","protected":false},"author":4,"featured_media":1248,"parent":4431,"menu_order":3,"comment_status":"closed","ping_status":"closed","template":"","meta":{"_acf_changed":false,"inline_featured_image":false,"ghostkit_customizer_options":"","ghostkit_custom_css":"","ghostkit_custom_js_head":"","ghostkit_custom_js_foot":"","ghostkit_typography":"","footnotes":""},"class_list":["post-231","page","type-page","status-publish","has-post-thumbnail","hentry"],"acf":[],"_links":{"self":[{"href":"https:\/\/studio3d.se\/no\/wp-json\/wp\/v2\/pages\/231","targetHints":{"allow":["GET"]}}],"collection":[{"href":"https:\/\/studio3d.se\/no\/wp-json\/wp\/v2\/pages"}],"about":[{"href":"https:\/\/studio3d.se\/no\/wp-json\/wp\/v2\/types\/page"}],"author":[{"embeddable":true,"href":"https:\/\/studio3d.se\/no\/wp-json\/wp\/v2\/users\/4"}],"replies":[{"embeddable":true,"href":"https:\/\/studio3d.se\/no\/wp-json\/wp\/v2\/comments?post=231"}],"version-history":[{"count":5,"href":"https:\/\/studio3d.se\/no\/wp-json\/wp\/v2\/pages\/231\/revisions"}],"predecessor-version":[{"id":4957,"href":"https:\/\/studio3d.se\/no\/wp-json\/wp\/v2\/pages\/231\/revisions\/4957"}],"up":[{"embeddable":true,"href":"https:\/\/studio3d.se\/no\/wp-json\/wp\/v2\/pages\/4431"}],"wp:featuredmedia":[{"embeddable":true,"href":"https:\/\/studio3d.se\/no\/wp-json\/wp\/v2\/media\/1248"}],"wp:attachment":[{"href":"https:\/\/studio3d.se\/no\/wp-json\/wp\/v2\/media?parent=231"}],"curies":[{"name":"wp","href":"https:\/\/api.w.org\/{rel}","templated":true}]}}