{"id":219,"date":"2023-07-17T10:54:30","date_gmt":"2023-07-17T08:54:30","guid":{"rendered":"https:\/\/studio3d.se\/?page_id=219"},"modified":"2025-08-19T13:21:34","modified_gmt":"2025-08-19T11:21:34","slug":"interiorvisualisering","status":"publish","type":"page","link":"https:\/\/studio3d.se\/no\/tjanster\/arkitektur\/3d-visualisering\/interior-visualisering\/","title":{"rendered":"Interi\u00f8r visualisering"},"content":{"rendered":"<div class=\"wp-block-cover alignfull is-light\"><img decoding=\"async\" width=\"2560\" height=\"1810\" class=\"wp-block-cover__image-background wp-image-1133\" alt=\"Visualisering av interi\u00f8ret\" src=\"https:\/\/studio3d.se\/wp-content\/uploads\/2023\/08\/studio3d-arkitektur-tjanst-interiorvisualisering-scaled.jpg\" data-object-fit=\"cover\" srcset=\"https:\/\/studio3d.se\/wp-content\/uploads\/2023\/08\/studio3d-arkitektur-tjanst-interiorvisualisering-scaled.jpg 2560w, https:\/\/studio3d.se\/wp-content\/uploads\/2023\/08\/studio3d-arkitektur-tjanst-interiorvisualisering-768x543.jpg 768w, https:\/\/studio3d.se\/wp-content\/uploads\/2023\/08\/studio3d-arkitektur-tjanst-interiorvisualisering-1024x724.jpg 1024w, https:\/\/studio3d.se\/wp-content\/uploads\/2023\/08\/studio3d-arkitektur-tjanst-interiorvisualisering-336x238.jpg 336w, https:\/\/studio3d.se\/wp-content\/uploads\/2023\/08\/studio3d-arkitektur-tjanst-interiorvisualisering-1536x1086.jpg 1536w, https:\/\/studio3d.se\/wp-content\/uploads\/2023\/08\/studio3d-arkitektur-tjanst-interiorvisualisering-2048x1448.jpg 2048w, https:\/\/studio3d.se\/wp-content\/uploads\/2023\/08\/studio3d-arkitektur-tjanst-interiorvisualisering-1312x928.jpg 1312w, https:\/\/studio3d.se\/wp-content\/uploads\/2023\/08\/studio3d-arkitektur-tjanst-interiorvisualisering-1610x1138.jpg 1610w, https:\/\/studio3d.se\/wp-content\/uploads\/2023\/08\/studio3d-arkitektur-tjanst-interiorvisualisering-1177x832.jpg 1177w\" sizes=\"(max-width: 2560px) 100vw, 2560px\" \/><span aria-hidden=\"true\" class=\"wp-block-cover__background has-background-dim-30 has-background-dim\"><\/span><div class=\"wp-block-cover__inner-container is-layout-flow wp-block-cover-is-layout-flow\">\n<h1 class=\"wp-block-heading has-text-align-center has-white-color has-text-color has-large-font-size\" id=\"interior-3d-visualisering\">3D-visualisering av interi\u00f8ret<\/h1>\n<\/div><\/div>\n\n\n\n<div class=\"wp-block-group ghostkit-custom-1KFLA7\"><div class=\"wp-block-group__inner-container is-layout-constrained wp-block-group-is-layout-constrained\"><ol class=\"breadcrumbs\">\n            <li class=\"\"><a href=\"https:\/\/studio3d.se\/no\/\">Interi\u00f8r visualisering<\/a><\/li>\n    <\/ol>\n\n\n\n<div class=\"wp-block-group center ghostkit-custom-Z24HgRY\"><div class=\"wp-block-group__inner-container is-layout-constrained wp-block-group-is-layout-constrained\">\n<h2 class=\"wp-block-heading has-text-align-center\" id=\"hur-gar-det-till\">Unike boligvisualiseringer<\/h2>\n\n\n\n<p class=\"has-text-align-center\">Alle boliger blir unike hjem etter innflytting, og det er nettopp dette unike hjemmet potensielle kj\u00f8pere \u00f8nsker \u00e5 se. Vi har et solid team av interi\u00f8rdesignere som tar et stort ansvar under produksjonen for at bildene vi produserer skal ha en sjel som appellerer til din m\u00e5lgruppe og samtidig gir kj\u00f8peren et fotorealistiskbilde av deres fremtidige bolig. Noe som f\u00f8rer til enklere salg for deg, men ogs\u00e5 sikrere kj\u00f8p for dine kunder.\n\nMange \u00e5rs arbeid med interi\u00f8rvisualiseringer har f\u00f8rt til at vi har funnet en arbeidsprosess som gir en perfekt blanding av hurtighet, fleksibilitet og kvalitet.<\/p>\n<\/div><\/div>\n<\/div><\/div>\n\n\n<section class=\"portfolio-snippet\">\n                        <h2>Portef\u00f8ljeprosjekter med dette produktet<\/h2>\n                        <div class=\"portfolio-snippet-gallery\">\n                            <article class=\"gallery-item\" aria-label=\"Brokvarns All\u00e9 - Nykvarn\" data-id=\"5276\">\n                    <a href=\"https:\/\/studio3d.se\/no\/portfolio\/brokvarns-alle-nykvarn\/\">\n                        <img decoding=\"async\" width=\"2500\" height=\"1767\" src=\"https:\/\/studio3d.se\/wp-content\/uploads\/2026\/03\/visualisering_brokvarns_alle_ext1.jpg\" class=\"attachment-5276 size-5276 wp-post-image\" alt=\"Utvendig visualisering i Nykvarn\" srcset=\"https:\/\/studio3d.se\/wp-content\/uploads\/2026\/03\/visualisering_brokvarns_alle_ext1.jpg 2500w, https:\/\/studio3d.se\/wp-content\/uploads\/2026\/03\/visualisering_brokvarns_alle_ext1-768x543.jpg 768w, https:\/\/studio3d.se\/wp-content\/uploads\/2026\/03\/visualisering_brokvarns_alle_ext1-1024x724.jpg 1024w, https:\/\/studio3d.se\/wp-content\/uploads\/2026\/03\/visualisering_brokvarns_alle_ext1-336x237.jpg 336w, https:\/\/studio3d.se\/wp-content\/uploads\/2026\/03\/visualisering_brokvarns_alle_ext1-1536x1086.jpg 1536w, https:\/\/studio3d.se\/wp-content\/uploads\/2026\/03\/visualisering_brokvarns_alle_ext1-2048x1448.jpg 2048w, https:\/\/studio3d.se\/wp-content\/uploads\/2026\/03\/visualisering_brokvarns_alle_ext1-18x12.jpg 18w, https:\/\/studio3d.se\/wp-content\/uploads\/2026\/03\/visualisering_brokvarns_alle_ext1-1312x927.jpg 1312w, https:\/\/studio3d.se\/wp-content\/uploads\/2026\/03\/visualisering_brokvarns_alle_ext1-1610x1138.jpg 1610w, https:\/\/studio3d.se\/wp-content\/uploads\/2026\/03\/visualisering_brokvarns_alle_ext1-1177x832.jpg 1177w\" sizes=\"(max-width: 2500px) 100vw, 2500px\" \/>                        <h3>Brokvarns All\u00e9 - Nykvarn<\/h3>\n                    <\/a>\n                <\/article>\n                            <article class=\"gallery-item\" aria-label=\"L\u00e4mmeln - Hemavan\" data-id=\"5258\">\n                    <a href=\"https:\/\/studio3d.se\/no\/portfolio\/lammeln-hemavan\/\">\n                        <img decoding=\"async\" width=\"2500\" height=\"1767\" src=\"https:\/\/studio3d.se\/wp-content\/uploads\/2026\/03\/visualisering_lammeln-hemavan_gatuvy_2_m.jpg\" class=\"attachment-5258 size-5258 wp-post-image\" alt=\"Visualisering av eksteri\u00f8ret til et leilighetsbygg i Hemavan\" srcset=\"https:\/\/studio3d.se\/wp-content\/uploads\/2026\/03\/visualisering_lammeln-hemavan_gatuvy_2_m.jpg 2500w, https:\/\/studio3d.se\/wp-content\/uploads\/2026\/03\/visualisering_lammeln-hemavan_gatuvy_2_m-768x543.jpg 768w, https:\/\/studio3d.se\/wp-content\/uploads\/2026\/03\/visualisering_lammeln-hemavan_gatuvy_2_m-1024x724.jpg 1024w, https:\/\/studio3d.se\/wp-content\/uploads\/2026\/03\/visualisering_lammeln-hemavan_gatuvy_2_m-336x237.jpg 336w, https:\/\/studio3d.se\/wp-content\/uploads\/2026\/03\/visualisering_lammeln-hemavan_gatuvy_2_m-1536x1086.jpg 1536w, https:\/\/studio3d.se\/wp-content\/uploads\/2026\/03\/visualisering_lammeln-hemavan_gatuvy_2_m-2048x1448.jpg 2048w, https:\/\/studio3d.se\/wp-content\/uploads\/2026\/03\/visualisering_lammeln-hemavan_gatuvy_2_m-18x12.jpg 18w, https:\/\/studio3d.se\/wp-content\/uploads\/2026\/03\/visualisering_lammeln-hemavan_gatuvy_2_m-1312x927.jpg 1312w, https:\/\/studio3d.se\/wp-content\/uploads\/2026\/03\/visualisering_lammeln-hemavan_gatuvy_2_m-1610x1138.jpg 1610w, https:\/\/studio3d.se\/wp-content\/uploads\/2026\/03\/visualisering_lammeln-hemavan_gatuvy_2_m-1177x832.jpg 1177w\" sizes=\"(max-width: 2500px) 100vw, 2500px\" \/>                        <h3>L\u00e4mmeln - Hemavan<\/h3>\n                    <\/a>\n                <\/article>\n                            <article class=\"gallery-item\" aria-label=\"Sj\u00f6glimten - Alfta\" data-id=\"5119\">\n                    <a href=\"https:\/\/studio3d.se\/no\/portfolio\/sjoglimten-alfta\/\">\n                        <img decoding=\"async\" width=\"2500\" height=\"1766\" src=\"https:\/\/studio3d.se\/wp-content\/uploads\/2025\/09\/visualisering_sjoglimten_ext_2.jpg\" class=\"attachment-5119 size-5119 wp-post-image\" alt=\"Utvendig visualisering av villaer i skogsmilj\u00f8\" srcset=\"https:\/\/studio3d.se\/wp-content\/uploads\/2025\/09\/visualisering_sjoglimten_ext_2.jpg 2500w, https:\/\/studio3d.se\/wp-content\/uploads\/2025\/09\/visualisering_sjoglimten_ext_2-768x543.jpg 768w, https:\/\/studio3d.se\/wp-content\/uploads\/2025\/09\/visualisering_sjoglimten_ext_2-1024x723.jpg 1024w, https:\/\/studio3d.se\/wp-content\/uploads\/2025\/09\/visualisering_sjoglimten_ext_2-336x237.jpg 336w, https:\/\/studio3d.se\/wp-content\/uploads\/2025\/09\/visualisering_sjoglimten_ext_2-1536x1085.jpg 1536w, https:\/\/studio3d.se\/wp-content\/uploads\/2025\/09\/visualisering_sjoglimten_ext_2-2048x1447.jpg 2048w, https:\/\/studio3d.se\/wp-content\/uploads\/2025\/09\/visualisering_sjoglimten_ext_2-18x12.jpg 18w, https:\/\/studio3d.se\/wp-content\/uploads\/2025\/09\/visualisering_sjoglimten_ext_2-1312x927.jpg 1312w, https:\/\/studio3d.se\/wp-content\/uploads\/2025\/09\/visualisering_sjoglimten_ext_2-1610x1137.jpg 1610w, https:\/\/studio3d.se\/wp-content\/uploads\/2025\/09\/visualisering_sjoglimten_ext_2-1178x832.jpg 1178w\" sizes=\"(max-width: 2500px) 100vw, 2500px\" \/>                        <h3>Sj\u00f6glimten - Alfta<\/h3>\n                    <\/a>\n                <\/article>\n                            <article class=\"gallery-item\" aria-label=\"Brf Lyck\u00f8 - Rydeb\u00e4ck\" data-id=\"5216\">\n                    <a href=\"https:\/\/studio3d.se\/no\/portfolio\/brf-lycko-rydeback\/\">\n                        <img decoding=\"async\" width=\"2560\" height=\"1809\" src=\"https:\/\/studio3d.se\/wp-content\/uploads\/2026\/03\/visualisering_bonum_brf-lycko_rydeback_ext1_final-scaled.jpg\" class=\"attachment-5216 size-5216 wp-post-image\" alt=\"Visualisering av eksteri\u00f8r p\u00e5 boligblokk i Rydeb\u00e4ck\" srcset=\"https:\/\/studio3d.se\/wp-content\/uploads\/2026\/03\/visualisering_bonum_brf-lycko_rydeback_ext1_final-scaled.jpg 2560w, https:\/\/studio3d.se\/wp-content\/uploads\/2026\/03\/visualisering_bonum_brf-lycko_rydeback_ext1_final-768x543.jpg 768w, https:\/\/studio3d.se\/wp-content\/uploads\/2026\/03\/visualisering_bonum_brf-lycko_rydeback_ext1_final-1024x724.jpg 1024w, https:\/\/studio3d.se\/wp-content\/uploads\/2026\/03\/visualisering_bonum_brf-lycko_rydeback_ext1_final-336x237.jpg 336w, https:\/\/studio3d.se\/wp-content\/uploads\/2026\/03\/visualisering_bonum_brf-lycko_rydeback_ext1_final-1536x1086.jpg 1536w, https:\/\/studio3d.se\/wp-content\/uploads\/2026\/03\/visualisering_bonum_brf-lycko_rydeback_ext1_final-2048x1447.jpg 2048w, https:\/\/studio3d.se\/wp-content\/uploads\/2026\/03\/visualisering_bonum_brf-lycko_rydeback_ext1_final-18x12.jpg 18w, https:\/\/studio3d.se\/wp-content\/uploads\/2026\/03\/visualisering_bonum_brf-lycko_rydeback_ext1_final-1312x927.jpg 1312w, https:\/\/studio3d.se\/wp-content\/uploads\/2026\/03\/visualisering_bonum_brf-lycko_rydeback_ext1_final-1610x1138.jpg 1610w, https:\/\/studio3d.se\/wp-content\/uploads\/2026\/03\/visualisering_bonum_brf-lycko_rydeback_ext1_final-1177x832.jpg 1177w\" sizes=\"(max-width: 2560px) 100vw, 2560px\" \/>                        <h3>Brf Lyck\u00f8 - Rydeb\u00e4ck<\/h3>\n                    <\/a>\n                <\/article>\n                    \n        <\/div>\n        <div style=\"display:flex;gap:16px;align-items:center;\">\n        <a href=\"https:\/\/studio3d.se\/no\/portfolio\/?primary=arkitektur\" class=\"button-link\">Portef\u00f8lje<\/a>\n             <\/div>\n<\/section>\n\n\n\n<div class=\"wp-block-group ghostkit-custom-Z1VvSCh\"><div class=\"wp-block-group__inner-container is-layout-constrained wp-block-group-is-layout-constrained\">\n<div style=\"height:75px\" aria-hidden=\"true\" class=\"wp-block-spacer\"><\/div>\n\n\n\n<div class=\"wp-block-group center ghostkit-custom-Z2FUPi\"><div class=\"wp-block-group__inner-container is-layout-constrained wp-block-group-is-layout-constrained\">\n<h2 class=\"wp-block-heading has-text-align-center\" id=\"hur-gar-det-till\">Hvorfor visualisere med Studio3D?<\/h2>\n\n\n\n<div style=\"height:25px\" aria-hidden=\"true\" class=\"wp-block-spacer\"><\/div>\n\n\n\n<h3 class=\"wp-block-heading has-text-align-center\">Bevist arbeidsprosess<\/h3>\n\n\n\n<p class=\"has-text-align-center ghostkit-custom-27lh97 has-black-color has-text-color\">Hvert prosjekt starter med et oppstartsm\u00f8te der vi samler inn dine \u00f8nsker om prosjektet og den tiltenkte m\u00e5lgruppen. P\u00e5 bakgrunn av dette skapes en persona som representerer kunden din, og som danner grunnlaget for alt fra valg av interi\u00f8rdesign til kameravinkler og lyssetting.<\/p>\n\n\n\n<h3 class=\"wp-block-heading has-text-align-center\">Erfaring<\/h3>\n\n\n\n<p class=\"has-text-align-center ghostkit-custom-ZamlSj has-black-color has-text-color\">Studio3D har over 10 \u00e5rs erfaring, og v\u00e5re dyktige interi\u00f8rarkitekter og prosjektledere kan garantere en produksjon som g\u00e5r raskt og smidig, og som holder en sv\u00e6rt h\u00f8y visuell kvalitet hele veien.<\/p>\n\n\n\n<h3 class=\"wp-block-heading has-text-align-center\">Et grensesnitt<\/h3>\n\n\n\n<p class=\"has-text-align-center ghostkit-custom-1FAO4l has-black-color has-text-color\">Studio3D kan dekke alle roller for et vellykket visualiseringsprosjekt. Vi har strateger, prosjektledere, interi\u00f8rdesignere og 3D-artister in-house. Unng\u00e5 bryet med \u00e5 synkronisere ulike byr\u00e5er med hverandre, og overlat styringen til oss. Du har bare \u00e9n kontaktperson, og vi tar oss av alt bak kulissene uten at du trenger \u00e5 tenke p\u00e5 det.<\/p>\n\n\n\n<h3 class=\"wp-block-heading has-text-align-center\">Rimelig<\/h3>\n\n\n\n<p class=\"has-text-align-center ghostkit-custom-1b8aCq has-black-color has-text-color\">Arkitektoniske visualiseringer med Studio3D er rimelige. Erfaring og en tydelig arbeidsprosess gj\u00f8r at vi kan tilby bildeproduksjon til gode priser med garantert resultat. Ingen skjulte kostnader eller tillegg, vi er s\u00e5 komfortable i v\u00e5r produksjon at vi alltid tilbyr faste priser.<\/p>\n<\/div><\/div>\n<\/div><\/div>","protected":false},"excerpt":{"rendered":"<p>Det desidert vanligste produktet kundene v\u00e5re bruker. Interi\u00f8rvisualiseringer kommuniserer hjemmets hjerte. I disse bildene viser vi frem alt fra boligens planl\u00f8sning til boligens sjel og uttrykk gjennom n\u00f8ye utvalgte interi\u00f8rkonsepter som er skreddersydd for m\u00e5lgruppen og boligen.<\/p>","protected":false},"author":4,"featured_media":1209,"parent":168,"menu_order":2,"comment_status":"closed","ping_status":"closed","template":"","meta":{"_acf_changed":false,"inline_featured_image":false,"ghostkit_customizer_options":"","ghostkit_custom_css":"","ghostkit_custom_js_head":"","ghostkit_custom_js_foot":"","ghostkit_typography":"","footnotes":""},"class_list":["post-219","page","type-page","status-publish","has-post-thumbnail","hentry"],"acf":[],"_links":{"self":[{"href":"https:\/\/studio3d.se\/no\/wp-json\/wp\/v2\/pages\/219","targetHints":{"allow":["GET"]}}],"collection":[{"href":"https:\/\/studio3d.se\/no\/wp-json\/wp\/v2\/pages"}],"about":[{"href":"https:\/\/studio3d.se\/no\/wp-json\/wp\/v2\/types\/page"}],"author":[{"embeddable":true,"href":"https:\/\/studio3d.se\/no\/wp-json\/wp\/v2\/users\/4"}],"replies":[{"embeddable":true,"href":"https:\/\/studio3d.se\/no\/wp-json\/wp\/v2\/comments?post=219"}],"version-history":[{"count":5,"href":"https:\/\/studio3d.se\/no\/wp-json\/wp\/v2\/pages\/219\/revisions"}],"predecessor-version":[{"id":4995,"href":"https:\/\/studio3d.se\/no\/wp-json\/wp\/v2\/pages\/219\/revisions\/4995"}],"up":[{"embeddable":true,"href":"https:\/\/studio3d.se\/no\/wp-json\/wp\/v2\/pages\/168"}],"wp:featuredmedia":[{"embeddable":true,"href":"https:\/\/studio3d.se\/no\/wp-json\/wp\/v2\/media\/1209"}],"wp:attachment":[{"href":"https:\/\/studio3d.se\/no\/wp-json\/wp\/v2\/media?parent=219"}],"curies":[{"name":"wp","href":"https:\/\/api.w.org\/{rel}","templated":true}]}}