{"id":168,"date":"2023-07-13T13:53:25","date_gmt":"2023-07-13T11:53:25","guid":{"rendered":"https:\/\/studio3d.se\/?page_id=168"},"modified":"2025-08-19T13:16:53","modified_gmt":"2025-08-19T11:16:53","slug":"3d-visualisering","status":"publish","type":"page","link":"https:\/\/studio3d.se\/no\/tjanster\/arkitektur\/3d-visualisering\/","title":{"rendered":"3D Visualisering"},"content":{"rendered":"<div class=\"wp-block-cover alignfull is-light\"><span aria-hidden=\"true\" class=\"wp-block-cover__background has-background-dim-30 has-background-dim\" style=\"background-color:#a7a198\"><\/span><img decoding=\"async\" width=\"1973\" height=\"2560\" src=\"https:\/\/studio3d.se\/wp-content\/uploads\/2023\/08\/studio3d-arkitektur-tjanst-visualisering-scaled.jpg\" class=\"wp-block-cover__image-background wp-post-image\" alt=\"Visualisering av fellesrommet\" data-object-fit=\"cover\" srcset=\"https:\/\/studio3d.se\/wp-content\/uploads\/2023\/08\/studio3d-arkitektur-tjanst-visualisering-scaled.jpg 1973w, https:\/\/studio3d.se\/wp-content\/uploads\/2023\/08\/studio3d-arkitektur-tjanst-visualisering-592x768.jpg 592w, https:\/\/studio3d.se\/wp-content\/uploads\/2023\/08\/studio3d-arkitektur-tjanst-visualisering-789x1024.jpg 789w, https:\/\/studio3d.se\/wp-content\/uploads\/2023\/08\/studio3d-arkitektur-tjanst-visualisering-259x336.jpg 259w, https:\/\/studio3d.se\/wp-content\/uploads\/2023\/08\/studio3d-arkitektur-tjanst-visualisering-768x997.jpg 768w, https:\/\/studio3d.se\/wp-content\/uploads\/2023\/08\/studio3d-arkitektur-tjanst-visualisering-1184x1536.jpg 1184w, https:\/\/studio3d.se\/wp-content\/uploads\/2023\/08\/studio3d-arkitektur-tjanst-visualisering-1578x2048.jpg 1578w, https:\/\/studio3d.se\/wp-content\/uploads\/2023\/08\/studio3d-arkitektur-tjanst-visualisering-1011x1312.jpg 1011w, https:\/\/studio3d.se\/wp-content\/uploads\/2023\/08\/studio3d-arkitektur-tjanst-visualisering-1241x1610.jpg 1241w, https:\/\/studio3d.se\/wp-content\/uploads\/2023\/08\/studio3d-arkitektur-tjanst-visualisering-641x832.jpg 641w\" sizes=\"(max-width: 1973px) 100vw, 1973px\" \/><div class=\"wp-block-cover__inner-container is-layout-flow wp-block-cover-is-layout-flow\">\n<h1 class=\"wp-block-heading has-text-align-center has-white-color has-text-color has-large-font-size\" id=\"3d-visualisering\">3D Visualisering<\/h1>\n<\/div><\/div>\n\n\n\n<div class=\"wp-block-group ghostkit-custom-1KFLA7\"><div class=\"wp-block-group__inner-container is-layout-constrained wp-block-group-is-layout-constrained\"><ol class=\"breadcrumbs\">\n            <li class=\"\"><a href=\"https:\/\/studio3d.se\/no\/\">3D Visualisering<\/a><\/li>\n    <\/ol>\n\n\n\n<div style=\"height:50px\" aria-hidden=\"true\" class=\"wp-block-spacer\"><\/div>\n\n\n\n<div class=\"wp-block-group center ghostkit-custom-Z24HgRY\"><div class=\"wp-block-group__inner-container is-layout-constrained wp-block-group-is-layout-constrained\">\n<h2 class=\"wp-block-heading has-text-align-center\" id=\"hur-gar-det-till\">Vi kan 3D-visualisering<\/h2>\n\n\n\n<p class=\"has-text-align-center ghostkit-custom-AQKtE has-black-color has-text-color\">I Studio3D har vi i over 10 \u00e5r videreutviklet v\u00e5rt produkttilbud og v\u00e5r arbeidsmodell med visualiseringer som kjernevirksomhet. Med kreative prosjektledere, interi\u00f8rarkitekter og designere kan vi skape alle typer visualiseringer som kreves for et vellykket salg.<\/p>\n<\/div><\/div>\n<\/div><\/div>\n\n\n<section class=\"services-wrapper\">\r\n                    <article class=\"services-item\">\r\n            <a href=\"https:\/\/studio3d.se\/no\/tjanster\/arkitektur\/3d-visualisering\/\">\r\n                <div class=\"service-thumbnail-wrapper\">\r\n                    <img decoding=\"async\" width=\"1973\" height=\"2560\" src=\"https:\/\/studio3d.se\/wp-content\/uploads\/2023\/08\/studio3d-arkitektur-tjanst-visualisering-scaled.jpg\" class=\"attachment-post-thumbnail size-post-thumbnail wp-post-image\" alt=\"Visualisering av fellesrommet\" srcset=\"https:\/\/studio3d.se\/wp-content\/uploads\/2023\/08\/studio3d-arkitektur-tjanst-visualisering-scaled.jpg 1973w, https:\/\/studio3d.se\/wp-content\/uploads\/2023\/08\/studio3d-arkitektur-tjanst-visualisering-592x768.jpg 592w, https:\/\/studio3d.se\/wp-content\/uploads\/2023\/08\/studio3d-arkitektur-tjanst-visualisering-789x1024.jpg 789w, https:\/\/studio3d.se\/wp-content\/uploads\/2023\/08\/studio3d-arkitektur-tjanst-visualisering-259x336.jpg 259w, https:\/\/studio3d.se\/wp-content\/uploads\/2023\/08\/studio3d-arkitektur-tjanst-visualisering-768x997.jpg 768w, https:\/\/studio3d.se\/wp-content\/uploads\/2023\/08\/studio3d-arkitektur-tjanst-visualisering-1184x1536.jpg 1184w, https:\/\/studio3d.se\/wp-content\/uploads\/2023\/08\/studio3d-arkitektur-tjanst-visualisering-1578x2048.jpg 1578w, https:\/\/studio3d.se\/wp-content\/uploads\/2023\/08\/studio3d-arkitektur-tjanst-visualisering-1011x1312.jpg 1011w, https:\/\/studio3d.se\/wp-content\/uploads\/2023\/08\/studio3d-arkitektur-tjanst-visualisering-1241x1610.jpg 1241w, https:\/\/studio3d.se\/wp-content\/uploads\/2023\/08\/studio3d-arkitektur-tjanst-visualisering-641x832.jpg 641w\" sizes=\"(max-width: 1973px) 100vw, 1973px\" \/>                <\/div>\r\n                <h2>3D Visualisering<\/h2>\r\n                <p>Visualisering er fortsatt v\u00e5r kjernevirksomhet, og det er ikke s\u00e5 rart. Et bilde sier mer enn tusen ord. Vi leverer en rekke produkter og digitale l\u00f8sninger p\u00e5 dette omr\u00e5det.<\/p>\r\n                <span class=\"button-link\">Les mer om dette<\/span>\r\n            <\/a>\r\n        <\/article>\r\n                    <article class=\"services-item\">\r\n            <a href=\"https:\/\/studio3d.se\/no\/tjanster\/arkitektur\/bostadsvaljare\/\">\r\n                <div class=\"service-thumbnail-wrapper\">\r\n                    <img decoding=\"async\" width=\"2000\" height=\"2000\" src=\"https:\/\/studio3d.se\/wp-content\/uploads\/2023\/08\/studio3d-arkitektur-tjanst-bostadsvaljare-crop.jpg\" class=\"attachment-post-thumbnail size-post-thumbnail wp-post-image\" alt=\"Bilde av produkthusvelgeren\" srcset=\"https:\/\/studio3d.se\/wp-content\/uploads\/2023\/08\/studio3d-arkitektur-tjanst-bostadsvaljare-crop.jpg 2000w, https:\/\/studio3d.se\/wp-content\/uploads\/2023\/08\/studio3d-arkitektur-tjanst-bostadsvaljare-crop-768x768.jpg 768w, https:\/\/studio3d.se\/wp-content\/uploads\/2023\/08\/studio3d-arkitektur-tjanst-bostadsvaljare-crop-1024x1024.jpg 1024w, https:\/\/studio3d.se\/wp-content\/uploads\/2023\/08\/studio3d-arkitektur-tjanst-bostadsvaljare-crop-336x336.jpg 336w, https:\/\/studio3d.se\/wp-content\/uploads\/2023\/08\/studio3d-arkitektur-tjanst-bostadsvaljare-crop-1536x1536.jpg 1536w, https:\/\/studio3d.se\/wp-content\/uploads\/2023\/08\/studio3d-arkitektur-tjanst-bostadsvaljare-crop-1312x1312.jpg 1312w, https:\/\/studio3d.se\/wp-content\/uploads\/2023\/08\/studio3d-arkitektur-tjanst-bostadsvaljare-crop-1610x1610.jpg 1610w, https:\/\/studio3d.se\/wp-content\/uploads\/2023\/08\/studio3d-arkitektur-tjanst-bostadsvaljare-crop-832x832.jpg 832w\" sizes=\"(max-width: 2000px) 100vw, 2000px\" \/>                <\/div>\r\n                <h2>Boligvelger<\/h2>\r\n                <p>V\u00e5r boligvelger er utviklet for \u00e5 passe naturlig inn p\u00e5 alle sider. Utseendet til hver enkelt boligvelger er skreddersydd til ditt spesifikke prosjekt og nettsted. Vi har ogs\u00e5 en rekke meglersamarbeid, noe som gj\u00f8r administrasjonen enklere enn noensinne!<\/p>\r\n                <span class=\"button-link\">Les mer om dette<\/span>\r\n            <\/a>\r\n        <\/article>\r\n                    <article class=\"services-item\">\r\n            <a href=\"https:\/\/studio3d.se\/no\/tjanster\/arkitektur\/solstudie\/\">\r\n                <div class=\"service-thumbnail-wrapper\">\r\n                    <img decoding=\"async\" width=\"1920\" height=\"1920\" src=\"https:\/\/studio3d.se\/wp-content\/uploads\/2023\/08\/studio3d-arkitektur-tjanst-solstudie-still.jpg\" class=\"attachment-post-thumbnail size-post-thumbnail wp-post-image\" alt=\"Stillbilde fra eksempel p\u00e5 solstudie\" srcset=\"https:\/\/studio3d.se\/wp-content\/uploads\/2023\/08\/studio3d-arkitektur-tjanst-solstudie-still.jpg 1920w, https:\/\/studio3d.se\/wp-content\/uploads\/2023\/08\/studio3d-arkitektur-tjanst-solstudie-still-768x768.jpg 768w, https:\/\/studio3d.se\/wp-content\/uploads\/2023\/08\/studio3d-arkitektur-tjanst-solstudie-still-1024x1024.jpg 1024w, https:\/\/studio3d.se\/wp-content\/uploads\/2023\/08\/studio3d-arkitektur-tjanst-solstudie-still-336x336.jpg 336w, https:\/\/studio3d.se\/wp-content\/uploads\/2023\/08\/studio3d-arkitektur-tjanst-solstudie-still-1536x1536.jpg 1536w, https:\/\/studio3d.se\/wp-content\/uploads\/2023\/08\/studio3d-arkitektur-tjanst-solstudie-still-1312x1312.jpg 1312w, https:\/\/studio3d.se\/wp-content\/uploads\/2023\/08\/studio3d-arkitektur-tjanst-solstudie-still-1610x1610.jpg 1610w, https:\/\/studio3d.se\/wp-content\/uploads\/2023\/08\/studio3d-arkitektur-tjanst-solstudie-still-832x832.jpg 832w\" sizes=\"(max-width: 1920px) 100vw, 1920px\" \/>                <\/div>\r\n                <h2>Solstudio<\/h2>\r\n                <p>N\u00e5r man skal velge bolig, er solens plassering en stor betydning for mange, om ikke alle. V\u00e5r solstudio finnes i mange brukervennlige varianter og kan brukes for seg selv eller med boligvelgeren. Alt for \u00e5 gj\u00f8re kundene tryggere n\u00e5r de skal velge bolig.<\/p>\r\n                <span class=\"button-link\">Les mer om dette<\/span>\r\n            <\/a>\r\n        <\/article>\r\n                    <article class=\"services-item\">\r\n            <a href=\"https:\/\/studio3d.se\/no\/tjanster\/arkitektur\/projekthemsida\/\">\r\n                <div class=\"service-thumbnail-wrapper\">\r\n                    <img decoding=\"async\" width=\"2000\" height=\"2000\" src=\"https:\/\/studio3d.se\/wp-content\/uploads\/2023\/08\/studio3d-arkitektur-tjanst-projektsida-crop.jpg\" class=\"attachment-post-thumbnail size-post-thumbnail wp-post-image\" alt=\"Prosjektnettside\" srcset=\"https:\/\/studio3d.se\/wp-content\/uploads\/2023\/08\/studio3d-arkitektur-tjanst-projektsida-crop.jpg 2000w, https:\/\/studio3d.se\/wp-content\/uploads\/2023\/08\/studio3d-arkitektur-tjanst-projektsida-crop-768x768.jpg 768w, https:\/\/studio3d.se\/wp-content\/uploads\/2023\/08\/studio3d-arkitektur-tjanst-projektsida-crop-1024x1024.jpg 1024w, https:\/\/studio3d.se\/wp-content\/uploads\/2023\/08\/studio3d-arkitektur-tjanst-projektsida-crop-336x336.jpg 336w, https:\/\/studio3d.se\/wp-content\/uploads\/2023\/08\/studio3d-arkitektur-tjanst-projektsida-crop-1536x1536.jpg 1536w, https:\/\/studio3d.se\/wp-content\/uploads\/2023\/08\/studio3d-arkitektur-tjanst-projektsida-crop-1312x1312.jpg 1312w, https:\/\/studio3d.se\/wp-content\/uploads\/2023\/08\/studio3d-arkitektur-tjanst-projektsida-crop-1610x1610.jpg 1610w, https:\/\/studio3d.se\/wp-content\/uploads\/2023\/08\/studio3d-arkitektur-tjanst-projektsida-crop-832x832.jpg 832w\" sizes=\"(max-width: 2000px) 100vw, 2000px\" \/>                <\/div>\r\n                <h2>Prosjektnettside<\/h2>\r\n                <p>Vi utvikler nettsteder av varierende kompleksitet, fra prisgunstige prosjektnettsider til skreddersydde bedriftsnettsider. Vi hoster alle tekniske l\u00f8sninger selv, slik at vi kan tilby f\u00f8rsteklasses support, oppetid og hastighet.<\/p>\r\n                <span class=\"button-link\">Les mer om dette<\/span>\r\n            <\/a>\r\n        <\/article>\r\n                    <article class=\"services-item\">\r\n            <a href=\"https:\/\/studio3d.se\/no\/tjanster\/arkitektur\/bofaktablad\/\">\r\n                <div class=\"service-thumbnail-wrapper\">\r\n                    <img decoding=\"async\" width=\"2228\" height=\"2228\" src=\"https:\/\/studio3d.se\/wp-content\/uploads\/2023\/08\/bofaktablad-mockup-borsoknalunden.jpg\" class=\"attachment-post-thumbnail size-post-thumbnail wp-post-image\" alt=\"Faktaark om boliger bors\u00f6knalunden i milj\u00f8et\" srcset=\"https:\/\/studio3d.se\/wp-content\/uploads\/2023\/08\/bofaktablad-mockup-borsoknalunden.jpg 2228w, https:\/\/studio3d.se\/wp-content\/uploads\/2023\/08\/bofaktablad-mockup-borsoknalunden-768x768.jpg 768w, https:\/\/studio3d.se\/wp-content\/uploads\/2023\/08\/bofaktablad-mockup-borsoknalunden-1024x1024.jpg 1024w, https:\/\/studio3d.se\/wp-content\/uploads\/2023\/08\/bofaktablad-mockup-borsoknalunden-336x336.jpg 336w, https:\/\/studio3d.se\/wp-content\/uploads\/2023\/08\/bofaktablad-mockup-borsoknalunden-1536x1536.jpg 1536w, https:\/\/studio3d.se\/wp-content\/uploads\/2023\/08\/bofaktablad-mockup-borsoknalunden-2048x2048.jpg 2048w, https:\/\/studio3d.se\/wp-content\/uploads\/2023\/08\/bofaktablad-mockup-borsoknalunden-1312x1312.jpg 1312w, https:\/\/studio3d.se\/wp-content\/uploads\/2023\/08\/bofaktablad-mockup-borsoknalunden-1610x1610.jpg 1610w, https:\/\/studio3d.se\/wp-content\/uploads\/2023\/08\/bofaktablad-mockup-borsoknalunden-832x832.jpg 832w\" sizes=\"(max-width: 2228px) 100vw, 2228px\" \/>                <\/div>\r\n                <h2>Plantegninger<\/h2>\r\n                <p>Til tross for vellykkede visualiseringer avhenger mye p\u00e5 plantegningene n\u00e5r man skal kj\u00f8pe en ny bolig. Vi har blitt eksperter p\u00e5 \u00e5 forvandle ellers kjedelige tegninger til stemningsfulle og innbydende plantegninger.<\/p>\r\n                <span class=\"button-link\">Les mer om dette<\/span>\r\n            <\/a>\r\n        <\/article>\r\n                    <article class=\"services-item\">\r\n            <a href=\"https:\/\/studio3d.se\/no\/tjanster\/arkitektur\/grafiskt-material\/\">\r\n                <div class=\"service-thumbnail-wrapper\">\r\n                    <img decoding=\"async\" width=\"2560\" height=\"1917\" src=\"https:\/\/studio3d.se\/wp-content\/uploads\/2023\/08\/studio3d-arkitektur-tjanst-grafisktmaterial-scaled.jpg\" class=\"attachment-post-thumbnail size-post-thumbnail wp-post-image\" alt=\"Grafisk materiale\" srcset=\"https:\/\/studio3d.se\/wp-content\/uploads\/2023\/08\/studio3d-arkitektur-tjanst-grafisktmaterial-scaled.jpg 2560w, https:\/\/studio3d.se\/wp-content\/uploads\/2023\/08\/studio3d-arkitektur-tjanst-grafisktmaterial-768x575.jpg 768w, https:\/\/studio3d.se\/wp-content\/uploads\/2023\/08\/studio3d-arkitektur-tjanst-grafisktmaterial-1024x767.jpg 1024w, https:\/\/studio3d.se\/wp-content\/uploads\/2023\/08\/studio3d-arkitektur-tjanst-grafisktmaterial-336x252.jpg 336w, https:\/\/studio3d.se\/wp-content\/uploads\/2023\/08\/studio3d-arkitektur-tjanst-grafisktmaterial-1536x1150.jpg 1536w, https:\/\/studio3d.se\/wp-content\/uploads\/2023\/08\/studio3d-arkitektur-tjanst-grafisktmaterial-2048x1533.jpg 2048w, https:\/\/studio3d.se\/wp-content\/uploads\/2023\/08\/studio3d-arkitektur-tjanst-grafisktmaterial-1312x982.jpg 1312w, https:\/\/studio3d.se\/wp-content\/uploads\/2023\/08\/studio3d-arkitektur-tjanst-grafisktmaterial-1610x1205.jpg 1610w, https:\/\/studio3d.se\/wp-content\/uploads\/2023\/08\/studio3d-arkitektur-tjanst-grafisktmaterial-1111x832.jpg 1111w\" sizes=\"(max-width: 2560px) 100vw, 2560px\" \/>                <\/div>\r\n                <h2>Grafisk materiell<\/h2>\r\n                <p>I en digital tidsalder er det noen ganger lett \u00e5 glemme kraften i trykt materiale. V\u00e5rt grafisk design team designer og produserer kataloger av h\u00f8y kvalitet for ditt prosjekts unike profil.<\/p>\r\n                <span class=\"button-link\">Les mer om dette<\/span>\r\n            <\/a>\r\n        <\/article>\r\n    <\/section>\n\n\n\n<div class=\"wp-block-group ghostkit-custom-Z1VvSCh\"><div class=\"wp-block-group__inner-container is-layout-constrained wp-block-group-is-layout-constrained\">\n<div style=\"height:75px\" aria-hidden=\"true\" class=\"wp-block-spacer\"><\/div>\n\n\n\n<div class=\"wp-block-group center ghostkit-custom-Z2FUPi\"><div class=\"wp-block-group__inner-container is-layout-constrained wp-block-group-is-layout-constrained\">\n<h2 class=\"wp-block-heading has-text-align-center\" id=\"hur-gar-det-till\">Hvorfor visualisere med Studio3D?<\/h2>\n\n\n\n<div style=\"height:25px\" aria-hidden=\"true\" class=\"wp-block-spacer\"><\/div>\n\n\n\n<h3 class=\"wp-block-heading has-text-align-center\">Bevist arbeidsprosess<\/h3>\n\n\n\n<p class=\"has-text-align-center ghostkit-custom-27lh97 has-black-color has-text-color\">Hvert prosjekt starter med et oppstartsm\u00f8te der vi samler inn dine \u00f8nsker om prosjektet og den tiltenkte m\u00e5lgruppen. P\u00e5 bakgrunn av dette skapes en persona som representerer kunden din, og som danner grunnlaget for alt fra valg av interi\u00f8rdesign til kameravinkler og lyssetting.<\/p>\n\n\n\n<h3 class=\"wp-block-heading has-text-align-center\">Erfaring<\/h3>\n\n\n\n<p class=\"has-text-align-center ghostkit-custom-ZamlSj has-black-color has-text-color\">Studio3D har over 10 \u00e5rs erfaring, og v\u00e5re dyktige interi\u00f8rarkitekter og prosjektledere kan garantere en produksjon som g\u00e5r raskt og smidig, og som holder en sv\u00e6rt h\u00f8y visuell kvalitet hele veien.<\/p>\n\n\n\n<h3 class=\"wp-block-heading has-text-align-center\">Et grensesnitt<\/h3>\n\n\n\n<p class=\"has-text-align-center ghostkit-custom-1FAO4l has-black-color has-text-color\">Studio3D kan dekke alle roller for et vellykket visualiseringsprosjekt. Vi har strateger, prosjektledere, interi\u00f8rdesignere og 3D-artister in-house. Unng\u00e5 bryet med \u00e5 synkronisere ulike byr\u00e5er med hverandre, og overlat styringen til oss. Du har bare \u00e9n kontaktperson, og vi tar oss av alt bak kulissene uten at du trenger \u00e5 tenke p\u00e5 det.<\/p>\n\n\n\n<h3 class=\"wp-block-heading has-text-align-center\">Rimelig<\/h3>\n\n\n\n<p class=\"has-text-align-center ghostkit-custom-1b8aCq has-black-color has-text-color\">Arkitektoniske visualiseringer med Studio3D er rimelige. Erfaring og en tydelig arbeidsprosess gj\u00f8r at vi kan tilby bildeproduksjon til gode priser med garantert resultat. Ingen skjulte kostnader eller tillegg, vi er s\u00e5 komfortable i v\u00e5r produksjon at vi alltid tilbyr faste priser.<\/p>\n\n\n\n<h2 class=\"wp-block-heading has-text-align-center\" id=\"vill-du-fa-inspiration\">Vil du bli inspirert?<\/h2>\n\n\n\n<p class=\"has-text-align-center\">Vennligst bes\u00f8k v\u00e5r <a href=\"https:\/\/studio3d.se\/no\/portefolje\/?primary=arkitektur\" data-type=\"page\" data-id=\"11\">portef\u00f8lje<\/a>. Der kan du hente inspirasjon fra v\u00e5re andre kunder.<\/p>\n<\/div><\/div>\n<\/div><\/div>\n\n\n<section class=\"portfolio-snippet\">\n                            <div class=\"portfolio-snippet-gallery\">\n                            <article class=\"gallery-item\" aria-label=\"Kv Ankan - Helsingborg\" data-id=\"2555\">\n                    <a href=\"https:\/\/studio3d.se\/no\/portfolio\/kv-ankan-helsingborg\/\">\n                        <img decoding=\"async\" width=\"2500\" height=\"1767\" src=\"https:\/\/studio3d.se\/wp-content\/uploads\/2024\/04\/studio3d_visualisering_ankan_exterior_gatuvy3.jpg\" class=\"attachment-2555 size-2555 wp-post-image\" alt=\"Utvendig 3D-visualisering av et rekkehus i Helsingborg.\" srcset=\"https:\/\/studio3d.se\/wp-content\/uploads\/2024\/04\/studio3d_visualisering_ankan_exterior_gatuvy3.jpg 2500w, https:\/\/studio3d.se\/wp-content\/uploads\/2024\/04\/studio3d_visualisering_ankan_exterior_gatuvy3-768x543.jpg 768w, https:\/\/studio3d.se\/wp-content\/uploads\/2024\/04\/studio3d_visualisering_ankan_exterior_gatuvy3-1024x724.jpg 1024w, https:\/\/studio3d.se\/wp-content\/uploads\/2024\/04\/studio3d_visualisering_ankan_exterior_gatuvy3-336x237.jpg 336w, https:\/\/studio3d.se\/wp-content\/uploads\/2024\/04\/studio3d_visualisering_ankan_exterior_gatuvy3-1536x1086.jpg 1536w, https:\/\/studio3d.se\/wp-content\/uploads\/2024\/04\/studio3d_visualisering_ankan_exterior_gatuvy3-2048x1448.jpg 2048w, https:\/\/studio3d.se\/wp-content\/uploads\/2024\/04\/studio3d_visualisering_ankan_exterior_gatuvy3-18x12.jpg 18w, https:\/\/studio3d.se\/wp-content\/uploads\/2024\/04\/studio3d_visualisering_ankan_exterior_gatuvy3-1312x927.jpg 1312w, https:\/\/studio3d.se\/wp-content\/uploads\/2024\/04\/studio3d_visualisering_ankan_exterior_gatuvy3-1610x1138.jpg 1610w, https:\/\/studio3d.se\/wp-content\/uploads\/2024\/04\/studio3d_visualisering_ankan_exterior_gatuvy3-1177x832.jpg 1177w\" sizes=\"(max-width: 2500px) 100vw, 2500px\" \/>                        <h3>Kv Ankan - Helsingborg<\/h3>\n                    <\/a>\n                <\/article>\n                            <article class=\"gallery-item\" aria-label=\"Yllefabriken - Norrk\u00f6ping\" data-id=\"2469\">\n                    <a href=\"https:\/\/studio3d.se\/no\/portfolio\/yllefabriken-norrkoping\/\">\n                        <img decoding=\"async\" width=\"2500\" height=\"1767\" src=\"https:\/\/studio3d.se\/wp-content\/uploads\/2024\/04\/studio3d_yllefabriken_ext01_final.jpg\" class=\"attachment-2469 size-2469 wp-post-image\" alt=\"Utvendig visualisering av boligblokker\" srcset=\"https:\/\/studio3d.se\/wp-content\/uploads\/2024\/04\/studio3d_yllefabriken_ext01_final.jpg 2500w, https:\/\/studio3d.se\/wp-content\/uploads\/2024\/04\/studio3d_yllefabriken_ext01_final-768x543.jpg 768w, https:\/\/studio3d.se\/wp-content\/uploads\/2024\/04\/studio3d_yllefabriken_ext01_final-1024x724.jpg 1024w, https:\/\/studio3d.se\/wp-content\/uploads\/2024\/04\/studio3d_yllefabriken_ext01_final-336x237.jpg 336w, https:\/\/studio3d.se\/wp-content\/uploads\/2024\/04\/studio3d_yllefabriken_ext01_final-1536x1086.jpg 1536w, https:\/\/studio3d.se\/wp-content\/uploads\/2024\/04\/studio3d_yllefabriken_ext01_final-2048x1448.jpg 2048w, https:\/\/studio3d.se\/wp-content\/uploads\/2024\/04\/studio3d_yllefabriken_ext01_final-18x12.jpg 18w, https:\/\/studio3d.se\/wp-content\/uploads\/2024\/04\/studio3d_yllefabriken_ext01_final-1312x927.jpg 1312w, https:\/\/studio3d.se\/wp-content\/uploads\/2024\/04\/studio3d_yllefabriken_ext01_final-1610x1138.jpg 1610w, https:\/\/studio3d.se\/wp-content\/uploads\/2024\/04\/studio3d_yllefabriken_ext01_final-1177x832.jpg 1177w\" sizes=\"(max-width: 2500px) 100vw, 2500px\" \/>                        <h3>Yllefabriken - Norrk\u00f6ping<\/h3>\n                    <\/a>\n                <\/article>\n                            <article class=\"gallery-item\" aria-label=\"Rosendals Tr\u00e4dg\u00e5rdar - Veksthus\" data-id=\"2124\">\n                    <a href=\"https:\/\/studio3d.se\/no\/portfolio\/rosendals-tradgardar-vaxthus\/\">\n                        <img decoding=\"async\" width=\"2500\" height=\"1666\" src=\"https:\/\/studio3d.se\/wp-content\/uploads\/2023\/10\/visualisering-rosendalstradgardar-exterior_1.jpg\" class=\"attachment-2124 size-2124 wp-post-image\" alt=\"Utvendig visualisering av en kaf\u00e9 p\u00e5 Djurg\u00e5rden i Sverige.\" srcset=\"https:\/\/studio3d.se\/wp-content\/uploads\/2023\/10\/visualisering-rosendalstradgardar-exterior_1.jpg 2500w, https:\/\/studio3d.se\/wp-content\/uploads\/2023\/10\/visualisering-rosendalstradgardar-exterior_1-768x512.jpg 768w, https:\/\/studio3d.se\/wp-content\/uploads\/2023\/10\/visualisering-rosendalstradgardar-exterior_1-1024x682.jpg 1024w, https:\/\/studio3d.se\/wp-content\/uploads\/2023\/10\/visualisering-rosendalstradgardar-exterior_1-336x224.jpg 336w, https:\/\/studio3d.se\/wp-content\/uploads\/2023\/10\/visualisering-rosendalstradgardar-exterior_1-1536x1024.jpg 1536w, https:\/\/studio3d.se\/wp-content\/uploads\/2023\/10\/visualisering-rosendalstradgardar-exterior_1-2048x1365.jpg 2048w, https:\/\/studio3d.se\/wp-content\/uploads\/2023\/10\/visualisering-rosendalstradgardar-exterior_1-1312x874.jpg 1312w, https:\/\/studio3d.se\/wp-content\/uploads\/2023\/10\/visualisering-rosendalstradgardar-exterior_1-1610x1073.jpg 1610w, https:\/\/studio3d.se\/wp-content\/uploads\/2023\/10\/visualisering-rosendalstradgardar-exterior_1-1248x832.jpg 1248w\" sizes=\"(max-width: 2500px) 100vw, 2500px\" \/>                        <h3>Rosendals Tr\u00e4dg\u00e5rdar - Veksthus<\/h3>\n                    <\/a>\n                <\/article>\n                            <article class=\"gallery-item\" aria-label=\"Fuck Concrete - Trosa\" data-id=\"2111\">\n                    <a href=\"https:\/\/studio3d.se\/no\/portfolio\/fuck-concrete-trosa\/\">\n                        <img decoding=\"async\" width=\"2500\" height=\"1809\" src=\"https:\/\/studio3d.se\/wp-content\/uploads\/2023\/10\/visualisering-fuckconcrete-exterior_1.jpg\" class=\"attachment-2111 size-2111 wp-post-image\" alt=\"Utvendig visualisering av en villa i Trosa, Sverige.\" srcset=\"https:\/\/studio3d.se\/wp-content\/uploads\/2023\/10\/visualisering-fuckconcrete-exterior_1.jpg 2500w, https:\/\/studio3d.se\/wp-content\/uploads\/2023\/10\/visualisering-fuckconcrete-exterior_1-768x556.jpg 768w, https:\/\/studio3d.se\/wp-content\/uploads\/2023\/10\/visualisering-fuckconcrete-exterior_1-1024x741.jpg 1024w, https:\/\/studio3d.se\/wp-content\/uploads\/2023\/10\/visualisering-fuckconcrete-exterior_1-336x243.jpg 336w, https:\/\/studio3d.se\/wp-content\/uploads\/2023\/10\/visualisering-fuckconcrete-exterior_1-1536x1111.jpg 1536w, https:\/\/studio3d.se\/wp-content\/uploads\/2023\/10\/visualisering-fuckconcrete-exterior_1-2048x1482.jpg 2048w, https:\/\/studio3d.se\/wp-content\/uploads\/2023\/10\/visualisering-fuckconcrete-exterior_1-1312x949.jpg 1312w, https:\/\/studio3d.se\/wp-content\/uploads\/2023\/10\/visualisering-fuckconcrete-exterior_1-1610x1165.jpg 1610w, https:\/\/studio3d.se\/wp-content\/uploads\/2023\/10\/visualisering-fuckconcrete-exterior_1-1150x832.jpg 1150w\" sizes=\"(max-width: 2500px) 100vw, 2500px\" \/>                        <h3>Fuck Concrete - Trosa<\/h3>\n                    <\/a>\n                <\/article>\n                    \n        <\/div>\n        <div style=\"display:flex;gap:16px;align-items:center;\">\n        <a href=\"https:\/\/studio3d.se\/no\/portfolio\/?primary=arkitektur\" class=\"button-link\">Portef\u00f8lje<\/a>\n             <\/div>\n<\/section>","protected":false},"excerpt":{"rendered":"<p>Visualisering er fortsatt v\u00e5r kjernevirksomhet, og det er ikke s\u00e5 rart. Et bilde sier mer enn tusen ord. Vi leverer en rekke produkter og digitale l\u00f8sninger p\u00e5 dette omr\u00e5det.<\/p>","protected":false},"author":4,"featured_media":1138,"parent":4431,"menu_order":1,"comment_status":"closed","ping_status":"closed","template":"","meta":{"_acf_changed":false,"inline_featured_image":false,"ghostkit_customizer_options":"","ghostkit_custom_css":"","ghostkit_custom_js_head":"","ghostkit_custom_js_foot":"","ghostkit_typography":"","footnotes":""},"class_list":["post-168","page","type-page","status-publish","has-post-thumbnail","hentry"],"acf":[],"_links":{"self":[{"href":"https:\/\/studio3d.se\/no\/wp-json\/wp\/v2\/pages\/168","targetHints":{"allow":["GET"]}}],"collection":[{"href":"https:\/\/studio3d.se\/no\/wp-json\/wp\/v2\/pages"}],"about":[{"href":"https:\/\/studio3d.se\/no\/wp-json\/wp\/v2\/types\/page"}],"author":[{"embeddable":true,"href":"https:\/\/studio3d.se\/no\/wp-json\/wp\/v2\/users\/4"}],"replies":[{"embeddable":true,"href":"https:\/\/studio3d.se\/no\/wp-json\/wp\/v2\/comments?post=168"}],"version-history":[{"count":18,"href":"https:\/\/studio3d.se\/no\/wp-json\/wp\/v2\/pages\/168\/revisions"}],"predecessor-version":[{"id":5004,"href":"https:\/\/studio3d.se\/no\/wp-json\/wp\/v2\/pages\/168\/revisions\/5004"}],"up":[{"embeddable":true,"href":"https:\/\/studio3d.se\/no\/wp-json\/wp\/v2\/pages\/4431"}],"wp:featuredmedia":[{"embeddable":true,"href":"https:\/\/studio3d.se\/no\/wp-json\/wp\/v2\/media\/1138"}],"wp:attachment":[{"href":"https:\/\/studio3d.se\/no\/wp-json\/wp\/v2\/media?parent=168"}],"curies":[{"name":"wp","href":"https:\/\/api.w.org\/{rel}","templated":true}]}}