{"id":1035,"date":"2023-08-24T09:46:18","date_gmt":"2023-08-24T07:46:18","guid":{"rendered":"https:\/\/studio3d.se\/?page_id=1035"},"modified":"2025-08-22T15:06:03","modified_gmt":"2025-08-22T13:06:03","slug":"roterbar-visualisering","status":"publish","type":"page","link":"https:\/\/studio3d.se\/no\/tjanster\/produkt\/3d-visualisering\/roterbar-visualisering\/","title":{"rendered":"Roterbar visualisering"},"content":{"rendered":"<div class=\"wp-block-cover alignfull is-light\"><span aria-hidden=\"true\" class=\"wp-block-cover__background has-background-dim-30 has-background-dim\" style=\"background-color:#aca39b\"><\/span><img decoding=\"async\" width=\"2560\" height=\"1810\" src=\"https:\/\/studio3d.se\/wp-content\/uploads\/2023\/08\/studio3d-produkt-tjanst-bakgrund-scaled.jpg\" class=\"wp-block-cover__image-background wp-post-image\" alt=\"\" data-object-fit=\"cover\" data-object-position=\"50% 0%\" style=\"object-position:50% 0%;\" srcset=\"https:\/\/studio3d.se\/wp-content\/uploads\/2023\/08\/studio3d-produkt-tjanst-bakgrund-scaled.jpg 2560w, https:\/\/studio3d.se\/wp-content\/uploads\/2023\/08\/studio3d-produkt-tjanst-bakgrund-768x543.jpg 768w, https:\/\/studio3d.se\/wp-content\/uploads\/2023\/08\/studio3d-produkt-tjanst-bakgrund-1024x724.jpg 1024w, https:\/\/studio3d.se\/wp-content\/uploads\/2023\/08\/studio3d-produkt-tjanst-bakgrund-336x238.jpg 336w, https:\/\/studio3d.se\/wp-content\/uploads\/2023\/08\/studio3d-produkt-tjanst-bakgrund-1536x1086.jpg 1536w, https:\/\/studio3d.se\/wp-content\/uploads\/2023\/08\/studio3d-produkt-tjanst-bakgrund-2048x1448.jpg 2048w, https:\/\/studio3d.se\/wp-content\/uploads\/2023\/08\/studio3d-produkt-tjanst-bakgrund-1312x928.jpg 1312w, https:\/\/studio3d.se\/wp-content\/uploads\/2023\/08\/studio3d-produkt-tjanst-bakgrund-1610x1138.jpg 1610w, https:\/\/studio3d.se\/wp-content\/uploads\/2023\/08\/studio3d-produkt-tjanst-bakgrund-1177x832.jpg 1177w\" sizes=\"(max-width: 2560px) 100vw, 2560px\" \/><div class=\"wp-block-cover__inner-container is-layout-flow wp-block-cover-is-layout-flow\">\n<h1 class=\"wp-block-heading has-text-align-center has-white-color has-text-color has-large-font-size\" id=\"roterbar-3d-visualisering\">Roterbar 3D-visualisering<\/h1>\n<\/div><\/div>\n\n\n\n<div class=\"wp-block-group ghostkit-custom-1KFLA7\"><div class=\"wp-block-group__inner-container is-layout-constrained wp-block-group-is-layout-constrained\"><ol class=\"breadcrumbs\">\n            <li class=\"\"><a href=\"https:\/\/studio3d.se\/no\/\">Roterbar visualisering<\/a><\/li>\n    <\/ol>\n\n\n\n<div class=\"wp-block-group center ghostkit-custom-Z24HgRY\"><div class=\"wp-block-group__inner-container is-layout-constrained wp-block-group-is-layout-constrained\">\n<h2 class=\"wp-block-heading has-text-align-center\" id=\"hur-gar-det-till\">Forenkle med roterbar 3D-visualisering<\/h2>\n\n\n\n<div style=\"height:25px\" aria-hidden=\"true\" class=\"wp-block-spacer\"><\/div>\n\n\n\n<p class=\"has-text-align-center ghostkit-custom-ZRrOp5 has-black-color has-text-color\">Det er ikke alltid det <a href=\"https:\/\/studio3d.se\/no\/tjenester\/produkt\/3d-visualisering\/produktvisualisering\/\" data-type=\"page\" data-id=\"1030\">produktvisualiseringer<\/a> er tilstrekkelig for \u00e5 tydelig formidle hvordan et produkt fungerer eller er bygget opp. For store og komplekse l\u00f8sninger kan v\u00e5re roterbare 3D-visualiseringer v\u00e6re en god m\u00e5te \u00e5 la kunden navigere rundt i produktet og se det fra ulike vinkler.<\/p>\n\n\n\n<h2 class=\"wp-block-heading has-text-align-center\" id=\"hur-gar-det-till\">\u00d8ke engasjementet<\/h2>\n\n\n\n<div style=\"height:25px\" aria-hidden=\"true\" class=\"wp-block-spacer\"><\/div>\n\n\n\n<p class=\"has-text-align-center ghostkit-custom-u01dC has-black-color has-text-color\">Interaktive elementer som dette \u00f8ker ofte tiden potensielle kunder er i kontakt med og eksponeres for produktet. Dette, sammen med \u00f8kt forst\u00e5else, resulterer alltid i en h\u00f8yere avslutningsrate over tid. Disse roterbare 3D-visualiseringene er basert p\u00e5 en serie stillbilder som er enkle \u00e5 navigere i eller til og med rotere automatisk. Resultatet er en priseffektiv produksjon som samtidig opprettholder den samme fotorealismen som v\u00e5re vanlige 3D-visualiseringer.<\/p>\n<\/div><\/div>\n\n\n\n<div>\n   <div class=\"iframe-wrapper\" style=\"position:relative; height:0; padding-bottom:56.25%;\">\n      <iframe src=\"https:\/\/studio3d.se\/rotation\/demo\/00909608\/\" style=\"left: 0; top: 0; border:none; position:absolute; width:100%; height:100%;\" allowfullscreen><\/iframe>\n   <\/div>\n<\/div>\n\n\n\n<div class=\"wp-block-group center ghostkit-custom-1OzxqA\"><div class=\"wp-block-group__inner-container is-layout-constrained wp-block-group-is-layout-constrained\">\n<div style=\"height:75px\" aria-hidden=\"true\" class=\"wp-block-spacer\"><\/div>\n\n\n\n<h2 class=\"wp-block-heading has-text-align-center\" id=\"hur-gar-det-till\">Leter du etter en 3D-fremviser?<\/h2>\n\n\n\n<div style=\"height:25px\" aria-hidden=\"true\" class=\"wp-block-spacer\"><\/div>\n\n\n\n<p class=\"has-text-align-center ghostkit-custom-Z1DPrUm has-black-color has-text-color\">Vi har ogs\u00e5 produktet <a href=\"https:\/\/studio3d.se\/no\/tjenester\/produkt\/designstudion\/\" data-type=\"page\" data-id=\"3567\">DesignStudion<\/a>, her f\u00e5r kunden lov til \u00e5 rotere fritt <a href=\"https:\/\/studio3d.se\/no\/tjenester\/produkt\/3d-modell\/\" data-type=\"page\" data-id=\"1052\">3D-modeller<\/a> p\u00e5 nettet. DesignStudio kan ogs\u00e5 brukes til \u00e5 lage kraftige 3D-konfiguratorer.<\/p>\n<\/div><\/div>\n<\/div><\/div>","protected":false},"excerpt":{"rendered":"<p>En roterbar presentasjon av produktet ditt kan gi kundene nye muligheter til \u00e5 utforske og forst\u00e5 hvordan produktet ser ut og er konstruert. Det er ogs\u00e5 en effektiv m\u00e5te \u00e5 \u00f8ke interaktiviteten og interessen for produktet p\u00e5, noe som beviselig \u00f8ker fullf\u00f8ringsgraden.<\/p>","protected":false},"author":4,"featured_media":1125,"parent":1028,"menu_order":3,"comment_status":"closed","ping_status":"closed","template":"","meta":{"_acf_changed":false,"inline_featured_image":false,"ghostkit_customizer_options":"","ghostkit_custom_css":"","ghostkit_custom_js_head":"","ghostkit_custom_js_foot":"","ghostkit_typography":"","footnotes":""},"class_list":["post-1035","page","type-page","status-publish","has-post-thumbnail","hentry"],"acf":[],"_links":{"self":[{"href":"https:\/\/studio3d.se\/no\/wp-json\/wp\/v2\/pages\/1035","targetHints":{"allow":["GET"]}}],"collection":[{"href":"https:\/\/studio3d.se\/no\/wp-json\/wp\/v2\/pages"}],"about":[{"href":"https:\/\/studio3d.se\/no\/wp-json\/wp\/v2\/types\/page"}],"author":[{"embeddable":true,"href":"https:\/\/studio3d.se\/no\/wp-json\/wp\/v2\/users\/4"}],"replies":[{"embeddable":true,"href":"https:\/\/studio3d.se\/no\/wp-json\/wp\/v2\/comments?post=1035"}],"version-history":[{"count":2,"href":"https:\/\/studio3d.se\/no\/wp-json\/wp\/v2\/pages\/1035\/revisions"}],"predecessor-version":[{"id":5063,"href":"https:\/\/studio3d.se\/no\/wp-json\/wp\/v2\/pages\/1035\/revisions\/5063"}],"up":[{"embeddable":true,"href":"https:\/\/studio3d.se\/no\/wp-json\/wp\/v2\/pages\/1028"}],"wp:featuredmedia":[{"embeddable":true,"href":"https:\/\/studio3d.se\/no\/wp-json\/wp\/v2\/media\/1125"}],"wp:attachment":[{"href":"https:\/\/studio3d.se\/no\/wp-json\/wp\/v2\/media?parent=1035"}],"curies":[{"name":"wp","href":"https:\/\/api.w.org\/{rel}","templated":true}]}}