{"id":1033,"date":"2023-08-24T09:16:16","date_gmt":"2023-08-24T07:16:16","guid":{"rendered":"https:\/\/studio3d.se\/?page_id=1033"},"modified":"2025-08-22T14:42:47","modified_gmt":"2025-08-22T12:42:47","slug":"miljovisualisering","status":"publish","type":"page","link":"https:\/\/studio3d.se\/no\/tjanster\/produkt\/3d-visualisering\/miljovisualisering\/","title":{"rendered":"Milj\u00f8visualisering"},"content":{"rendered":"<div class=\"wp-block-cover alignfull is-light\"><span aria-hidden=\"true\" class=\"wp-block-cover__background has-background-dim-30 has-background-dim\" style=\"background-color:#ba8c6b\"><\/span><img decoding=\"async\" width=\"1757\" height=\"2560\" src=\"https:\/\/studio3d.se\/wp-content\/uploads\/2023\/08\/studio3d-produkt-tjanst-miljo-scaled.jpg\" class=\"wp-block-cover__image-background wp-post-image\" alt=\"Produktets image i omgivelsene\" data-object-fit=\"cover\" data-object-position=\"50% 50%\" style=\"object-position:50% 50%;\" srcset=\"https:\/\/studio3d.se\/wp-content\/uploads\/2023\/08\/studio3d-produkt-tjanst-miljo-scaled.jpg 1757w, https:\/\/studio3d.se\/wp-content\/uploads\/2023\/08\/studio3d-produkt-tjanst-miljo-527x768.jpg 527w, https:\/\/studio3d.se\/wp-content\/uploads\/2023\/08\/studio3d-produkt-tjanst-miljo-703x1024.jpg 703w, https:\/\/studio3d.se\/wp-content\/uploads\/2023\/08\/studio3d-produkt-tjanst-miljo-231x336.jpg 231w, https:\/\/studio3d.se\/wp-content\/uploads\/2023\/08\/studio3d-produkt-tjanst-miljo-768x1119.jpg 768w, https:\/\/studio3d.se\/wp-content\/uploads\/2023\/08\/studio3d-produkt-tjanst-miljo-1054x1536.jpg 1054w, https:\/\/studio3d.se\/wp-content\/uploads\/2023\/08\/studio3d-produkt-tjanst-miljo-1406x2048.jpg 1406w, https:\/\/studio3d.se\/wp-content\/uploads\/2023\/08\/studio3d-produkt-tjanst-miljo-901x1312.jpg 901w, https:\/\/studio3d.se\/wp-content\/uploads\/2023\/08\/studio3d-produkt-tjanst-miljo-1105x1610.jpg 1105w, https:\/\/studio3d.se\/wp-content\/uploads\/2023\/08\/studio3d-produkt-tjanst-miljo-571x832.jpg 571w\" sizes=\"(max-width: 1757px) 100vw, 1757px\" \/><div class=\"wp-block-cover__inner-container is-layout-flow wp-block-cover-is-layout-flow\">\n<h1 class=\"wp-block-heading has-text-align-center has-white-color has-text-color has-large-font-size\" id=\"miljovisualisering\">Milj\u00f8visualisering<\/h1>\n<\/div><\/div>\n\n\n\n<div class=\"wp-block-group ghostkit-custom-1KFLA7\"><div class=\"wp-block-group__inner-container is-layout-constrained wp-block-group-is-layout-constrained\"><ol class=\"breadcrumbs\">\n            <li class=\"\"><a href=\"https:\/\/studio3d.se\/no\/\">Milj\u00f8visualisering<\/a><\/li>\n    <\/ol>\n\n\n\n<div class=\"wp-block-group center ghostkit-custom-Z24HgRY\"><div class=\"wp-block-group__inner-container is-layout-constrained wp-block-group-is-layout-constrained\">\n<h2 class=\"wp-block-heading has-text-align-center\" id=\"hur-gar-det-till\">Milj\u00f8visualiseringer som fremhever produktet ditt<\/h2>\n\n\n\n<div style=\"height:25px\" aria-hidden=\"true\" class=\"wp-block-spacer\"><\/div>\n\n\n\n<p class=\"has-text-align-center ghostkit-custom-ZRrOp5 has-black-color has-text-color\">\u00c5 kommunisere tydelig hvordan produktet ditt kan brukes og hjelpe kundene dine, er avgj\u00f8rende for effektivt salg. Gjennom skreddersydde milj\u00f8er for produktet ditt og dets bruksomr\u00e5de kan vi formidle dette p\u00e5 en effektiv m\u00e5te. Mulighetene er uendelige, og det kan ogs\u00e5 v\u00e6re sterkt merkevarebyggende ettersom farger, dekor og mer kan skreddersys for \u00e5 passe til merkevarens kjerneverdier. <\/p>\n\n\n\n<h2 class=\"wp-block-heading has-text-align-center\" id=\"hur-gar-det-till\">Bred erfaring<\/h2>\n\n\n\n<div style=\"height:25px\" aria-hidden=\"true\" class=\"wp-block-spacer\"><\/div>\n\n\n\n<p class=\"has-text-align-center ghostkit-custom-Z18eJqu has-black-color has-text-color\">Vi har lang erfaring med b\u00e5de interi\u00f8r- og eksteri\u00f8rproduksjoner i forbindelse med produktbilder, men ogs\u00e5 som en etablert produsent av <a href=\"https:\/\/studio3d.se\/no\/tjenester\/eiendom\/3d-visualisering\/\" data-type=\"page\" data-id=\"168\">boligvisualiseringer<\/a> i nybyggsektoren. Du kan velge \u00e5 samarbeide med v\u00e5re interne interi\u00f8rdesignere for \u00e5 utvikle konseptmilj\u00f8er for produktene dine, eller du kan knytte oss til dine eksisterende kreative medarbeidere hvis du har slike.<\/p>\n<\/div><\/div>\n<\/div><\/div>\n\n\n\n<figure class=\"wp-block-image size-full ghostkit-custom-Z2gp95W\"><img decoding=\"async\" width=\"2500\" height=\"2500\" src=\"https:\/\/studio3d.se\/wp-content\/uploads\/2023\/09\/visualisering-audiopro-g10-miljovisualisering-2.jpg\" alt=\"Visualisering av milj\u00f8et i Audio Pros G10-h\u00f8yttalere\" class=\"wp-image-1603\" srcset=\"https:\/\/studio3d.se\/wp-content\/uploads\/2023\/09\/visualisering-audiopro-g10-miljovisualisering-2.jpg 2500w, https:\/\/studio3d.se\/wp-content\/uploads\/2023\/09\/visualisering-audiopro-g10-miljovisualisering-2-768x768.jpg 768w, https:\/\/studio3d.se\/wp-content\/uploads\/2023\/09\/visualisering-audiopro-g10-miljovisualisering-2-1024x1024.jpg 1024w, https:\/\/studio3d.se\/wp-content\/uploads\/2023\/09\/visualisering-audiopro-g10-miljovisualisering-2-336x336.jpg 336w, https:\/\/studio3d.se\/wp-content\/uploads\/2023\/09\/visualisering-audiopro-g10-miljovisualisering-2-1536x1536.jpg 1536w, https:\/\/studio3d.se\/wp-content\/uploads\/2023\/09\/visualisering-audiopro-g10-miljovisualisering-2-2048x2048.jpg 2048w, https:\/\/studio3d.se\/wp-content\/uploads\/2023\/09\/visualisering-audiopro-g10-miljovisualisering-2-1312x1312.jpg 1312w, https:\/\/studio3d.se\/wp-content\/uploads\/2023\/09\/visualisering-audiopro-g10-miljovisualisering-2-1610x1610.jpg 1610w, https:\/\/studio3d.se\/wp-content\/uploads\/2023\/09\/visualisering-audiopro-g10-miljovisualisering-2-832x832.jpg 832w\" sizes=\"(max-width: 2500px) 100vw, 2500px\" \/><\/figure>\n\n\n\n<div style=\"height:75px\" aria-hidden=\"true\" class=\"wp-block-spacer\"><\/div>\n\n\n<section class=\"portfolio-snippet\">\n                        <h2>Portef\u00f8ljeprosjekter med milj\u00f8visualiseringer<\/h2>\n                        <div class=\"portfolio-snippet-gallery\">\n                            <article class=\"gallery-item\" aria-label=\"Maskiner - Brokk\" data-id=\"5235\">\n                    <a href=\"https:\/\/studio3d.se\/no\/portfolio\/maskiner-brokk-2\/\">\n                        <img decoding=\"async\" width=\"2500\" height=\"1768\" src=\"https:\/\/studio3d.se\/wp-content\/uploads\/2026\/03\/visualisering_brokk_attachments.jpg\" class=\"attachment-5235 size-5235 wp-post-image\" alt=\"Produktvisualisering av maskiner for Brokk\" srcset=\"https:\/\/studio3d.se\/wp-content\/uploads\/2026\/03\/visualisering_brokk_attachments.jpg 2500w, https:\/\/studio3d.se\/wp-content\/uploads\/2026\/03\/visualisering_brokk_attachments-768x543.jpg 768w, https:\/\/studio3d.se\/wp-content\/uploads\/2026\/03\/visualisering_brokk_attachments-1024x724.jpg 1024w, https:\/\/studio3d.se\/wp-content\/uploads\/2026\/03\/visualisering_brokk_attachments-336x238.jpg 336w, https:\/\/studio3d.se\/wp-content\/uploads\/2026\/03\/visualisering_brokk_attachments-1536x1086.jpg 1536w, https:\/\/studio3d.se\/wp-content\/uploads\/2026\/03\/visualisering_brokk_attachments-2048x1448.jpg 2048w, https:\/\/studio3d.se\/wp-content\/uploads\/2026\/03\/visualisering_brokk_attachments-18x12.jpg 18w, https:\/\/studio3d.se\/wp-content\/uploads\/2026\/03\/visualisering_brokk_attachments-1312x928.jpg 1312w, https:\/\/studio3d.se\/wp-content\/uploads\/2026\/03\/visualisering_brokk_attachments-1610x1139.jpg 1610w, https:\/\/studio3d.se\/wp-content\/uploads\/2026\/03\/visualisering_brokk_attachments-1176x832.jpg 1176w\" sizes=\"(max-width: 2500px) 100vw, 2500px\" \/>                        <h3>Maskiner - Brokk<\/h3>\n                    <\/a>\n                <\/article>\n                            <article class=\"gallery-item\" aria-label=\"Birdcage - Open Studio Stockholm\" data-id=\"3406\">\n                    <a href=\"https:\/\/studio3d.se\/no\/portfolio\/birdcage-open-studio-stockholm\/\">\n                        <img decoding=\"async\" width=\"2500\" height=\"1406\" src=\"https:\/\/studio3d.se\/wp-content\/uploads\/2024\/09\/visualisering-birdcage_zero_Indian_500ml-01.jpg\" class=\"attachment-3406 size-3406 wp-post-image\" alt=\"Visualisering av en flaske tonicvann\" srcset=\"https:\/\/studio3d.se\/wp-content\/uploads\/2024\/09\/visualisering-birdcage_zero_Indian_500ml-01.jpg 2500w, https:\/\/studio3d.se\/wp-content\/uploads\/2024\/09\/visualisering-birdcage_zero_Indian_500ml-01-768x432.jpg 768w, https:\/\/studio3d.se\/wp-content\/uploads\/2024\/09\/visualisering-birdcage_zero_Indian_500ml-01-1024x576.jpg 1024w, https:\/\/studio3d.se\/wp-content\/uploads\/2024\/09\/visualisering-birdcage_zero_Indian_500ml-01-336x189.jpg 336w, https:\/\/studio3d.se\/wp-content\/uploads\/2024\/09\/visualisering-birdcage_zero_Indian_500ml-01-1536x864.jpg 1536w, https:\/\/studio3d.se\/wp-content\/uploads\/2024\/09\/visualisering-birdcage_zero_Indian_500ml-01-2048x1152.jpg 2048w, https:\/\/studio3d.se\/wp-content\/uploads\/2024\/09\/visualisering-birdcage_zero_Indian_500ml-01-18x10.jpg 18w, https:\/\/studio3d.se\/wp-content\/uploads\/2024\/09\/visualisering-birdcage_zero_Indian_500ml-01-1312x738.jpg 1312w, https:\/\/studio3d.se\/wp-content\/uploads\/2024\/09\/visualisering-birdcage_zero_Indian_500ml-01-1610x905.jpg 1610w, https:\/\/studio3d.se\/wp-content\/uploads\/2024\/09\/visualisering-birdcage_zero_Indian_500ml-01-1479x832.jpg 1479w\" sizes=\"(max-width: 2500px) 100vw, 2500px\" \/>                        <h3>Birdcage - Open Studio Stockholm<\/h3>\n                    <\/a>\n                <\/article>\n                            <article class=\"gallery-item\" aria-label=\"Belysning - CO Bankeryd\" data-id=\"4513\">\n                    <a href=\"https:\/\/studio3d.se\/no\/portfolio\/belysning-co-bankeryd\/\">\n                        <img decoding=\"async\" width=\"1767\" height=\"2500\" src=\"https:\/\/studio3d.se\/wp-content\/uploads\/2025\/06\/visualisering_bankeryd_vardagsrum_belli55-1.jpg\" class=\"attachment-4513 size-4513 wp-post-image\" alt=\"Visualisering av tak i stue\" srcset=\"https:\/\/studio3d.se\/wp-content\/uploads\/2025\/06\/visualisering_bankeryd_vardagsrum_belli55-1.jpg 1767w, https:\/\/studio3d.se\/wp-content\/uploads\/2025\/06\/visualisering_bankeryd_vardagsrum_belli55-1-543x768.jpg 543w, https:\/\/studio3d.se\/wp-content\/uploads\/2025\/06\/visualisering_bankeryd_vardagsrum_belli55-1-724x1024.jpg 724w, https:\/\/studio3d.se\/wp-content\/uploads\/2025\/06\/visualisering_bankeryd_vardagsrum_belli55-1-237x336.jpg 237w, https:\/\/studio3d.se\/wp-content\/uploads\/2025\/06\/visualisering_bankeryd_vardagsrum_belli55-1-768x1087.jpg 768w, https:\/\/studio3d.se\/wp-content\/uploads\/2025\/06\/visualisering_bankeryd_vardagsrum_belli55-1-1086x1536.jpg 1086w, https:\/\/studio3d.se\/wp-content\/uploads\/2025\/06\/visualisering_bankeryd_vardagsrum_belli55-1-1448x2048.jpg 1448w, https:\/\/studio3d.se\/wp-content\/uploads\/2025\/06\/visualisering_bankeryd_vardagsrum_belli55-1-8x12.jpg 8w, https:\/\/studio3d.se\/wp-content\/uploads\/2025\/06\/visualisering_bankeryd_vardagsrum_belli55-1-927x1312.jpg 927w, https:\/\/studio3d.se\/wp-content\/uploads\/2025\/06\/visualisering_bankeryd_vardagsrum_belli55-1-1138x1610.jpg 1138w, https:\/\/studio3d.se\/wp-content\/uploads\/2025\/06\/visualisering_bankeryd_vardagsrum_belli55-1-588x832.jpg 588w\" sizes=\"(max-width: 1767px) 100vw, 1767px\" \/>                        <h3>Belysning - CO Bankeryd<\/h3>\n                    <\/a>\n                <\/article>\n                            <article class=\"gallery-item\" aria-label=\"Batterier - Gr\u00e4nges\" data-id=\"4246\">\n                    <a href=\"https:\/\/studio3d.se\/no\/portfolio\/batterier-granges\/\">\n                        <img decoding=\"async\" width=\"2500\" height=\"1768\" src=\"https:\/\/studio3d.se\/wp-content\/uploads\/2025\/03\/visualisering_granges_car_batteri.jpg\" class=\"attachment-4246 size-4246 wp-post-image\" alt=\"Visualisering av bilbatterier for Gr\u00e4nges\" srcset=\"https:\/\/studio3d.se\/wp-content\/uploads\/2025\/03\/visualisering_granges_car_batteri.jpg 2500w, https:\/\/studio3d.se\/wp-content\/uploads\/2025\/03\/visualisering_granges_car_batteri-768x543.jpg 768w, https:\/\/studio3d.se\/wp-content\/uploads\/2025\/03\/visualisering_granges_car_batteri-1024x724.jpg 1024w, https:\/\/studio3d.se\/wp-content\/uploads\/2025\/03\/visualisering_granges_car_batteri-336x238.jpg 336w, https:\/\/studio3d.se\/wp-content\/uploads\/2025\/03\/visualisering_granges_car_batteri-1536x1086.jpg 1536w, https:\/\/studio3d.se\/wp-content\/uploads\/2025\/03\/visualisering_granges_car_batteri-2048x1448.jpg 2048w, https:\/\/studio3d.se\/wp-content\/uploads\/2025\/03\/visualisering_granges_car_batteri-18x12.jpg 18w, https:\/\/studio3d.se\/wp-content\/uploads\/2025\/03\/visualisering_granges_car_batteri-1312x928.jpg 1312w, https:\/\/studio3d.se\/wp-content\/uploads\/2025\/03\/visualisering_granges_car_batteri-1610x1139.jpg 1610w, https:\/\/studio3d.se\/wp-content\/uploads\/2025\/03\/visualisering_granges_car_batteri-1176x832.jpg 1176w\" sizes=\"(max-width: 2500px) 100vw, 2500px\" \/>                        <h3>Batterier - Gr\u00e4nges<\/h3>\n                    <\/a>\n                <\/article>\n                    \n        <\/div>\n        <div style=\"display:flex;gap:16px;align-items:center;\">\n        <a href=\"https:\/\/studio3d.se\/no\/portfolio\/?primary=produkt\" class=\"button-link\">Portef\u00f8lje<\/a>\n             <\/div>\n<\/section>","protected":false},"excerpt":{"rendered":"<p>Vi mener at alle produkter b\u00f8r vises i et milj\u00f8 som fremhever produktets egenskaper og tiltenkte bruk p\u00e5 en optimal m\u00e5te. Med utgangspunkt i boligvisualiseringer har vi lang erfaring med \u00e5 produsere b\u00e5de utvendige og innvendige milj\u00f8er som kan vise produktet ditt i sitt rette element.<\/p>","protected":false},"author":4,"featured_media":1143,"parent":1028,"menu_order":2,"comment_status":"closed","ping_status":"closed","template":"","meta":{"_acf_changed":false,"inline_featured_image":false,"ghostkit_customizer_options":"","ghostkit_custom_css":"","ghostkit_custom_js_head":"","ghostkit_custom_js_foot":"","ghostkit_typography":"","footnotes":""},"class_list":["post-1033","page","type-page","status-publish","has-post-thumbnail","hentry"],"acf":[],"_links":{"self":[{"href":"https:\/\/studio3d.se\/no\/wp-json\/wp\/v2\/pages\/1033","targetHints":{"allow":["GET"]}}],"collection":[{"href":"https:\/\/studio3d.se\/no\/wp-json\/wp\/v2\/pages"}],"about":[{"href":"https:\/\/studio3d.se\/no\/wp-json\/wp\/v2\/types\/page"}],"author":[{"embeddable":true,"href":"https:\/\/studio3d.se\/no\/wp-json\/wp\/v2\/users\/4"}],"replies":[{"embeddable":true,"href":"https:\/\/studio3d.se\/no\/wp-json\/wp\/v2\/comments?post=1033"}],"version-history":[{"count":5,"href":"https:\/\/studio3d.se\/no\/wp-json\/wp\/v2\/pages\/1033\/revisions"}],"predecessor-version":[{"id":5060,"href":"https:\/\/studio3d.se\/no\/wp-json\/wp\/v2\/pages\/1033\/revisions\/5060"}],"up":[{"embeddable":true,"href":"https:\/\/studio3d.se\/no\/wp-json\/wp\/v2\/pages\/1028"}],"wp:featuredmedia":[{"embeddable":true,"href":"https:\/\/studio3d.se\/no\/wp-json\/wp\/v2\/media\/1143"}],"wp:attachment":[{"href":"https:\/\/studio3d.se\/no\/wp-json\/wp\/v2\/media?parent=1033"}],"curies":[{"name":"wp","href":"https:\/\/api.w.org\/{rel}","templated":true}]}}