{"id":1030,"date":"2023-08-24T09:15:26","date_gmt":"2023-08-24T07:15:26","guid":{"rendered":"https:\/\/studio3d.se\/?page_id=1030"},"modified":"2025-08-22T14:31:15","modified_gmt":"2025-08-22T12:31:15","slug":"produktvisualisering","status":"publish","type":"page","link":"https:\/\/studio3d.se\/no\/tjanster\/produkt\/3d-visualisering\/produktvisualisering\/","title":{"rendered":"Produktvisualisering"},"content":{"rendered":"<div class=\"wp-block-cover alignfull is-light\"><span aria-hidden=\"true\" class=\"wp-block-cover__background has-background-dim-30 has-background-dim\" style=\"background-color:#a09e9c\"><\/span><img decoding=\"async\" width=\"2500\" height=\"2500\" src=\"https:\/\/studio3d.se\/wp-content\/uploads\/2023\/08\/studiobild_audio-pro_a15.jpg\" class=\"wp-block-cover__image-background wp-post-image\" alt=\"Produktvisualisering av Audio Pros A15-h\u00f8yttalere\" data-object-fit=\"cover\" srcset=\"https:\/\/studio3d.se\/wp-content\/uploads\/2023\/08\/studiobild_audio-pro_a15.jpg 2500w, https:\/\/studio3d.se\/wp-content\/uploads\/2023\/08\/studiobild_audio-pro_a15-768x768.jpg 768w, https:\/\/studio3d.se\/wp-content\/uploads\/2023\/08\/studiobild_audio-pro_a15-1024x1024.jpg 1024w, https:\/\/studio3d.se\/wp-content\/uploads\/2023\/08\/studiobild_audio-pro_a15-336x336.jpg 336w, https:\/\/studio3d.se\/wp-content\/uploads\/2023\/08\/studiobild_audio-pro_a15-1536x1536.jpg 1536w, https:\/\/studio3d.se\/wp-content\/uploads\/2023\/08\/studiobild_audio-pro_a15-2048x2048.jpg 2048w, https:\/\/studio3d.se\/wp-content\/uploads\/2023\/08\/studiobild_audio-pro_a15-1312x1312.jpg 1312w, https:\/\/studio3d.se\/wp-content\/uploads\/2023\/08\/studiobild_audio-pro_a15-1610x1610.jpg 1610w, https:\/\/studio3d.se\/wp-content\/uploads\/2023\/08\/studiobild_audio-pro_a15-832x832.jpg 832w\" sizes=\"(max-width: 2500px) 100vw, 2500px\" \/><div class=\"wp-block-cover__inner-container is-layout-flow wp-block-cover-is-layout-flow\">\n<h1 class=\"wp-block-heading has-text-align-center has-white-color has-text-color has-large-font-size\" id=\"produktvisualisering\">Produktvisualisering<\/h1>\n<\/div><\/div>\n\n\n\n<div class=\"wp-block-group ghostkit-custom-1KFLA7\"><div class=\"wp-block-group__inner-container is-layout-constrained wp-block-group-is-layout-constrained\"><ol class=\"breadcrumbs\">\n            <li class=\"\"><a href=\"https:\/\/studio3d.se\/no\/\">Produktvisualisering<\/a><\/li>\n    <\/ol>\n\n\n\n<div class=\"wp-block-group center ghostkit-custom-Z24HgRY\"><div class=\"wp-block-group__inner-container is-layout-constrained wp-block-group-is-layout-constrained\">\n<h2 class=\"wp-block-heading has-text-align-center\" id=\"hur-gar-det-till\">Produktvisualisering i 3D<\/h2>\n\n\n\n<div style=\"height:25px\" aria-hidden=\"true\" class=\"wp-block-spacer\"><\/div>\n\n\n\n<p class=\"has-text-align-center ghostkit-custom-ZRrOp5 has-black-color has-text-color\"><a href=\"https:\/\/studio3d.se\/no\/tjenester\/produkt\/3d-visualisering\/\" data-type=\"page\" data-id=\"1028\">3D-visualisering<\/a> av produkter gir ofte store fordeler sammenlignet med tradisjonell fotografering. En stor fordel med digital produksjon er at den blir mer konsistent over tid. Fordi alle ressurser i en produksjon lagres digitalt, kan vi s\u00f8rge for at bildene dine har samme man\u00e9r enten du fullf\u00f8rer serien din etter en uke, en m\u00e5ned eller flere \u00e5r.<\/p>\n\n\n\n<p class=\"has-text-align-center ghostkit-custom-Z1vv3Lk has-black-color has-text-color\">Det er ogs\u00e5 mulig \u00e5 produsere billigere bilder hvis produktet ditt finnes i mange lignende utf\u00f8relser, ettersom vi effektivt kan produsere varianter av produkter der bare materialer eller andre mindre modifikasjoner skiller seg fra hverandre. Logistikkmessig kan 3D-visualisering ogs\u00e5 v\u00e6re \u00e5 foretrekke, ettersom frakt av produkter og booking av studioer blir en saga blott, noe som ellers kan v\u00e6re et mareritt for fysisk st\u00f8rre produkter.<\/p>\n<\/div><\/div>\n<\/div><\/div>\n\n\n<div class=\"wp-block-image\">\n<figure class=\"aligncenter size-large\"><img decoding=\"async\" width=\"1024\" height=\"1024\" src=\"https:\/\/studio3d.se\/wp-content\/uploads\/2023\/08\/studiobild_audio-pro_a15-1024x1024.jpg\" alt=\"Produktvisualisering av Audio Pros A15-h\u00f8yttalere\" class=\"wp-image-1031\" srcset=\"https:\/\/studio3d.se\/wp-content\/uploads\/2023\/08\/studiobild_audio-pro_a15-1024x1024.jpg 1024w, https:\/\/studio3d.se\/wp-content\/uploads\/2023\/08\/studiobild_audio-pro_a15-768x768.jpg 768w, https:\/\/studio3d.se\/wp-content\/uploads\/2023\/08\/studiobild_audio-pro_a15-336x336.jpg 336w, https:\/\/studio3d.se\/wp-content\/uploads\/2023\/08\/studiobild_audio-pro_a15-1536x1536.jpg 1536w, https:\/\/studio3d.se\/wp-content\/uploads\/2023\/08\/studiobild_audio-pro_a15-2048x2048.jpg 2048w, https:\/\/studio3d.se\/wp-content\/uploads\/2023\/08\/studiobild_audio-pro_a15-1312x1312.jpg 1312w, https:\/\/studio3d.se\/wp-content\/uploads\/2023\/08\/studiobild_audio-pro_a15-1610x1610.jpg 1610w, https:\/\/studio3d.se\/wp-content\/uploads\/2023\/08\/studiobild_audio-pro_a15-832x832.jpg 832w\" sizes=\"(max-width: 1024px) 100vw, 1024px\" \/><\/figure>\n<\/div>\n\n\n<div class=\"wp-block-group ghostkit-custom-Z1VvSCh\"><div class=\"wp-block-group__inner-container is-layout-constrained wp-block-group-is-layout-constrained\">\n<div style=\"height:75px\" aria-hidden=\"true\" class=\"wp-block-spacer\"><\/div>\n\n\n\n<div class=\"wp-block-group center ghostkit-custom-Z2FUPi\"><div class=\"wp-block-group__inner-container is-layout-constrained wp-block-group-is-layout-constrained\">\n<h2 class=\"wp-block-heading has-text-align-center\" id=\"hur-gar-det-till\">Hvorfor visualisere med Studio3D?<\/h2>\n\n\n\n<div style=\"height:25px\" aria-hidden=\"true\" class=\"wp-block-spacer\"><\/div>\n\n\n\n<h3 class=\"wp-block-heading has-text-align-center has-black-color has-text-color\">Erfaring<\/h3>\n\n\n\n<p class=\"has-text-align-center ghostkit-custom-ZPV6ab has-black-color has-text-color\">Vi er stolte av \u00e5 kunne kalle oss mer enn et visualiseringsbyr\u00e5, men det betyr ikke at vi har mistet lidenskapen for kjernevirksomheten v\u00e5r. Vi er de f\u00f8rste til \u00e5 innse at digital bildeproduksjon ikke egner seg for alle typer produkter. Kl\u00e6r er et typisk eksempel der en fotograf ofte kan v\u00e6re sv\u00e6rt effektiv sammenlignet med en digital produksjon, men det finnes en mengde produkter der 3D-visualisering kan gi en enorm effektivisering, kostnadsbesparelser eller i noen tilfeller muliggj\u00f8re bildeproduksjon som ikke engang ville v\u00e6rt mulig fysisk.<\/p>\n\n\n\n<p class=\"has-text-align-center ghostkit-custom-2lt05c has-black-color has-text-color\">I dag arbeider vi med alt fra m\u00f8bler og forbrukerelektronikk til industrielle systemer og maskiner. Vi kan tilby en str\u00f8mlinjeformet produksjon av perfekte, frittst\u00e5ende <a href=\"https:\/\/studio3d.se\/no\/produkt\/tjenester\/visualisering\/produktvisualisering\/\" data-type=\"page\" data-id=\"1030\">renovering av studio<\/a>, interessant <a href=\"https:\/\/studio3d.se\/no\/produkt\/tjenester\/visualisering\/miljovisualisering\/\" data-type=\"page\" data-id=\"1033\">milj\u00f8bilder<\/a> som fremhever produktet ditt p\u00e5 best mulig m\u00e5te, og en rekke andre kreative visualiseringsl\u00f8sninger. Ta en titt p\u00e5 portef\u00f8ljen v\u00e5r for \u00e5 se hvordan ulike kunder har brukt tjenestene v\u00e5re. Noe som kan inspirere deg og vise deg de uendelige mulighetene som ligger i 3D-visualisering.<\/p>\n\n\n\n<h3 class=\"wp-block-heading has-text-align-center has-black-color has-text-color\">Bevist arbeidsprosess<\/h3>\n\n\n\n<p class=\"has-text-align-center ghostkit-custom-ZhmtSX has-black-color has-text-color\">Hvert prosjekt starter med et oppstartsm\u00f8te der vi samler inn dine \u00f8nsker om prosjektet og den tiltenkte m\u00e5lgruppen. P\u00e5 bakgrunn av dette skapes en persona som representerer kunden din, og som danner grunnlaget for alt fra interi\u00f8rdesign, kameravinkler og lyssetting. Vi har en tydelig pipeline for produksjon som minimerer un\u00f8dvendige feil, slik at du f\u00e5r produktvisualiseringene dine i tide.<\/p>\n\n\n\n<h3 class=\"wp-block-heading has-text-align-center has-black-color has-text-color\">Et grensesnitt<\/h3>\n\n\n\n<p class=\"has-text-align-center ghostkit-custom-2pcIen has-black-color has-text-color\">Studio3D kan dekke alle roller for et vellykket visualiseringsprosjekt. Vi har strateger, prosjektledere, interi\u00f8rdesignere og 3D-artister in-house. Unng\u00e5 bryet med \u00e5 synkronisere ulike byr\u00e5er med hverandre, og overlat styringen til oss. Du har bare \u00e9n kontaktperson, og vi tar oss av alt bak kulissene uten at du trenger \u00e5 tenke p\u00e5 det.<\/p>\n\n\n\n<h3 class=\"wp-block-heading has-text-align-center has-black-color has-text-color\">Rimelig<\/h3>\n\n\n\n<p class=\"has-text-align-center ghostkit-custom-Z1k8NBP has-black-color has-text-color\">Arkitektoniske visualiseringer med Studio3D er rimelige. Erfaring og en tydelig arbeidsprosess gj\u00f8r at vi kan tilby bildeproduksjon til gode priser med garantert resultat. Ingen skjulte kostnader eller tillegg, vi er s\u00e5 komfortable i v\u00e5r produksjon at vi alltid tilbyr faste priser.<\/p>\n<\/div><\/div>\n\n\n\n<div style=\"height:50px\" aria-hidden=\"true\" class=\"wp-block-spacer\"><\/div>\n<\/div><\/div>\n\n\n<section class=\"portfolio-snippet\">\n                        <h2>Portef\u00f8ljeprosjekt med produktet<\/h2>\n                        <div class=\"portfolio-snippet-gallery\">\n                            <article class=\"gallery-item\" aria-label=\"Birdcage - Open Studio Stockholm\" data-id=\"3406\">\n                    <a href=\"https:\/\/studio3d.se\/no\/portfolio\/birdcage-open-studio-stockholm\/\">\n                        <img decoding=\"async\" width=\"2500\" height=\"1406\" src=\"https:\/\/studio3d.se\/wp-content\/uploads\/2024\/09\/visualisering-birdcage_zero_Indian_500ml-01.jpg\" class=\"attachment-3406 size-3406 wp-post-image\" alt=\"Visualisering av en flaske tonicvann\" srcset=\"https:\/\/studio3d.se\/wp-content\/uploads\/2024\/09\/visualisering-birdcage_zero_Indian_500ml-01.jpg 2500w, https:\/\/studio3d.se\/wp-content\/uploads\/2024\/09\/visualisering-birdcage_zero_Indian_500ml-01-768x432.jpg 768w, https:\/\/studio3d.se\/wp-content\/uploads\/2024\/09\/visualisering-birdcage_zero_Indian_500ml-01-1024x576.jpg 1024w, https:\/\/studio3d.se\/wp-content\/uploads\/2024\/09\/visualisering-birdcage_zero_Indian_500ml-01-336x189.jpg 336w, https:\/\/studio3d.se\/wp-content\/uploads\/2024\/09\/visualisering-birdcage_zero_Indian_500ml-01-1536x864.jpg 1536w, https:\/\/studio3d.se\/wp-content\/uploads\/2024\/09\/visualisering-birdcage_zero_Indian_500ml-01-2048x1152.jpg 2048w, https:\/\/studio3d.se\/wp-content\/uploads\/2024\/09\/visualisering-birdcage_zero_Indian_500ml-01-18x10.jpg 18w, https:\/\/studio3d.se\/wp-content\/uploads\/2024\/09\/visualisering-birdcage_zero_Indian_500ml-01-1312x738.jpg 1312w, https:\/\/studio3d.se\/wp-content\/uploads\/2024\/09\/visualisering-birdcage_zero_Indian_500ml-01-1610x905.jpg 1610w, https:\/\/studio3d.se\/wp-content\/uploads\/2024\/09\/visualisering-birdcage_zero_Indian_500ml-01-1479x832.jpg 1479w\" sizes=\"(max-width: 2500px) 100vw, 2500px\" \/>                        <h3>Birdcage - Open Studio Stockholm<\/h3>\n                    <\/a>\n                <\/article>\n                            <article class=\"gallery-item\" aria-label=\"Batterier - Gr\u00e4nges\" data-id=\"4246\">\n                    <a href=\"https:\/\/studio3d.se\/no\/portfolio\/batterier-granges\/\">\n                        <img decoding=\"async\" width=\"2500\" height=\"1768\" src=\"https:\/\/studio3d.se\/wp-content\/uploads\/2025\/03\/visualisering_granges_car_batteri.jpg\" class=\"attachment-4246 size-4246 wp-post-image\" alt=\"Visualisering av bilbatterier for Gr\u00e4nges\" srcset=\"https:\/\/studio3d.se\/wp-content\/uploads\/2025\/03\/visualisering_granges_car_batteri.jpg 2500w, https:\/\/studio3d.se\/wp-content\/uploads\/2025\/03\/visualisering_granges_car_batteri-768x543.jpg 768w, https:\/\/studio3d.se\/wp-content\/uploads\/2025\/03\/visualisering_granges_car_batteri-1024x724.jpg 1024w, https:\/\/studio3d.se\/wp-content\/uploads\/2025\/03\/visualisering_granges_car_batteri-336x238.jpg 336w, https:\/\/studio3d.se\/wp-content\/uploads\/2025\/03\/visualisering_granges_car_batteri-1536x1086.jpg 1536w, https:\/\/studio3d.se\/wp-content\/uploads\/2025\/03\/visualisering_granges_car_batteri-2048x1448.jpg 2048w, https:\/\/studio3d.se\/wp-content\/uploads\/2025\/03\/visualisering_granges_car_batteri-18x12.jpg 18w, https:\/\/studio3d.se\/wp-content\/uploads\/2025\/03\/visualisering_granges_car_batteri-1312x928.jpg 1312w, https:\/\/studio3d.se\/wp-content\/uploads\/2025\/03\/visualisering_granges_car_batteri-1610x1139.jpg 1610w, https:\/\/studio3d.se\/wp-content\/uploads\/2025\/03\/visualisering_granges_car_batteri-1176x832.jpg 1176w\" sizes=\"(max-width: 2500px) 100vw, 2500px\" \/>                        <h3>Batterier - Gr\u00e4nges<\/h3>\n                    <\/a>\n                <\/article>\n                            <article class=\"gallery-item\" aria-label=\"Five Oceans - Svenska Kr\u00e4mfabriken\" data-id=\"1663\">\n                    <a href=\"https:\/\/studio3d.se\/no\/portfolio\/five-oceans-svenska-kramfabriken\/\">\n                        <img decoding=\"async\" width=\"2000\" height=\"2000\" src=\"https:\/\/studio3d.se\/wp-content\/uploads\/2023\/09\/visualisering-five-oceans-produkt-4-sq.png\" class=\"attachment-1663 size-1663 wp-post-image\" alt=\"Produktvisualisering av vaskemidler for Five Oceans\" srcset=\"https:\/\/studio3d.se\/wp-content\/uploads\/2023\/09\/visualisering-five-oceans-produkt-4-sq.png 2000w, https:\/\/studio3d.se\/wp-content\/uploads\/2023\/09\/visualisering-five-oceans-produkt-4-sq-768x768.png 768w, https:\/\/studio3d.se\/wp-content\/uploads\/2023\/09\/visualisering-five-oceans-produkt-4-sq-1024x1024.png 1024w, https:\/\/studio3d.se\/wp-content\/uploads\/2023\/09\/visualisering-five-oceans-produkt-4-sq-336x336.png 336w, https:\/\/studio3d.se\/wp-content\/uploads\/2023\/09\/visualisering-five-oceans-produkt-4-sq-1536x1536.png 1536w, https:\/\/studio3d.se\/wp-content\/uploads\/2023\/09\/visualisering-five-oceans-produkt-4-sq-1312x1312.png 1312w, https:\/\/studio3d.se\/wp-content\/uploads\/2023\/09\/visualisering-five-oceans-produkt-4-sq-1610x1610.png 1610w, https:\/\/studio3d.se\/wp-content\/uploads\/2023\/09\/visualisering-five-oceans-produkt-4-sq-832x832.png 832w\" sizes=\"(max-width: 2000px) 100vw, 2000px\" \/>                        <h3>Five Oceans - Svenska Kr\u00e4mfabriken<\/h3>\n                    <\/a>\n                <\/article>\n                            <article class=\"gallery-item\" aria-label=\"Kraftl\u00f8sninger - Comsys\" data-id=\"1640\">\n                    <a href=\"https:\/\/studio3d.se\/no\/portfolio\/stromlosningar-comsys\/\">\n                        <img decoding=\"async\" width=\"2500\" height=\"1875\" src=\"https:\/\/studio3d.se\/wp-content\/uploads\/2023\/09\/visualisering-comsys-produkt-4.png\" class=\"attachment-1640 size-1640 wp-post-image\" alt=\"Produktvisualisering av kraftl\u00f8sninger for Comsys\" srcset=\"https:\/\/studio3d.se\/wp-content\/uploads\/2023\/09\/visualisering-comsys-produkt-4.png 2500w, https:\/\/studio3d.se\/wp-content\/uploads\/2023\/09\/visualisering-comsys-produkt-4-768x576.png 768w, https:\/\/studio3d.se\/wp-content\/uploads\/2023\/09\/visualisering-comsys-produkt-4-1024x768.png 1024w, https:\/\/studio3d.se\/wp-content\/uploads\/2023\/09\/visualisering-comsys-produkt-4-336x252.png 336w, https:\/\/studio3d.se\/wp-content\/uploads\/2023\/09\/visualisering-comsys-produkt-4-1536x1152.png 1536w, https:\/\/studio3d.se\/wp-content\/uploads\/2023\/09\/visualisering-comsys-produkt-4-2048x1536.png 2048w, https:\/\/studio3d.se\/wp-content\/uploads\/2023\/09\/visualisering-comsys-produkt-4-1312x984.png 1312w, https:\/\/studio3d.se\/wp-content\/uploads\/2023\/09\/visualisering-comsys-produkt-4-1610x1208.png 1610w, https:\/\/studio3d.se\/wp-content\/uploads\/2023\/09\/visualisering-comsys-produkt-4-1109x832.png 1109w\" sizes=\"(max-width: 2500px) 100vw, 2500px\" \/>                        <h3>Kraftl\u00f8sninger - Comsys<\/h3>\n                    <\/a>\n                <\/article>\n                    \n        <\/div>\n        <div style=\"display:flex;gap:16px;align-items:center;\">\n        <a href=\"https:\/\/studio3d.se\/no\/portfolio\/?primary=produkt\" class=\"button-link\">Portef\u00f8lje<\/a>\n             <\/div>\n<\/section>","protected":false},"excerpt":{"rendered":"<p>Visualiseringene v\u00e5re er like realistiske som bilder, og kan ofte gi en rekke effektivitetsgevinster i produksjonen. Vi kan ogs\u00e5 garantere n\u00f8yaktig samme vinkler og lysforhold mellom beslektede produkter.<\/p>","protected":false},"author":4,"featured_media":1031,"parent":1028,"menu_order":1,"comment_status":"closed","ping_status":"closed","template":"","meta":{"_acf_changed":false,"inline_featured_image":false,"ghostkit_customizer_options":"","ghostkit_custom_css":"","ghostkit_custom_js_head":"","ghostkit_custom_js_foot":"","ghostkit_typography":"","footnotes":""},"class_list":["post-1030","page","type-page","status-publish","has-post-thumbnail","hentry"],"acf":[],"_links":{"self":[{"href":"https:\/\/studio3d.se\/no\/wp-json\/wp\/v2\/pages\/1030","targetHints":{"allow":["GET"]}}],"collection":[{"href":"https:\/\/studio3d.se\/no\/wp-json\/wp\/v2\/pages"}],"about":[{"href":"https:\/\/studio3d.se\/no\/wp-json\/wp\/v2\/types\/page"}],"author":[{"embeddable":true,"href":"https:\/\/studio3d.se\/no\/wp-json\/wp\/v2\/users\/4"}],"replies":[{"embeddable":true,"href":"https:\/\/studio3d.se\/no\/wp-json\/wp\/v2\/comments?post=1030"}],"version-history":[{"count":7,"href":"https:\/\/studio3d.se\/no\/wp-json\/wp\/v2\/pages\/1030\/revisions"}],"predecessor-version":[{"id":5052,"href":"https:\/\/studio3d.se\/no\/wp-json\/wp\/v2\/pages\/1030\/revisions\/5052"}],"up":[{"embeddable":true,"href":"https:\/\/studio3d.se\/no\/wp-json\/wp\/v2\/pages\/1028"}],"wp:featuredmedia":[{"embeddable":true,"href":"https:\/\/studio3d.se\/no\/wp-json\/wp\/v2\/media\/1031"}],"wp:attachment":[{"href":"https:\/\/studio3d.se\/no\/wp-json\/wp\/v2\/media?parent=1030"}],"curies":[{"name":"wp","href":"https:\/\/api.w.org\/{rel}","templated":true}]}}