{"id":1028,"date":"2023-08-24T08:56:09","date_gmt":"2023-08-24T06:56:09","guid":{"rendered":"https:\/\/studio3d.se\/?page_id=1028"},"modified":"2025-08-14T15:40:01","modified_gmt":"2025-08-14T13:40:01","slug":"3d-visualisering","status":"publish","type":"page","link":"https:\/\/studio3d.se\/no\/tjanster\/produkt\/3d-visualisering\/","title":{"rendered":"3D Visualisering"},"content":{"rendered":"<div class=\"wp-block-cover alignfull\"><span aria-hidden=\"true\" class=\"wp-block-cover__background has-black-background-color has-background-dim-30 has-background-dim\"><\/span><img decoding=\"async\" width=\"2500\" height=\"1768\" src=\"https:\/\/studio3d.se\/wp-content\/uploads\/2023\/08\/studio3d-produkt-tjanst-visualisering.jpg\" class=\"wp-block-cover__image-background wp-post-image\" alt=\"Produktvisualisering av peis i omgivelser\" data-object-fit=\"cover\" data-object-position=\"50% 31%\" style=\"object-position:50% 31%;\" srcset=\"https:\/\/studio3d.se\/wp-content\/uploads\/2023\/08\/studio3d-produkt-tjanst-visualisering.jpg 2500w, https:\/\/studio3d.se\/wp-content\/uploads\/2023\/08\/studio3d-produkt-tjanst-visualisering-768x543.jpg 768w, https:\/\/studio3d.se\/wp-content\/uploads\/2023\/08\/studio3d-produkt-tjanst-visualisering-1024x724.jpg 1024w, https:\/\/studio3d.se\/wp-content\/uploads\/2023\/08\/studio3d-produkt-tjanst-visualisering-336x238.jpg 336w, https:\/\/studio3d.se\/wp-content\/uploads\/2023\/08\/studio3d-produkt-tjanst-visualisering-1536x1086.jpg 1536w, https:\/\/studio3d.se\/wp-content\/uploads\/2023\/08\/studio3d-produkt-tjanst-visualisering-2048x1448.jpg 2048w, https:\/\/studio3d.se\/wp-content\/uploads\/2023\/08\/studio3d-produkt-tjanst-visualisering-1312x928.jpg 1312w, https:\/\/studio3d.se\/wp-content\/uploads\/2023\/08\/studio3d-produkt-tjanst-visualisering-1610x1139.jpg 1610w, https:\/\/studio3d.se\/wp-content\/uploads\/2023\/08\/studio3d-produkt-tjanst-visualisering-1176x832.jpg 1176w\" sizes=\"(max-width: 2500px) 100vw, 2500px\" \/><div class=\"wp-block-cover__inner-container is-layout-flow wp-block-cover-is-layout-flow\">\n<h1 class=\"wp-block-heading has-text-align-center has-white-color has-text-color has-large-font-size\" id=\"3d-visualisering\">3D Visualisering<\/h1>\n<\/div><\/div>\n\n\n\n<div class=\"wp-block-group ghostkit-custom-55TvO\"><div class=\"wp-block-group__inner-container is-layout-constrained wp-block-group-is-layout-constrained\"><ol class=\"breadcrumbs\">\n            <li class=\"\"><a href=\"https:\/\/studio3d.se\/no\/\">3D Visualisering<\/a><\/li>\n    <\/ol>\n\n\n\n<div style=\"height:50px\" aria-hidden=\"true\" class=\"wp-block-spacer\"><\/div>\n\n\n\n<div class=\"wp-block-group center ghostkit-custom-Z9TJjX\"><div class=\"wp-block-group__inner-container is-layout-constrained wp-block-group-is-layout-constrained\">\n<h2 class=\"wp-block-heading has-text-align-center\" id=\"hur-gar-det-till\">Vi kan 3D-visualisering<\/h2>\n\n\n\n<p class=\"has-text-align-center ghostkit-custom-AQKtE has-black-color has-text-color\">I Studio3D har vi i over 10 \u00e5r videreutviklet v\u00e5rt produkttilbud og v\u00e5r arbeidsmodell med visualiseringer som kjernevirksomhet. Med kreative prosjektledere, interi\u00f8rarkitekter og designere kan vi skape alle typer visualiseringer som kreves for en vellykket kundeopplevelse.<\/p>\n<\/div><\/div>\n<\/div><\/div>\n\n\n<section class=\"services-wrapper\">\r\n                    <article class=\"services-item\">\r\n            <a href=\"https:\/\/studio3d.se\/no\/tjanster\/produkt\/3d-visualisering\/\">\r\n                <div class=\"service-thumbnail-wrapper\">\r\n                    <img decoding=\"async\" width=\"2500\" height=\"1768\" src=\"https:\/\/studio3d.se\/wp-content\/uploads\/2023\/08\/studio3d-produkt-tjanst-visualisering.jpg\" class=\"attachment-post-thumbnail size-post-thumbnail wp-post-image\" alt=\"Produktvisualisering av peis i omgivelser\" srcset=\"https:\/\/studio3d.se\/wp-content\/uploads\/2023\/08\/studio3d-produkt-tjanst-visualisering.jpg 2500w, https:\/\/studio3d.se\/wp-content\/uploads\/2023\/08\/studio3d-produkt-tjanst-visualisering-768x543.jpg 768w, https:\/\/studio3d.se\/wp-content\/uploads\/2023\/08\/studio3d-produkt-tjanst-visualisering-1024x724.jpg 1024w, https:\/\/studio3d.se\/wp-content\/uploads\/2023\/08\/studio3d-produkt-tjanst-visualisering-336x238.jpg 336w, https:\/\/studio3d.se\/wp-content\/uploads\/2023\/08\/studio3d-produkt-tjanst-visualisering-1536x1086.jpg 1536w, https:\/\/studio3d.se\/wp-content\/uploads\/2023\/08\/studio3d-produkt-tjanst-visualisering-2048x1448.jpg 2048w, https:\/\/studio3d.se\/wp-content\/uploads\/2023\/08\/studio3d-produkt-tjanst-visualisering-1312x928.jpg 1312w, https:\/\/studio3d.se\/wp-content\/uploads\/2023\/08\/studio3d-produkt-tjanst-visualisering-1610x1139.jpg 1610w, https:\/\/studio3d.se\/wp-content\/uploads\/2023\/08\/studio3d-produkt-tjanst-visualisering-1176x832.jpg 1176w\" sizes=\"(max-width: 2500px) 100vw, 2500px\" \/>                <\/div>\r\n                <h2>3D Visualisering<\/h2>\r\n                <p>Visualisering er fortsatt v\u00e5r kjernevirksomhet, og det er ikke s\u00e5 rart. Et bilde sier mer enn tusen ord. Vi leverer en rekke produkter og digitale l\u00f8sninger p\u00e5 dette omr\u00e5det.<\/p>\r\n                <span class=\"button-link\">Les mer om dette<\/span>\r\n            <\/a>\r\n        <\/article>\r\n                    <article class=\"services-item\">\r\n            <a href=\"https:\/\/studio3d.se\/no\/tjanster\/produkt\/video\/\">\r\n                <div class=\"service-thumbnail-wrapper\" style=\"--icon: url(https:\/\/studio3d.se\/wp-content\/uploads\/2023\/08\/icon-video-light.svg);\" >\r\n                    <img decoding=\"async\" width=\"1768\" height=\"2500\" src=\"https:\/\/studio3d.se\/wp-content\/uploads\/2023\/08\/studio3d-produkt-tjanst-video.jpg\" class=\"attachment-post-thumbnail size-post-thumbnail wp-post-image\" alt=\"Stillbilde fra video\" srcset=\"https:\/\/studio3d.se\/wp-content\/uploads\/2023\/08\/studio3d-produkt-tjanst-video.jpg 1768w, https:\/\/studio3d.se\/wp-content\/uploads\/2023\/08\/studio3d-produkt-tjanst-video-543x768.jpg 543w, https:\/\/studio3d.se\/wp-content\/uploads\/2023\/08\/studio3d-produkt-tjanst-video-724x1024.jpg 724w, https:\/\/studio3d.se\/wp-content\/uploads\/2023\/08\/studio3d-produkt-tjanst-video-238x336.jpg 238w, https:\/\/studio3d.se\/wp-content\/uploads\/2023\/08\/studio3d-produkt-tjanst-video-768x1086.jpg 768w, https:\/\/studio3d.se\/wp-content\/uploads\/2023\/08\/studio3d-produkt-tjanst-video-1086x1536.jpg 1086w, https:\/\/studio3d.se\/wp-content\/uploads\/2023\/08\/studio3d-produkt-tjanst-video-1448x2048.jpg 1448w, https:\/\/studio3d.se\/wp-content\/uploads\/2023\/08\/studio3d-produkt-tjanst-video-928x1312.jpg 928w, https:\/\/studio3d.se\/wp-content\/uploads\/2023\/08\/studio3d-produkt-tjanst-video-1139x1610.jpg 1139w, https:\/\/studio3d.se\/wp-content\/uploads\/2023\/08\/studio3d-produkt-tjanst-video-588x832.jpg 588w\" sizes=\"(max-width: 1768px) 100vw, 1768px\" \/>                <\/div>\r\n                <h2>Video<\/h2>\r\n                <p>Vi tilbyr og utvider stadig v\u00e5rt utvalg av bevegelige 3D-visualiseringer, og kan tilby en rekke ulike l\u00f8sninger som passer til ditt produkt. Selv korte og enkle klipp kan, sammen med riktig musikk og redigering, bli fantastiske verkt\u00f8y i din digitale markedsf\u00f8ring.<\/p>\r\n                <span class=\"button-link\">Les mer om dette<\/span>\r\n            <\/a>\r\n        <\/article>\r\n                    <article class=\"services-item\">\r\n            <a href=\"https:\/\/studio3d.se\/no\/tjanster\/produkt\/designstudion\/\">\r\n                <div class=\"service-thumbnail-wrapper\" style=\"--icon: url(https:\/\/studio3d.se\/wp-content\/uploads\/2023\/08\/icon-konfigurator-light.svg);\" >\r\n                    <img decoding=\"async\" width=\"2500\" height=\"2500\" src=\"https:\/\/studio3d.se\/wp-content\/uploads\/2025\/07\/designstudion_banner_material_palette_01-flipped.jpg\" class=\"attachment-post-thumbnail size-post-thumbnail wp-post-image\" alt=\"Visualisering av materialpall for Tarkett\" srcset=\"https:\/\/studio3d.se\/wp-content\/uploads\/2025\/07\/designstudion_banner_material_palette_01-flipped.jpg 2500w, https:\/\/studio3d.se\/wp-content\/uploads\/2025\/07\/designstudion_banner_material_palette_01-flipped-768x768.jpg 768w, https:\/\/studio3d.se\/wp-content\/uploads\/2025\/07\/designstudion_banner_material_palette_01-flipped-1024x1024.jpg 1024w, https:\/\/studio3d.se\/wp-content\/uploads\/2025\/07\/designstudion_banner_material_palette_01-flipped-336x336.jpg 336w, https:\/\/studio3d.se\/wp-content\/uploads\/2025\/07\/designstudion_banner_material_palette_01-flipped-1536x1536.jpg 1536w, https:\/\/studio3d.se\/wp-content\/uploads\/2025\/07\/designstudion_banner_material_palette_01-flipped-2048x2048.jpg 2048w, https:\/\/studio3d.se\/wp-content\/uploads\/2025\/07\/designstudion_banner_material_palette_01-flipped-12x12.jpg 12w, https:\/\/studio3d.se\/wp-content\/uploads\/2025\/07\/designstudion_banner_material_palette_01-flipped-1312x1312.jpg 1312w, https:\/\/studio3d.se\/wp-content\/uploads\/2025\/07\/designstudion_banner_material_palette_01-flipped-1610x1610.jpg 1610w, https:\/\/studio3d.se\/wp-content\/uploads\/2025\/07\/designstudion_banner_material_palette_01-flipped-832x832.jpg 832w\" sizes=\"(max-width: 2500px) 100vw, 2500px\" \/>                <\/div>\r\n                <h2>DesignStudion<\/h2>\r\n                <p>Visualisering er fortsatt v\u00e5r kjernevirksomhet, og det er ikke s\u00e5 rart. Et bilde sier mer enn tusen ord. Vi leverer en rekke produkter og digitale l\u00f8sninger p\u00e5 dette omr\u00e5det.<\/p>\r\n                <span class=\"button-link\">Les mer om dette<\/span>\r\n            <\/a>\r\n        <\/article>\r\n                    <article class=\"services-item\">\r\n            <a href=\"https:\/\/studio3d.se\/no\/tjanster\/produkt\/3d-modell\/\">\r\n                <div class=\"service-thumbnail-wrapper\">\r\n                    <img decoding=\"async\" width=\"2500\" height=\"2500\" src=\"https:\/\/studio3d.se\/wp-content\/uploads\/2023\/11\/studio3d-produkt-tjanst-modell.jpg\" class=\"attachment-post-thumbnail size-post-thumbnail wp-post-image\" alt=\"Eksponert produktbilde\" srcset=\"https:\/\/studio3d.se\/wp-content\/uploads\/2023\/11\/studio3d-produkt-tjanst-modell.jpg 2500w, https:\/\/studio3d.se\/wp-content\/uploads\/2023\/11\/studio3d-produkt-tjanst-modell-768x768.jpg 768w, https:\/\/studio3d.se\/wp-content\/uploads\/2023\/11\/studio3d-produkt-tjanst-modell-1024x1024.jpg 1024w, https:\/\/studio3d.se\/wp-content\/uploads\/2023\/11\/studio3d-produkt-tjanst-modell-336x336.jpg 336w, https:\/\/studio3d.se\/wp-content\/uploads\/2023\/11\/studio3d-produkt-tjanst-modell-1536x1536.jpg 1536w, https:\/\/studio3d.se\/wp-content\/uploads\/2023\/11\/studio3d-produkt-tjanst-modell-2048x2048.jpg 2048w, https:\/\/studio3d.se\/wp-content\/uploads\/2023\/11\/studio3d-produkt-tjanst-modell-12x12.jpg 12w, https:\/\/studio3d.se\/wp-content\/uploads\/2023\/11\/studio3d-produkt-tjanst-modell-1312x1312.jpg 1312w, https:\/\/studio3d.se\/wp-content\/uploads\/2023\/11\/studio3d-produkt-tjanst-modell-1610x1610.jpg 1610w, https:\/\/studio3d.se\/wp-content\/uploads\/2023\/11\/studio3d-produkt-tjanst-modell-832x832.jpg 832w\" sizes=\"(max-width: 2500px) 100vw, 2500px\" \/>                <\/div>\r\n                <h2>3D Modell<\/h2>\r\n                <p>For \u00e5 optimalisere kundeopplevelsen og gi interi\u00f8rarkitekter et insentiv til \u00e5 bruke produktene dine, er det viktig \u00e5 ha gode 3D-versjoner av sortimentet ditt. Vi kan hjelpe deg med \u00e5 lage digitale versjoner av produktene dine til BIM-biblioteker, 3D-visere eller enkle visualiseringer.<\/p>\r\n                <span class=\"button-link\">Les mer om dette<\/span>\r\n            <\/a>\r\n        <\/article>\r\n    <\/section>\n\n\n\n<div class=\"wp-block-group ghostkit-custom-Z1VvSCh\"><div class=\"wp-block-group__inner-container is-layout-constrained wp-block-group-is-layout-constrained\">\n<div style=\"height:75px\" aria-hidden=\"true\" class=\"wp-block-spacer\"><\/div>\n\n\n\n<div class=\"wp-block-group center ghostkit-custom-Z2FUPi\"><div class=\"wp-block-group__inner-container is-layout-constrained wp-block-group-is-layout-constrained\">\n<h2 class=\"wp-block-heading has-text-align-center\" id=\"hur-gar-det-till\">Hvorfor visualisere med Studio3D?<\/h2>\n\n\n\n<div style=\"height:25px\" aria-hidden=\"true\" class=\"wp-block-spacer\"><\/div>\n\n\n\n<h3 class=\"wp-block-heading has-text-align-center has-black-color has-text-color\">Erfaring<\/h3>\n\n\n\n<p class=\"has-text-align-center ghostkit-custom-ZPV6ab has-black-color has-text-color\">Vi er stolte av \u00e5 kunne kalle oss mer enn et visualiseringsbyr\u00e5, men det betyr ikke at vi har mistet lidenskapen for kjernevirksomheten v\u00e5r. Vi er de f\u00f8rste til \u00e5 innse at digital bildeproduksjon ikke egner seg for alle typer produkter. Kl\u00e6r er et typisk eksempel der en fotograf ofte kan v\u00e6re sv\u00e6rt effektiv sammenlignet med en digital produksjon, men det finnes en mengde produkter der 3D-visualisering kan gi en enorm effektivisering, kostnadsbesparelser eller i noen tilfeller muliggj\u00f8re bildeproduksjon som ikke engang ville v\u00e6rt mulig fysisk.<\/p>\n\n\n\n<p class=\"has-text-align-center ghostkit-custom-2lt05c has-black-color has-text-color\">I dag arbeider vi med alt fra m\u00f8bler og forbrukerelektronikk til industrielle systemer og maskiner. Vi kan tilby en str\u00f8mlinjeformet produksjon av perfekte, frittst\u00e5ende <a href=\"https:\/\/studio3d.se\/no\/produkt\/tjenester\/visualisering\/produktvisualisering\/\" data-type=\"page\" data-id=\"1030\">renovering av studio<\/a>, interessant <a href=\"https:\/\/studio3d.se\/no\/produkt\/tjenester\/visualisering\/miljovisualisering\/\" data-type=\"page\" data-id=\"1033\">milj\u00f8bilder<\/a> som fremhever produktet ditt p\u00e5 best mulig m\u00e5te, og en rekke andre kreative visualiseringsl\u00f8sninger. Ta en titt p\u00e5 portef\u00f8ljen v\u00e5r for \u00e5 se hvordan ulike kunder har brukt tjenestene v\u00e5re. Noe som kan inspirere deg og vise deg de uendelige mulighetene som ligger i 3D-visualisering.<\/p>\n\n\n\n<h3 class=\"wp-block-heading has-text-align-center has-black-color has-text-color\">Bevist arbeidsprosess<\/h3>\n\n\n\n<p class=\"has-text-align-center ghostkit-custom-ZhmtSX has-black-color has-text-color\">Hvert prosjekt starter med et oppstartsm\u00f8te der vi samler inn dine \u00f8nsker om prosjektet og den tiltenkte m\u00e5lgruppen. P\u00e5 bakgrunn av dette skapes en persona som representerer kunden din, og som danner grunnlaget for alt fra interi\u00f8rdesign, kameravinkler og lyssetting. Vi har en tydelig pipeline for produksjon som minimerer un\u00f8dvendige feil, slik at du f\u00e5r produktvisualiseringene dine i tide.<\/p>\n\n\n\n<h3 class=\"wp-block-heading has-text-align-center has-black-color has-text-color\">Et grensesnitt<\/h3>\n\n\n\n<p class=\"has-text-align-center ghostkit-custom-2pcIen has-black-color has-text-color\">Studio3D kan dekke alle roller for et vellykket visualiseringsprosjekt. Vi har strateger, prosjektledere, interi\u00f8rdesignere og 3D-artister in-house. Unng\u00e5 bryet med \u00e5 synkronisere ulike byr\u00e5er med hverandre, og overlat styringen til oss. Du har bare \u00e9n kontaktperson, og vi tar oss av alt bak kulissene uten at du trenger \u00e5 tenke p\u00e5 det.<\/p>\n\n\n\n<h3 class=\"wp-block-heading has-text-align-center has-black-color has-text-color\">Rimelig<\/h3>\n\n\n\n<p class=\"has-text-align-center ghostkit-custom-Z1k8NBP has-black-color has-text-color\">Arkitektoniske visualiseringer med Studio3D er rimelige. Erfaring og en tydelig arbeidsprosess gj\u00f8r at vi kan tilby bildeproduksjon til gode priser med garantert resultat. Ingen skjulte kostnader eller tillegg, vi er s\u00e5 komfortable i v\u00e5r produksjon at vi alltid tilbyr faste priser.<\/p>\n\n\n\n<h2 class=\"wp-block-heading has-text-align-center\" id=\"vill-du-fa-inspiration\">Vil du bli inspirert?<\/h2>\n\n\n\n<p class=\"has-text-align-center\">Vennligst bes\u00f8k v\u00e5r <a href=\"https:\/\/studio3d.se\/no\/portefolje\/?primary=produkt\" data-type=\"page\" data-id=\"11\">portef\u00f8lje<\/a>. Der kan du hente inspirasjon fra v\u00e5re andre kunder.<\/p>\n<\/div><\/div>\n<\/div><\/div>\n\n\n<section class=\"portfolio-snippet\">\n                            <div class=\"portfolio-snippet-gallery\">\n                            <article class=\"gallery-item\" aria-label=\"Desso sikringsfelt - Tarkett\" data-id=\"2504\">\n                    <a href=\"https:\/\/studio3d.se\/no\/portfolio\/desso-fuse-field-tarkett\/\">\n                        <img decoding=\"async\" width=\"2500\" height=\"1768\" src=\"https:\/\/studio3d.se\/wp-content\/uploads\/2024\/04\/studio3d_tarkett_fusefields_01.jpg\" class=\"attachment-2504 size-2504 wp-post-image\" alt=\"3D-visualisering av tekstilgulv i et kontormilj\u00f8\" srcset=\"https:\/\/studio3d.se\/wp-content\/uploads\/2024\/04\/studio3d_tarkett_fusefields_01.jpg 2500w, https:\/\/studio3d.se\/wp-content\/uploads\/2024\/04\/studio3d_tarkett_fusefields_01-768x543.jpg 768w, https:\/\/studio3d.se\/wp-content\/uploads\/2024\/04\/studio3d_tarkett_fusefields_01-1024x724.jpg 1024w, https:\/\/studio3d.se\/wp-content\/uploads\/2024\/04\/studio3d_tarkett_fusefields_01-336x238.jpg 336w, https:\/\/studio3d.se\/wp-content\/uploads\/2024\/04\/studio3d_tarkett_fusefields_01-1536x1086.jpg 1536w, https:\/\/studio3d.se\/wp-content\/uploads\/2024\/04\/studio3d_tarkett_fusefields_01-2048x1448.jpg 2048w, https:\/\/studio3d.se\/wp-content\/uploads\/2024\/04\/studio3d_tarkett_fusefields_01-18x12.jpg 18w, https:\/\/studio3d.se\/wp-content\/uploads\/2024\/04\/studio3d_tarkett_fusefields_01-1312x928.jpg 1312w, https:\/\/studio3d.se\/wp-content\/uploads\/2024\/04\/studio3d_tarkett_fusefields_01-1610x1139.jpg 1610w, https:\/\/studio3d.se\/wp-content\/uploads\/2024\/04\/studio3d_tarkett_fusefields_01-1176x832.jpg 1176w\" sizes=\"(max-width: 2500px) 100vw, 2500px\" \/>                        <h3>Desso sikringsfelt - Tarkett<\/h3>\n                    <\/a>\n                <\/article>\n                            <article class=\"gallery-item\" aria-label=\"\u00d6rsj\u00f6 Belysning - Tell\" data-id=\"2495\">\n                    <a href=\"https:\/\/studio3d.se\/no\/portfolio\/orsjo-belysning-tell\/\">\n                        <img decoding=\"async\" width=\"2500\" height=\"1767\" src=\"https:\/\/studio3d.se\/wp-content\/uploads\/2024\/04\/Studio3d-visualisering-Tell-interior-lounge-detaljbild2.jpg\" class=\"attachment-2495 size-2495 wp-post-image\" alt=\"3D-visualisering av belysningen i salongen - detaljbilde\" srcset=\"https:\/\/studio3d.se\/wp-content\/uploads\/2024\/04\/Studio3d-visualisering-Tell-interior-lounge-detaljbild2.jpg 2500w, https:\/\/studio3d.se\/wp-content\/uploads\/2024\/04\/Studio3d-visualisering-Tell-interior-lounge-detaljbild2-768x543.jpg 768w, https:\/\/studio3d.se\/wp-content\/uploads\/2024\/04\/Studio3d-visualisering-Tell-interior-lounge-detaljbild2-1024x724.jpg 1024w, https:\/\/studio3d.se\/wp-content\/uploads\/2024\/04\/Studio3d-visualisering-Tell-interior-lounge-detaljbild2-336x237.jpg 336w, https:\/\/studio3d.se\/wp-content\/uploads\/2024\/04\/Studio3d-visualisering-Tell-interior-lounge-detaljbild2-1536x1086.jpg 1536w, https:\/\/studio3d.se\/wp-content\/uploads\/2024\/04\/Studio3d-visualisering-Tell-interior-lounge-detaljbild2-2048x1448.jpg 2048w, https:\/\/studio3d.se\/wp-content\/uploads\/2024\/04\/Studio3d-visualisering-Tell-interior-lounge-detaljbild2-18x12.jpg 18w, https:\/\/studio3d.se\/wp-content\/uploads\/2024\/04\/Studio3d-visualisering-Tell-interior-lounge-detaljbild2-1312x927.jpg 1312w, https:\/\/studio3d.se\/wp-content\/uploads\/2024\/04\/Studio3d-visualisering-Tell-interior-lounge-detaljbild2-1610x1138.jpg 1610w, https:\/\/studio3d.se\/wp-content\/uploads\/2024\/04\/Studio3d-visualisering-Tell-interior-lounge-detaljbild2-1177x832.jpg 1177w\" sizes=\"(max-width: 2500px) 100vw, 2500px\" \/>                        <h3>\u00d6rsj\u00f6 Belysning - Tell<\/h3>\n                    <\/a>\n                <\/article>\n                            <article class=\"gallery-item\" aria-label=\"G10 - Audio Pro\" data-id=\"1597\">\n                    <a href=\"https:\/\/studio3d.se\/no\/portfolio\/g10-audio-pro\/\">\n                        <img decoding=\"async\" width=\"2500\" height=\"2500\" src=\"https:\/\/studio3d.se\/wp-content\/uploads\/2023\/09\/visualisering-audiopro-g10-miljovisualisering-2.jpg\" class=\"attachment-1597 size-1597 wp-post-image\" alt=\"Visualisering av milj\u00f8et i Audio Pros G10-h\u00f8yttalere\" srcset=\"https:\/\/studio3d.se\/wp-content\/uploads\/2023\/09\/visualisering-audiopro-g10-miljovisualisering-2.jpg 2500w, https:\/\/studio3d.se\/wp-content\/uploads\/2023\/09\/visualisering-audiopro-g10-miljovisualisering-2-768x768.jpg 768w, https:\/\/studio3d.se\/wp-content\/uploads\/2023\/09\/visualisering-audiopro-g10-miljovisualisering-2-1024x1024.jpg 1024w, https:\/\/studio3d.se\/wp-content\/uploads\/2023\/09\/visualisering-audiopro-g10-miljovisualisering-2-336x336.jpg 336w, https:\/\/studio3d.se\/wp-content\/uploads\/2023\/09\/visualisering-audiopro-g10-miljovisualisering-2-1536x1536.jpg 1536w, https:\/\/studio3d.se\/wp-content\/uploads\/2023\/09\/visualisering-audiopro-g10-miljovisualisering-2-2048x2048.jpg 2048w, https:\/\/studio3d.se\/wp-content\/uploads\/2023\/09\/visualisering-audiopro-g10-miljovisualisering-2-1312x1312.jpg 1312w, https:\/\/studio3d.se\/wp-content\/uploads\/2023\/09\/visualisering-audiopro-g10-miljovisualisering-2-1610x1610.jpg 1610w, https:\/\/studio3d.se\/wp-content\/uploads\/2023\/09\/visualisering-audiopro-g10-miljovisualisering-2-832x832.jpg 832w\" sizes=\"(max-width: 2500px) 100vw, 2500px\" \/>                        <h3>G10 - Audio Pro<\/h3>\n                    <\/a>\n                <\/article>\n                            <article class=\"gallery-item\" aria-label=\"Vedovner - Josef Davidssons\" data-id=\"1572\">\n                    <a href=\"https:\/\/studio3d.se\/no\/portfolio\/vedspisar-josef-davidssons\/\">\n                        <img decoding=\"async\" width=\"2500\" height=\"1768\" src=\"https:\/\/studio3d.se\/wp-content\/uploads\/2023\/09\/studio3d_visualisering_Vedspisar_idun_no1_.jpg\" class=\"attachment-1572 size-1572 wp-post-image\" alt=\"Milj\u00f8visualisering av Idun No1 for Josef Davidssons\" srcset=\"https:\/\/studio3d.se\/wp-content\/uploads\/2023\/09\/studio3d_visualisering_Vedspisar_idun_no1_.jpg 2500w, https:\/\/studio3d.se\/wp-content\/uploads\/2023\/09\/studio3d_visualisering_Vedspisar_idun_no1_-768x543.jpg 768w, https:\/\/studio3d.se\/wp-content\/uploads\/2023\/09\/studio3d_visualisering_Vedspisar_idun_no1_-1024x724.jpg 1024w, https:\/\/studio3d.se\/wp-content\/uploads\/2023\/09\/studio3d_visualisering_Vedspisar_idun_no1_-336x238.jpg 336w, https:\/\/studio3d.se\/wp-content\/uploads\/2023\/09\/studio3d_visualisering_Vedspisar_idun_no1_-1536x1086.jpg 1536w, https:\/\/studio3d.se\/wp-content\/uploads\/2023\/09\/studio3d_visualisering_Vedspisar_idun_no1_-2048x1448.jpg 2048w, https:\/\/studio3d.se\/wp-content\/uploads\/2023\/09\/studio3d_visualisering_Vedspisar_idun_no1_-18x12.jpg 18w, https:\/\/studio3d.se\/wp-content\/uploads\/2023\/09\/studio3d_visualisering_Vedspisar_idun_no1_-1312x928.jpg 1312w, https:\/\/studio3d.se\/wp-content\/uploads\/2023\/09\/studio3d_visualisering_Vedspisar_idun_no1_-1610x1139.jpg 1610w, https:\/\/studio3d.se\/wp-content\/uploads\/2023\/09\/studio3d_visualisering_Vedspisar_idun_no1_-1176x832.jpg 1176w\" sizes=\"(max-width: 2500px) 100vw, 2500px\" \/>                        <h3>Vedovner - Josef Davidssons<\/h3>\n                    <\/a>\n                <\/article>\n                    \n        <\/div>\n        <div style=\"display:flex;gap:16px;align-items:center;\">\n        <a href=\"https:\/\/studio3d.se\/no\/portfolio\/?primary=produkt\" class=\"button-link\">Portef\u00f8lje<\/a>\n             <\/div>\n<\/section>","protected":false},"excerpt":{"rendered":"<p>Visualisering er fortsatt v\u00e5r kjernevirksomhet, og det er ikke s\u00e5 rart. Et bilde sier mer enn tusen ord. Vi leverer en rekke produkter og digitale l\u00f8sninger p\u00e5 dette omr\u00e5det.<\/p>","protected":false},"author":4,"featured_media":1146,"parent":4433,"menu_order":1,"comment_status":"closed","ping_status":"closed","template":"","meta":{"_acf_changed":false,"inline_featured_image":false,"ghostkit_customizer_options":"","ghostkit_custom_css":"","ghostkit_custom_js_head":"","ghostkit_custom_js_foot":"","ghostkit_typography":"","footnotes":""},"class_list":["post-1028","page","type-page","status-publish","has-post-thumbnail","hentry"],"acf":[],"_links":{"self":[{"href":"https:\/\/studio3d.se\/no\/wp-json\/wp\/v2\/pages\/1028","targetHints":{"allow":["GET"]}}],"collection":[{"href":"https:\/\/studio3d.se\/no\/wp-json\/wp\/v2\/pages"}],"about":[{"href":"https:\/\/studio3d.se\/no\/wp-json\/wp\/v2\/types\/page"}],"author":[{"embeddable":true,"href":"https:\/\/studio3d.se\/no\/wp-json\/wp\/v2\/users\/4"}],"replies":[{"embeddable":true,"href":"https:\/\/studio3d.se\/no\/wp-json\/wp\/v2\/comments?post=1028"}],"version-history":[{"count":12,"href":"https:\/\/studio3d.se\/no\/wp-json\/wp\/v2\/pages\/1028\/revisions"}],"predecessor-version":[{"id":5033,"href":"https:\/\/studio3d.se\/no\/wp-json\/wp\/v2\/pages\/1028\/revisions\/5033"}],"up":[{"embeddable":true,"href":"https:\/\/studio3d.se\/no\/wp-json\/wp\/v2\/pages\/4433"}],"wp:featuredmedia":[{"embeddable":true,"href":"https:\/\/studio3d.se\/no\/wp-json\/wp\/v2\/media\/1146"}],"wp:attachment":[{"href":"https:\/\/studio3d.se\/no\/wp-json\/wp\/v2\/media?parent=1028"}],"curies":[{"name":"wp","href":"https:\/\/api.w.org\/{rel}","templated":true}]}}